{"id":7339,"date":"2024-11-04T09:09:26","date_gmt":"2024-11-04T08:09:26","guid":{"rendered":"https:\/\/trastracontainers.com\/?post_type=product&#038;p=7339"},"modified":"2025-05-15T18:19:31","modified_gmt":"2025-05-15T16:19:31","slug":"conteneur-frigorifique-high-cube-neuf-de-40-pieds","status":"publish","type":"product","link":"https:\/\/apts-consmetal.com\/pt\/produto\/conteneur-frigorifique-high-cube-neuf-de-40-pieds\/","title":{"rendered":"Novo cont\u00eainer refrigerado de 40 p\u00e9s de altura"},"content":{"rendered":"<p><span>F\u00e1ceis de consertar, seguros e isolados, eles v\u00eam com recursos padr\u00e3o, incluindo v\u00e1lvula de v\u00e1cuo, piso em formato de T, revestimento interno de alum\u00ednio antiderrapante e um recurso de rastreamento e localiza\u00e7\u00e3o. Al\u00e9m disso, nossos cont\u00eaineres refrigerados HC de 40 p\u00e9s s\u00e3o resistentes a bact\u00e9rias e incrivelmente eficientes. Eles oferecem 1 p\u00e9 de altura extra em rela\u00e7\u00e3o a um cont\u00eainer refrigerado de 40 p\u00e9s e t\u00eam uma capacidade interna total de 2.387 p\u00e9s c\u00fabicos.<\/span><\/p>\n<p><span>Com a capacidade de manter temperaturas m\u00e9dias constantes entre -30\u00b0C e +30\u00b0C*, \u00e9 poss\u00edvel controlar com precis\u00e3o o clima interno dessas unidades para proporcionar um ambiente ideal para as mercadorias. Eles s\u00e3o projetados para armazenar grandes quantidades de estoque perec\u00edvel e s\u00e3o frequentemente usados \u200b\u200bpara manter a qualidade de alimentos, bebidas e equipamentos sens\u00edveis \u00e0 temperatura. As m\u00e1quinas refrigeradas operam em uma faixa de voltagem de 400-500 V, trif\u00e1sica a 60 Hz e 360-460 V, trif\u00e1sica a 50 Hz, e s\u00e3o carregadas com refrigerantes aprovados pelo fabricante.<\/span><\/p>\n<table>\n<thead>\n<tr>\n<th><strong>Categoria<\/strong><\/th>\n<th><strong>Caracter\u00edstica<\/strong><\/th>\n<th><strong>M\u00e9trica<\/strong><\/th>\n<th><strong>Imperial<\/strong><\/th>\n<\/tr>\n<\/thead>\n<tbody>\n<tr>\n<td><strong>Dimens\u00f5es externas<\/strong><\/td>\n<td>Comprimento<\/td>\n<td>12 192 mil\u00edmetros<\/td>\n<td>40\u2032 0,0\u2033<\/td>\n<\/tr>\n<tr>\n<td><\/td>\n<td>Largura<\/td>\n<td>2 438 mil\u00edmetros<\/td>\n<td>8\u2032 0,0\u2033<\/td>\n<\/tr>\n<tr>\n<td><\/td>\n<td>Altura<\/td>\n<td>2 896 mil\u00edmetros<\/td>\n<td>9\u2032 6,0\u2033<\/td>\n<\/tr>\n<tr>\n<td><strong>Dimens\u00f5es internas<\/strong><\/td>\n<td>Comprimento<\/td>\n<td>11 588 mil\u00edmetros<\/td>\n<td>38\u2032 0,2\u2033<\/td>\n<\/tr>\n<tr>\n<td><\/td>\n<td>Largura<\/td>\n<td>2 290 mil\u00edmetros<\/td>\n<td>7\u2032 6,2\u2033<\/td>\n<\/tr>\n<tr>\n<td><\/td>\n<td>Altura<\/td>\n<td>2 547,5 mil\u00edmetros<\/td>\n<td>8\u2032 4,3\u2033<\/td>\n<\/tr>\n<tr>\n<td><strong>Abrindo a porta<\/strong><\/td>\n<td>Largura<\/td>\n<td>2 294 mil\u00edmetros<\/td>\n<td>7\u2032 6,3\u2033<\/td>\n<\/tr>\n<tr>\n<td><\/td>\n<td>Altura<\/td>\n<td>2 569 mil\u00edmetros<\/td>\n<td>8\u2032 5,1\u2033<\/td>\n<\/tr>\n<tr>\n<td><strong>Capacidade e peso<\/strong><\/td>\n<td>Capacidade c\u00fabica interna<\/td>\n<td>67,6 m\u00b3<\/td>\n<td>2 387 pi\u00b3<\/td>\n<\/tr>\n<tr>\n<td><\/td>\n<td>Max Gross<\/td>\n<td>35 000 kg<\/td>\n<td>77 160 libras<\/td>\n<\/tr>\n<tr>\n<td><\/td>\n<td>Carga \u00fatil<\/td>\n<td>30 440 kg<\/td>\n<td>67 110 libras<\/td>\n<\/tr>\n<tr>\n<td><\/td>\n<td>Repelir<\/td>\n<td>4 560 kg<\/td>\n<td>10.050 libras<\/td>\n<\/tr>\n<\/tbody>\n<\/table>","protected":false},"excerpt":{"rendered":"<p><span>Projetados para o armazenamento e transporte seguro no local de grandes quantidades de produtos sens\u00edveis \u00e0 temperatura, os novos cont\u00eaineres refrigerados High Cube de 40 p\u00e9s s\u00e3o resistentes ao vento, \u00e0s intemp\u00e9ries e a pragas.<\/span><\/p>","protected":false},"featured_media":7348,"comment_status":"open","ping_status":"closed","template":"","meta":[],"product_brand":[],"product_cat":[98],"product_tag":[],"class_list":{"0":"post-7339","1":"product","2":"type-product","3":"status-publish","4":"has-post-thumbnail","6":"product_cat-conteneurs-frigorifiques","8":"first","9":"instock","10":"shipping-taxable","11":"purchasable","12":"product-type-simple"},"_links":{"self":[{"href":"https:\/\/apts-consmetal.com\/pt\/wp-json\/wp\/v2\/product\/7339","targetHints":{"allow":["GET"]}}],"collection":[{"href":"https:\/\/apts-consmetal.com\/pt\/wp-json\/wp\/v2\/product"}],"about":[{"href":"https:\/\/apts-consmetal.com\/pt\/wp-json\/wp\/v2\/types\/product"}],"replies":[{"embeddable":true,"href":"https:\/\/apts-consmetal.com\/pt\/wp-json\/wp\/v2\/comments?post=7339"}],"version-history":[{"count":0,"href":"https:\/\/apts-consmetal.com\/pt\/wp-json\/wp\/v2\/product\/7339\/revisions"}],"wp:featuredmedia":[{"embeddable":true,"href":"https:\/\/apts-consmetal.com\/pt\/wp-json\/wp\/v2\/media\/7348"}],"wp:attachment":[{"href":"https:\/\/apts-consmetal.com\/pt\/wp-json\/wp\/v2\/media?parent=7339"}],"wp:term":[{"taxonomy":"product_brand","embeddable":true,"href":"https:\/\/apts-consmetal.com\/pt\/wp-json\/wp\/v2\/product_brand?post=7339"},{"taxonomy":"product_cat","embeddable":true,"href":"https:\/\/apts-consmetal.com\/pt\/wp-json\/wp\/v2\/product_cat?post=7339"},{"taxonomy":"product_tag","embeddable":true,"href":"https:\/\/apts-consmetal.com\/pt\/wp-json\/wp\/v2\/product_tag?post=7339"}],"curies":[{"name":"wp","href":"https:\/\/api.w.org\/{rel}","templated":true}]}}