{"id":6587,"date":"2024-10-16T18:57:42","date_gmt":"2024-10-16T16:57:42","guid":{"rendered":"https:\/\/trastracontainers.com\/?post_type=product&#038;p=6587"},"modified":"2025-05-22T08:04:20","modified_gmt":"2025-05-22T06:04:20","slug":"conteneur-maritime-doccasion-20-pieds","status":"publish","type":"product","link":"https:\/\/apts-consmetal.com\/pt\/produto\/conteneur-maritime-doccasion-20-pieds\/","title":{"rendered":"Cont\u00eainer de transporte usado de 20 p\u00e9s"},"content":{"rendered":"<p>Nossos cont\u00eaineres usados \u200b\u200boferecem uma solu\u00e7\u00e3o econ\u00f4mica e sustent\u00e1vel para suas necessidades de armazenamento e transporte. Dispon\u00edveis em diversos modelos (seco, lateral aberto, porta dupla, cubo alto), eles s\u00e3o projetados para atender a requisitos espec\u00edficos. Cada recipiente \u00e9 inspecionado e testado para garantir o desempenho ideal, mesmo ap\u00f3s o primeiro uso.<\/p>\n<p>Esses cont\u00eaineres vers\u00e1teis s\u00e3o ideais para uma variedade de aplica\u00e7\u00f5es, como armazenamento industrial, convers\u00e3o em espa\u00e7o modular ou transporte seguro de mercadorias. Voc\u00ea encontrar\u00e1 op\u00e7\u00f5es adequadas para projetos que exigem altura extra, acesso lateral total ou abertura dupla para f\u00e1cil manuseio.<\/p>\n<p><strong>Principais caracter\u00edsticas:<\/strong><\/p>\n<ul>\n<li>Dispon\u00edvel nas vers\u00f5es standard e High Cube para maximizar o espa\u00e7o de armazenamento.<\/li>\n<li>Op\u00e7\u00f5es de cont\u00eaineres com portas duplas e acesso lateral para m\u00e1xima flexibilidade.<\/li>\n<li>Resist\u00eancia e durabilidade garantidas pela constru\u00e7\u00e3o em a\u00e7o corten de alta qualidade.<\/li>\n<li>Capacidade de carga de at\u00e9 30.480 kg, ideal para projetos industriais pesados.<\/li>\n<li>Dispon\u00edvel novo e usado, com variantes para atender a todas as necessidades.<\/li>\n<\/ul>\n<p><strong>Aplica\u00e7\u00f5es:<\/strong><\/p>\n<ul>\n<li>Armazenamento tempor\u00e1rio ou permanente de mercadorias<\/li>\n<li>Convers\u00e3o em oficinas, escrit\u00f3rios modulares, refeit\u00f3rios ou espa\u00e7os de vendas tempor\u00e1rios<\/li>\n<li>Transporte seguro de mercadorias sens\u00edveis<\/li>\n<\/ul>\n<p>N\u00e3o importa se voc\u00ea est\u00e1 procurando um cont\u00eainer usado de 20 p\u00e9s seco, aberto, de porta dupla ou de cubo alto, nossos produtos est\u00e3o prontos para entrega r\u00e1pida e para atender \u00e0s suas expectativas mais exigentes.<\/p>","protected":false},"excerpt":{"rendered":"<p>Dispon\u00edveis em diversas condi\u00e7\u00f5es para atender a todas as necessidades, nossos cont\u00eaineres s\u00e3o ideais para transportar mercadorias e armazenamento dom\u00e9stico seguro. Feitos de a\u00e7o corten resistente, eles oferecem durabilidade e resist\u00eancia \u00e0 corros\u00e3o. Com aberturas para circula\u00e7\u00e3o de ar, s\u00e3o vers\u00e1teis e adequados para diversas aplica\u00e7\u00f5es. Aproveite tamb\u00e9m o suporte da nossa rede global, com op\u00e7\u00f5es de drop-shipping para reduzir os custos de envio.<\/p>","protected":false},"featured_media":6589,"comment_status":"open","ping_status":"closed","template":"","meta":[],"product_brand":[],"product_cat":[99],"product_tag":[],"class_list":{"0":"post-6587","1":"product","2":"type-product","3":"status-publish","4":"has-post-thumbnail","6":"product_cat-conteneurs-doccassions","8":"first","9":"instock","10":"shipping-taxable","11":"purchasable","12":"product-type-variable"},"_links":{"self":[{"href":"https:\/\/apts-consmetal.com\/pt\/wp-json\/wp\/v2\/product\/6587","targetHints":{"allow":["GET"]}}],"collection":[{"href":"https:\/\/apts-consmetal.com\/pt\/wp-json\/wp\/v2\/product"}],"about":[{"href":"https:\/\/apts-consmetal.com\/pt\/wp-json\/wp\/v2\/types\/product"}],"replies":[{"embeddable":true,"href":"https:\/\/apts-consmetal.com\/pt\/wp-json\/wp\/v2\/comments?post=6587"}],"version-history":[{"count":0,"href":"https:\/\/apts-consmetal.com\/pt\/wp-json\/wp\/v2\/product\/6587\/revisions"}],"wp:featuredmedia":[{"embeddable":true,"href":"https:\/\/apts-consmetal.com\/pt\/wp-json\/wp\/v2\/media\/6589"}],"wp:attachment":[{"href":"https:\/\/apts-consmetal.com\/pt\/wp-json\/wp\/v2\/media?parent=6587"}],"wp:term":[{"taxonomy":"product_brand","embeddable":true,"href":"https:\/\/apts-consmetal.com\/pt\/wp-json\/wp\/v2\/product_brand?post=6587"},{"taxonomy":"product_cat","embeddable":true,"href":"https:\/\/apts-consmetal.com\/pt\/wp-json\/wp\/v2\/product_cat?post=6587"},{"taxonomy":"product_tag","embeddable":true,"href":"https:\/\/apts-consmetal.com\/pt\/wp-json\/wp\/v2\/product_tag?post=6587"}],"curies":[{"name":"wp","href":"https:\/\/api.w.org\/{rel}","templated":true}]}}