{"id":6390,"date":"2024-10-11T00:38:25","date_gmt":"2024-10-10T22:38:25","guid":{"rendered":"https:\/\/trastracontainers.com\/?post_type=product&#038;p=6390"},"modified":"2025-05-22T08:04:23","modified_gmt":"2025-05-22T06:04:23","slug":"conteneur-maritime-open-side-de-20-pieds-deux-cotes","status":"publish","type":"product","link":"https:\/\/apts-consmetal.com\/pt\/produto\/conteneur-maritime-open-side-de-20-pieds-deux-cotes\/","title":{"rendered":"Novo cont\u00eainer de transporte de 20 p\u00e9s com laterais abertas (dois lados)"},"content":{"rendered":"<p>Le <strong>conteneur maritime Open Side de 20 pieds \u00e0 deux c\u00f4t\u00e9s<\/strong> offre une flexibilit\u00e9 maximale pour le chargement et le d\u00e9chargement, avec des portes sur toute la longueur de <strong>chaque c\u00f4t\u00e9<\/strong>. Id\u00e9al pour des besoins logistiques complexes ou des conversions sp\u00e9ciales, ce mod\u00e8le permet un acc\u00e8s lat\u00e9ral total, offrant une ouverture compl\u00e8te des deux c\u00f4t\u00e9s pour un chargement sans contrainte.<\/p>\n<p>Disponible en hauteur standard et en version High Cube, chaque conteneur est \u00e9quip\u00e9 de coffres-forts sur les portes, de plusieurs \u00e9vents pour assurer une ventilation optimale, ainsi que d\u2019un plancher en contreplaqu\u00e9 marin de haute qualit\u00e9.<\/p>\n<p>Certifi\u00e9s CSC, ces conteneurs sont pr\u00eats pour le transport de fret. Un traitement interne anti-condensation Grafo-therm peut \u00eatre ajout\u00e9 en option pour une protection suppl\u00e9mentaire.<\/p>\n<table>\n<thead>\n<tr>\n<th><strong>Caracter\u00edsticas<\/strong><\/th>\n<th><strong>Dimens\u00f5es Imperiais<\/strong><\/th>\n<th><strong>Dimens\u00f5es m\u00e9tricas<\/strong><\/th>\n<\/tr>\n<\/thead>\n<tbody>\n<tr>\n<td><strong>Dimens\u00f5es externas<\/strong><\/td>\n<td>C 20\u2032 x C 8\u2032 x A 8,6\u2032<\/td>\n<td>C 6,1 m x C 2,4 m x A 2,6 m<\/td>\n<\/tr>\n<tr>\n<td><strong>Volume<\/strong><\/td>\n<td>1.169 pi\u00b3<\/td>\n<td>33,1 m\u00b3<\/td>\n<\/tr>\n<tr>\n<td><strong>Peso vazio<\/strong><\/td>\n<td>5,490 livres<\/td>\n<td>2,490 kg<\/td>\n<\/tr>\n<tr>\n<td><strong>Carga \u00fatil m\u00e1xima<\/strong><\/td>\n<td>47.620 libras<\/td>\n<td>21.620 kg<\/td>\n<\/tr>\n<tr>\n<td><strong>Carga m\u00e1xima<\/strong><\/td>\n<td>52,910 livres<\/td>\n<td>23.970 kg<\/td>\n<\/tr>\n<\/tbody>\n<\/table>","protected":false},"excerpt":{"rendered":"<p>O cont\u00eainer de transporte de dois lados Open Side de 20 p\u00e9s permite acesso lateral total com portas de comprimento total em cada lado. Ideal para opera\u00e7\u00f5es de carga complexas, est\u00e1 dispon\u00edvel em altura padr\u00e3o ou High Cube, equipado com cofres, aberturas para ventila\u00e7\u00e3o ideal e piso de compensado mar\u00edtimo. Certificados pelo CSC, esses cont\u00eaineres est\u00e3o prontos para transporte de carga, com uma op\u00e7\u00e3o adicional de anticondensa\u00e7\u00e3o.<\/p>","protected":false},"featured_media":6346,"comment_status":"open","ping_status":"closed","template":"","meta":[],"product_brand":[],"product_cat":[94,96],"product_tag":[],"class_list":{"0":"post-6390","1":"product","2":"type-product","3":"status-publish","4":"has-post-thumbnail","6":"product_cat-conteneurs-maritimes-neufs","7":"product_cat-moyen","9":"first","10":"instock","11":"shipping-taxable","12":"purchasable","13":"product-type-variable"},"_links":{"self":[{"href":"https:\/\/apts-consmetal.com\/pt\/wp-json\/wp\/v2\/product\/6390","targetHints":{"allow":["GET"]}}],"collection":[{"href":"https:\/\/apts-consmetal.com\/pt\/wp-json\/wp\/v2\/product"}],"about":[{"href":"https:\/\/apts-consmetal.com\/pt\/wp-json\/wp\/v2\/types\/product"}],"replies":[{"embeddable":true,"href":"https:\/\/apts-consmetal.com\/pt\/wp-json\/wp\/v2\/comments?post=6390"}],"version-history":[{"count":0,"href":"https:\/\/apts-consmetal.com\/pt\/wp-json\/wp\/v2\/product\/6390\/revisions"}],"wp:featuredmedia":[{"embeddable":true,"href":"https:\/\/apts-consmetal.com\/pt\/wp-json\/wp\/v2\/media\/6346"}],"wp:attachment":[{"href":"https:\/\/apts-consmetal.com\/pt\/wp-json\/wp\/v2\/media?parent=6390"}],"wp:term":[{"taxonomy":"product_brand","embeddable":true,"href":"https:\/\/apts-consmetal.com\/pt\/wp-json\/wp\/v2\/product_brand?post=6390"},{"taxonomy":"product_cat","embeddable":true,"href":"https:\/\/apts-consmetal.com\/pt\/wp-json\/wp\/v2\/product_cat?post=6390"},{"taxonomy":"product_tag","embeddable":true,"href":"https:\/\/apts-consmetal.com\/pt\/wp-json\/wp\/v2\/product_tag?post=6390"}],"curies":[{"name":"wp","href":"https:\/\/api.w.org\/{rel}","templated":true}]}}