{"id":6375,"date":"2024-10-10T23:41:20","date_gmt":"2024-10-10T21:41:20","guid":{"rendered":"https:\/\/trastracontainers.com\/?post_type=product&#038;p=6375"},"modified":"2025-05-22T08:04:24","modified_gmt":"2025-05-22T06:04:24","slug":"conteneur-maritime-neuf-high-cube-de-10-pieds","status":"publish","type":"product","link":"https:\/\/apts-consmetal.com\/pt\/produto\/conteneur-maritime-neuf-high-cube-de-10-pieds\/","title":{"rendered":"Novo cont\u00eainer de transporte High Cube de 10 p\u00e9s"},"content":{"rendered":"<p>Nossos cont\u00eaineres de transporte <strong>High Cube de 10 pieds<\/strong> offrent une solution de stockage compacte tout en b\u00e9n\u00e9ficiant d\u2019une hauteur suppl\u00e9mentaire avec leurs 9&rsquo;6&Prime; de hauteur ext\u00e9rieure. Parfaits pour les espaces restreints n\u00e9cessitant un volume vertical accru, ces conteneurs High Cube sont id\u00e9aux pour le stockage ou les petites conversions.<\/p>\n<p>Dot\u00e9s de portes simples \u00e0 une extr\u00e9mit\u00e9, ils sont \u00e9galement \u00e9quip\u00e9s d\u2019un coffre-fort, de plusieurs \u00e9vents pour une ventilation optimale, ainsi que d\u2019un plancher en contreplaqu\u00e9 marin de haute qualit\u00e9.<\/p>\n<p>Esses cont\u00eaineres s\u00e3o certificados pelo CSC e est\u00e3o prontos para serem utilizados no transporte de cargas. Um tratamento anticondensa\u00e7\u00e3o Grafo-therm pode ser adicionado como op\u00e7\u00e3o por um custo adicional.<\/p>\n<table>\n<thead>\n<tr>\n<th><strong>Caracter\u00edsticas<\/strong><\/th>\n<th><strong>Dimens\u00f5es Imperiais<\/strong><\/th>\n<th><strong>Dimens\u00f5es m\u00e9tricas<\/strong><\/th>\n<\/tr>\n<\/thead>\n<tbody>\n<tr>\n<td><strong>Dimens\u00f5es externas<\/strong><\/td>\n<td>L 10&prime; x l 8&prime; x H 9,6&prime;<\/td>\n<td>L 3 m x l 2,4 m x H 2,9 m<\/td>\n<\/tr>\n<tr>\n<td><strong>Volume<\/strong><\/td>\n<td>620 pi\u00b3<\/td>\n<td>17,5 m\u00b3<\/td>\n<\/tr>\n<tr>\n<td><strong>Peso vazio<\/strong><\/td>\n<td>3,970 livres<\/td>\n<td>1,800 kg<\/td>\n<\/tr>\n<tr>\n<td><strong>Carga \u00fatil m\u00e1xima<\/strong><\/td>\n<td>22,046 livres<\/td>\n<td>10,000 kg<\/td>\n<\/tr>\n<tr>\n<td><strong>Carga m\u00e1xima<\/strong><\/td>\n<td>26,016 livres<\/td>\n<td>11,800 kg<\/td>\n<\/tr>\n<\/tbody>\n<\/table>","protected":false},"excerpt":{"rendered":"<p>Nossos cont\u00eaineres High Cube de 10 p\u00e9s oferecem uma altura externa de 9&#039;6\u2033 para maior volume vertical. Compactos e pr\u00e1ticos, eles s\u00e3o equipados com portas em uma extremidade, cofres e 10 sa\u00eddas de ar para ventila\u00e7\u00e3o ideal, com piso de compensado mar\u00edtimo. Certificados pelo CSC, est\u00e3o prontos para transporte, com op\u00e7\u00e3o adicional de anticondensa\u00e7\u00e3o.<\/p>","protected":false},"featured_media":6389,"comment_status":"open","ping_status":"closed","template":"","meta":[],"product_brand":[],"product_cat":[94,95],"product_tag":[],"class_list":{"0":"post-6375","1":"product","2":"type-product","3":"status-publish","4":"has-post-thumbnail","6":"product_cat-conteneurs-maritimes-neufs","7":"product_cat-petit","9":"first","10":"instock","11":"shipping-taxable","12":"purchasable","13":"product-type-variable"},"_links":{"self":[{"href":"https:\/\/apts-consmetal.com\/pt\/wp-json\/wp\/v2\/product\/6375","targetHints":{"allow":["GET"]}}],"collection":[{"href":"https:\/\/apts-consmetal.com\/pt\/wp-json\/wp\/v2\/product"}],"about":[{"href":"https:\/\/apts-consmetal.com\/pt\/wp-json\/wp\/v2\/types\/product"}],"replies":[{"embeddable":true,"href":"https:\/\/apts-consmetal.com\/pt\/wp-json\/wp\/v2\/comments?post=6375"}],"version-history":[{"count":0,"href":"https:\/\/apts-consmetal.com\/pt\/wp-json\/wp\/v2\/product\/6375\/revisions"}],"wp:featuredmedia":[{"embeddable":true,"href":"https:\/\/apts-consmetal.com\/pt\/wp-json\/wp\/v2\/media\/6389"}],"wp:attachment":[{"href":"https:\/\/apts-consmetal.com\/pt\/wp-json\/wp\/v2\/media?parent=6375"}],"wp:term":[{"taxonomy":"product_brand","embeddable":true,"href":"https:\/\/apts-consmetal.com\/pt\/wp-json\/wp\/v2\/product_brand?post=6375"},{"taxonomy":"product_cat","embeddable":true,"href":"https:\/\/apts-consmetal.com\/pt\/wp-json\/wp\/v2\/product_cat?post=6375"},{"taxonomy":"product_tag","embeddable":true,"href":"https:\/\/apts-consmetal.com\/pt\/wp-json\/wp\/v2\/product_tag?post=6375"}],"curies":[{"name":"wp","href":"https:\/\/api.w.org\/{rel}","templated":true}]}}