{"id":6365,"date":"2024-10-09T03:40:24","date_gmt":"2024-10-09T01:40:24","guid":{"rendered":"https:\/\/trastracontainers.com\/?post_type=product&#038;p=6365"},"modified":"2025-05-15T18:19:31","modified_gmt":"2025-05-15T16:19:31","slug":"conteneur-maritime-neuf-high-cube-a-double-porte-de-20-pieds","status":"publish","type":"product","link":"https:\/\/apts-consmetal.com\/pt\/produto\/conteneur-maritime-neuf-high-cube-a-double-porte-de-20-pieds\/","title":{"rendered":"Novo cont\u00eainer de transporte de porta dupla de cubo alto de 20 p\u00e9s"},"content":{"rendered":"<p>Nossos cont\u00eaineres de transporte <strong>Cubo alto com porta dupla de 20 p\u00e9s<\/strong> s\u00e3o projetados para fornecer acesso ideal com portas duplas em cada extremidade, facilitando o carregamento e o descarregamento. Esses cont\u00eaineres s\u00e3o ideais se voc\u00ea precisa de mais espa\u00e7o de armazenamento do que um cont\u00eainer padr\u00e3o. Com uma altura externa de 9&#039;6\u2033, elas s\u00e3o perfeitas para produtos que exigem mais volume vertical.<\/p>\n<p>Cada porta dupla \u00e9 equipada com arm\u00e1rios como padr\u00e3o, e esses cont\u00eaineres contam com 10 aberturas para ventila\u00e7\u00e3o ideal, al\u00e9m de piso de compensado mar\u00edtimo de alta qualidade.<\/p>\n<p>Esses cont\u00eaineres s\u00e3o certificados pela CSC e est\u00e3o prontos para transporte de carga. Para prote\u00e7\u00e3o adicional, um tratamento anticondensa\u00e7\u00e3o Grafo-therm pode ser adicionado por um custo adicional.<\/p>\n<table>\n<thead>\n<tr>\n<th><strong>Caracter\u00edsticas<\/strong><\/th>\n<th><strong>Dimens\u00f5es Imperiais<\/strong><\/th>\n<th><strong>Dimens\u00f5es m\u00e9tricas<\/strong><\/th>\n<\/tr>\n<\/thead>\n<tbody>\n<tr>\n<td><strong>Dimens\u00f5es externas<\/strong><\/td>\n<td>C 20\u2032 x C 8\u2032 x A 9,6\u2032<\/td>\n<td>C 6,1 m x C 2,4 m x A 2,9 m<\/td>\n<\/tr>\n<tr>\n<td><strong>Volume<\/strong><\/td>\n<td>1.289 pi\u00b3<\/td>\n<td>36,5 m\u00b3<\/td>\n<\/tr>\n<tr>\n<td><strong>Peso vazio<\/strong><\/td>\n<td>5.290 libras<\/td>\n<td>2.400 kg<\/td>\n<\/tr>\n<tr>\n<td><strong>Carga \u00fatil m\u00e1xima<\/strong><\/td>\n<td>47.398 libras<\/td>\n<td>21.500 kg<\/td>\n<\/tr>\n<tr>\n<td><strong>Carga m\u00e1xima<\/strong><\/td>\n<td>52.690 libras<\/td>\n<td>23.900 kg<\/td>\n<\/tr>\n<\/tbody>\n<\/table>","protected":false},"excerpt":{"rendered":"<p>Nos conteneurs maritimes High Cube \u00e0 double porte de 20 pieds sont con\u00e7us pour offrir un acc\u00e8s optimal avec des<\/p>","protected":false},"featured_media":28051,"comment_status":"open","ping_status":"closed","template":"","meta":[],"product_brand":[],"product_cat":[94,96],"product_tag":[],"class_list":{"0":"post-6365","1":"product","2":"type-product","3":"status-publish","4":"has-post-thumbnail","6":"product_cat-conteneurs-maritimes-neufs","7":"product_cat-moyen","9":"first","10":"instock","11":"shipping-taxable","12":"purchasable","13":"product-type-simple"},"_links":{"self":[{"href":"https:\/\/apts-consmetal.com\/pt\/wp-json\/wp\/v2\/product\/6365","targetHints":{"allow":["GET"]}}],"collection":[{"href":"https:\/\/apts-consmetal.com\/pt\/wp-json\/wp\/v2\/product"}],"about":[{"href":"https:\/\/apts-consmetal.com\/pt\/wp-json\/wp\/v2\/types\/product"}],"replies":[{"embeddable":true,"href":"https:\/\/apts-consmetal.com\/pt\/wp-json\/wp\/v2\/comments?post=6365"}],"version-history":[{"count":0,"href":"https:\/\/apts-consmetal.com\/pt\/wp-json\/wp\/v2\/product\/6365\/revisions"}],"wp:featuredmedia":[{"embeddable":true,"href":"https:\/\/apts-consmetal.com\/pt\/wp-json\/wp\/v2\/media\/28051"}],"wp:attachment":[{"href":"https:\/\/apts-consmetal.com\/pt\/wp-json\/wp\/v2\/media?parent=6365"}],"wp:term":[{"taxonomy":"product_brand","embeddable":true,"href":"https:\/\/apts-consmetal.com\/pt\/wp-json\/wp\/v2\/product_brand?post=6365"},{"taxonomy":"product_cat","embeddable":true,"href":"https:\/\/apts-consmetal.com\/pt\/wp-json\/wp\/v2\/product_cat?post=6365"},{"taxonomy":"product_tag","embeddable":true,"href":"https:\/\/apts-consmetal.com\/pt\/wp-json\/wp\/v2\/product_tag?post=6365"}],"curies":[{"name":"wp","href":"https:\/\/api.w.org\/{rel}","templated":true}]}}