{"id":6358,"date":"2024-10-09T03:29:44","date_gmt":"2024-10-09T01:29:44","guid":{"rendered":"https:\/\/trastracontainers.com\/?post_type=product&#038;p=6358"},"modified":"2025-05-15T18:19:31","modified_gmt":"2025-05-15T16:19:31","slug":"conteneur-maritime-neuf-open-side-de-40-pieds","status":"publish","type":"product","link":"https:\/\/apts-consmetal.com\/pt\/produto\/conteneur-maritime-neuf-open-side-de-40-pieds\/","title":{"rendered":"Novo cont\u00eainer de transporte de 40 p\u00e9s com laterais abertas"},"content":{"rendered":"<p>Se voc\u00ea precisa de ainda mais acesso para suas opera\u00e7\u00f5es, o cont\u00eainer <strong>lado aberto<\/strong> 40 p\u00e9s \u00e9 a solu\u00e7\u00e3o perfeita. Este modelo, dispon\u00edvel em altura padr\u00e3o ou High Cube, possui portas de comprimento total em um lado e em uma extremidade, proporcionando acesso lateral total para cargas volumosas. \u00c9 ideal para convers\u00f5es especiais ou necessidades log\u00edsticas complexas.<\/p>\n<p>Cada porta \u00e9 equipada com arm\u00e1rios como padr\u00e3o, e o cont\u00eainer tem aberturas para ventila\u00e7\u00e3o ideal, bem como piso de madeira compensada mar\u00edtima de alta qualidade.<\/p>\n<p>Esses cont\u00eaineres s\u00e3o certificados pelo CSC e est\u00e3o prontos para serem utilizados no transporte de cargas. Um tratamento anticondensa\u00e7\u00e3o Grafo-therm pode ser adicionado como op\u00e7\u00e3o por um custo adicional.<\/p>\n<table>\n<thead>\n<tr>\n<th><strong>Caracter\u00edsticas<\/strong><\/th>\n<th><strong>Dimens\u00f5es Imperiais<\/strong><\/th>\n<th><strong>Dimens\u00f5es m\u00e9tricas<\/strong><\/th>\n<\/tr>\n<\/thead>\n<tbody>\n<tr>\n<td><strong>Dimens\u00f5es externas<\/strong><\/td>\n<td>C 40\u2032 x C 8\u2032 x A 8,6\u2032<\/td>\n<td>C 12,2 m x C 2,4 m x A 2,6 m<\/td>\n<\/tr>\n<tr>\n<td><strong>Volume<\/strong><\/td>\n<td>2.390 pi\u00b3<\/td>\n<td>67,7 m\u00b3<\/td>\n<\/tr>\n<tr>\n<td><strong>Peso vazio<\/strong><\/td>\n<td>8.490 libras<\/td>\n<td>3.850 kg<\/td>\n<\/tr>\n<tr>\n<td><strong>Carga \u00fatil m\u00e1xima<\/strong><\/td>\n<td>61.730 libras<\/td>\n<td>28.000 kg<\/td>\n<\/tr>\n<tr>\n<td><strong>Carga m\u00e1xima<\/strong><\/td>\n<td>70.220 libras<\/td>\n<td>31.850 kg<\/td>\n<\/tr>\n<\/tbody>\n<\/table>","protected":false},"excerpt":{"rendered":"<p>Nossos cont\u00eaineres abertos de 40 p\u00e9s, dispon\u00edveis em vers\u00f5es padr\u00e3o ou High Cube, oferecem acesso lateral total com portas de comprimento total e uma porta na extremidade. Equipados com cofres, ventila\u00e7\u00e3o ideal e piso de compensado mar\u00edtimo, esses cont\u00eaineres s\u00e3o certificados pela CSC e est\u00e3o prontos para carga, com uma op\u00e7\u00e3o anticondensa\u00e7\u00e3o dispon\u00edvel.<\/p>","protected":false},"featured_media":6359,"comment_status":"open","ping_status":"closed","template":"","meta":[],"product_brand":[],"product_cat":[94,97],"product_tag":[],"class_list":{"0":"post-6358","1":"product","2":"type-product","3":"status-publish","4":"has-post-thumbnail","6":"product_cat-conteneurs-maritimes-neufs","7":"product_cat-grand","9":"first","10":"instock","11":"shipping-taxable","12":"purchasable","13":"product-type-simple"},"_links":{"self":[{"href":"https:\/\/apts-consmetal.com\/pt\/wp-json\/wp\/v2\/product\/6358","targetHints":{"allow":["GET"]}}],"collection":[{"href":"https:\/\/apts-consmetal.com\/pt\/wp-json\/wp\/v2\/product"}],"about":[{"href":"https:\/\/apts-consmetal.com\/pt\/wp-json\/wp\/v2\/types\/product"}],"replies":[{"embeddable":true,"href":"https:\/\/apts-consmetal.com\/pt\/wp-json\/wp\/v2\/comments?post=6358"}],"version-history":[{"count":0,"href":"https:\/\/apts-consmetal.com\/pt\/wp-json\/wp\/v2\/product\/6358\/revisions"}],"wp:featuredmedia":[{"embeddable":true,"href":"https:\/\/apts-consmetal.com\/pt\/wp-json\/wp\/v2\/media\/6359"}],"wp:attachment":[{"href":"https:\/\/apts-consmetal.com\/pt\/wp-json\/wp\/v2\/media?parent=6358"}],"wp:term":[{"taxonomy":"product_brand","embeddable":true,"href":"https:\/\/apts-consmetal.com\/pt\/wp-json\/wp\/v2\/product_brand?post=6358"},{"taxonomy":"product_cat","embeddable":true,"href":"https:\/\/apts-consmetal.com\/pt\/wp-json\/wp\/v2\/product_cat?post=6358"},{"taxonomy":"product_tag","embeddable":true,"href":"https:\/\/apts-consmetal.com\/pt\/wp-json\/wp\/v2\/product_tag?post=6358"}],"curies":[{"name":"wp","href":"https:\/\/api.w.org\/{rel}","templated":true}]}}