{"id":6292,"date":"2024-10-09T02:48:29","date_gmt":"2024-10-09T00:48:29","guid":{"rendered":"https:\/\/trastracontainers.com\/?post_type=product&#038;p=6292"},"modified":"2025-05-15T18:19:30","modified_gmt":"2025-05-15T16:19:30","slug":"conteneur-maritime-neuf-open-side-de-20-pieds","status":"publish","type":"product","link":"https:\/\/apts-consmetal.com\/pt\/produto\/conteneur-maritime-neuf-open-side-de-20-pieds\/","title":{"rendered":"Novo cont\u00eainer de transporte de 20 p\u00e9s com laterais abertas"},"content":{"rendered":"<p>Se voc\u00ea precisar de uma \u00e1rea de carga muito maior, nossos cont\u00eaineres de transporte <strong>lado aberto<\/strong> 20 p\u00e9s s\u00e3o a solu\u00e7\u00e3o ideal. Dispon\u00edveis em vers\u00f5es de altura padr\u00e3o e High Cube, elas apresentam portas laterais que percorrem todo o comprimento de 20 p\u00e9s, bem como uma porta na extremidade, proporcionando acesso lateral total. Isso o torna uma op\u00e7\u00e3o perfeita para algumas convers\u00f5es espec\u00edficas de cont\u00eaineres.<\/p>\n<p>Cada porta \u00e9 equipada com um cofre, e os cont\u00eaineres tamb\u00e9m contam com aberturas para ventila\u00e7\u00e3o ideal, al\u00e9m de piso de compensado mar\u00edtimo de alta qualidade.<\/p>\n<p>Esses cont\u00eaineres s\u00e3o certificados pelo CSC e est\u00e3o prontos para serem usados \u200b\u200bno transporte de cargas. Opcionalmente, um tratamento anticondensa\u00e7\u00e3o Grafo-therm pode ser aplicado por um custo adicional.<\/p>\n<table>\n<thead>\n<tr>\n<th><strong>Caracter\u00edsticas<\/strong><\/th>\n<th><strong>Dimens\u00f5es Imperiais<\/strong><\/th>\n<th><strong>Dimens\u00f5es m\u00e9tricas<\/strong><\/th>\n<\/tr>\n<\/thead>\n<tbody>\n<tr>\n<td><strong>Dimens\u00f5es externas<\/strong><\/td>\n<td>C 20\u2032 x C 8\u2032 x A 8,6\u2032<\/td>\n<td>C 6,1 m x C 2,4 m x A 2,6 m<\/td>\n<\/tr>\n<tr>\n<td><strong>Volume<\/strong><\/td>\n<td>1.169 pi\u00b3<\/td>\n<td>33,1 m\u00b3<\/td>\n<\/tr>\n<tr>\n<td><strong>Peso vazio<\/strong><\/td>\n<td>5.181 libras<\/td>\n<td>2.350 kg<\/td>\n<\/tr>\n<tr>\n<td><strong>Carga \u00fatil m\u00e1xima<\/strong><\/td>\n<td>47.620 libras<\/td>\n<td>21.620 kg<\/td>\n<\/tr>\n<tr>\n<td><strong>Carga m\u00e1xima<\/strong><\/td>\n<td>52.801 libras<\/td>\n<td>23.970 kg<\/td>\n<\/tr>\n<\/tbody>\n<\/table>","protected":false},"excerpt":{"rendered":"<p>Nossos cont\u00eaineres abertos de 20 p\u00e9s, dispon\u00edveis em altura padr\u00e3o ou High Cube, oferecem acesso lateral total com portas de comprimento total e uma porta na extremidade. Com arm\u00e1rios em cada porta, ventila\u00e7\u00e3o ideal e piso de compensado mar\u00edtimo, esses cont\u00eaineres s\u00e3o certificados pelo CSC e est\u00e3o prontos para carga, com uma op\u00e7\u00e3o anticondensa\u00e7\u00e3o como recurso adicional.<\/p>","protected":false},"featured_media":6346,"comment_status":"open","ping_status":"closed","template":"","meta":[],"product_brand":[],"product_cat":[94,96],"product_tag":[],"class_list":{"0":"post-6292","1":"product","2":"type-product","3":"status-publish","4":"has-post-thumbnail","6":"product_cat-conteneurs-maritimes-neufs","7":"product_cat-moyen","9":"first","10":"instock","11":"shipping-taxable","12":"purchasable","13":"product-type-simple"},"_links":{"self":[{"href":"https:\/\/apts-consmetal.com\/pt\/wp-json\/wp\/v2\/product\/6292","targetHints":{"allow":["GET"]}}],"collection":[{"href":"https:\/\/apts-consmetal.com\/pt\/wp-json\/wp\/v2\/product"}],"about":[{"href":"https:\/\/apts-consmetal.com\/pt\/wp-json\/wp\/v2\/types\/product"}],"replies":[{"embeddable":true,"href":"https:\/\/apts-consmetal.com\/pt\/wp-json\/wp\/v2\/comments?post=6292"}],"version-history":[{"count":0,"href":"https:\/\/apts-consmetal.com\/pt\/wp-json\/wp\/v2\/product\/6292\/revisions"}],"wp:featuredmedia":[{"embeddable":true,"href":"https:\/\/apts-consmetal.com\/pt\/wp-json\/wp\/v2\/media\/6346"}],"wp:attachment":[{"href":"https:\/\/apts-consmetal.com\/pt\/wp-json\/wp\/v2\/media?parent=6292"}],"wp:term":[{"taxonomy":"product_brand","embeddable":true,"href":"https:\/\/apts-consmetal.com\/pt\/wp-json\/wp\/v2\/product_brand?post=6292"},{"taxonomy":"product_cat","embeddable":true,"href":"https:\/\/apts-consmetal.com\/pt\/wp-json\/wp\/v2\/product_cat?post=6292"},{"taxonomy":"product_tag","embeddable":true,"href":"https:\/\/apts-consmetal.com\/pt\/wp-json\/wp\/v2\/product_tag?post=6292"}],"curies":[{"name":"wp","href":"https:\/\/api.w.org\/{rel}","templated":true}]}}