{"id":6284,"date":"2024-10-08T17:07:30","date_gmt":"2024-10-08T15:07:30","guid":{"rendered":"https:\/\/trastracontainers.com\/?post_type=product&#038;p=6284"},"modified":"2025-05-15T18:19:30","modified_gmt":"2025-05-15T16:19:30","slug":"conteneur-maritime-neuf-a-double-porte-de-20-pieds","status":"publish","type":"product","link":"https:\/\/apts-consmetal.com\/pt\/produto\/conteneur-maritime-neuf-a-double-porte-de-20-pieds\/","title":{"rendered":"Novo cont\u00eainer para transporte seco de 20 p\u00e9s com porta dupla"},"content":{"rendered":"<p>Nossos cont\u00eaineres de transporte de 20 p\u00e9s com porta dupla oferecem as mesmas especifica\u00e7\u00f5es dos modelos padr\u00e3o, mas com portas duplas em cada extremidade para maior acessibilidade. Cada porta \u00e9 equipada com quatro barras de travamento e ma\u00e7anetas na altura da cintura, o que as torna f\u00e1ceis de usar. Esses cont\u00eaineres est\u00e3o dispon\u00edveis em altura padr\u00e3o ou na vers\u00e3o High Cube para necessidades adicionais de armazenamento superior.<\/p>\n<p>Como padr\u00e3o, eles incluem um cofre em cada porta dupla, 10 sa\u00eddas de ar para ventila\u00e7\u00e3o ideal e piso de compensado mar\u00edtimo de alta qualidade.<\/p>\n<p>Certificados pelo CSC, eles est\u00e3o prontos para serem utilizados como cont\u00eaineres de carga. Um tratamento anticondensa\u00e7\u00e3o Grafo-therm est\u00e1 dispon\u00edvel como op\u00e7\u00e3o por um custo adicional.<\/p>\n<table>\n<thead>\n<tr>\n<th><strong>Caracter\u00edsticas<\/strong><\/th>\n<th><strong>Dimens\u00f5es Imperiais<\/strong><\/th>\n<th><strong>Dimens\u00f5es m\u00e9tricas<\/strong><\/th>\n<\/tr>\n<\/thead>\n<tbody>\n<tr>\n<td><strong>Dimens\u00f5es externas<\/strong><\/td>\n<td>C 20\u2032 x C 8\u2032 x A 8,6\u2032<\/td>\n<td>C 6,1 m x C 2,4 m x A 2,6 m<\/td>\n<\/tr>\n<tr>\n<td><strong>Volume<\/strong><\/td>\n<td>1.169 pi\u00b3<\/td>\n<td>33,1 m\u00b3<\/td>\n<\/tr>\n<tr>\n<td><strong>Peso vazio<\/strong><\/td>\n<td>5.071 libras<\/td>\n<td>2.300 kg<\/td>\n<\/tr>\n<tr>\n<td><strong>Carga \u00fatil m\u00e1xima<\/strong><\/td>\n<td>47.899 libras<\/td>\n<td>21.770 kg<\/td>\n<\/tr>\n<tr>\n<td><strong>Carga m\u00e1xima<\/strong><\/td>\n<td>52.971 libras<\/td>\n<td>24.000 kg<\/td>\n<\/tr>\n<\/tbody>\n<\/table>","protected":false},"excerpt":{"rendered":"<p>Nossos cont\u00eaineres de transporte de 20 p\u00e9s com porta dupla, dispon\u00edveis em altura padr\u00e3o ou High Cube, apresentam portas duplas em cada extremidade com quatro barras de travamento para f\u00e1cil manuseio. Elas incluem 10 aberturas para ventila\u00e7\u00e3o ideal e um piso de madeira compensada mar\u00edtima. Certificados pelo CSC, eles est\u00e3o prontos para transporte de carga, com op\u00e7\u00e3o anticondensa\u00e7\u00e3o dispon\u00edvel.<\/p>","protected":false},"featured_media":6285,"comment_status":"open","ping_status":"closed","template":"","meta":[],"product_brand":[],"product_cat":[94,96],"product_tag":[],"class_list":{"0":"post-6284","1":"product","2":"type-product","3":"status-publish","4":"has-post-thumbnail","6":"product_cat-conteneurs-maritimes-neufs","7":"product_cat-moyen","9":"first","10":"instock","11":"shipping-taxable","12":"purchasable","13":"product-type-simple"},"_links":{"self":[{"href":"https:\/\/apts-consmetal.com\/pt\/wp-json\/wp\/v2\/product\/6284","targetHints":{"allow":["GET"]}}],"collection":[{"href":"https:\/\/apts-consmetal.com\/pt\/wp-json\/wp\/v2\/product"}],"about":[{"href":"https:\/\/apts-consmetal.com\/pt\/wp-json\/wp\/v2\/types\/product"}],"replies":[{"embeddable":true,"href":"https:\/\/apts-consmetal.com\/pt\/wp-json\/wp\/v2\/comments?post=6284"}],"version-history":[{"count":0,"href":"https:\/\/apts-consmetal.com\/pt\/wp-json\/wp\/v2\/product\/6284\/revisions"}],"wp:featuredmedia":[{"embeddable":true,"href":"https:\/\/apts-consmetal.com\/pt\/wp-json\/wp\/v2\/media\/6285"}],"wp:attachment":[{"href":"https:\/\/apts-consmetal.com\/pt\/wp-json\/wp\/v2\/media?parent=6284"}],"wp:term":[{"taxonomy":"product_brand","embeddable":true,"href":"https:\/\/apts-consmetal.com\/pt\/wp-json\/wp\/v2\/product_brand?post=6284"},{"taxonomy":"product_cat","embeddable":true,"href":"https:\/\/apts-consmetal.com\/pt\/wp-json\/wp\/v2\/product_cat?post=6284"},{"taxonomy":"product_tag","embeddable":true,"href":"https:\/\/apts-consmetal.com\/pt\/wp-json\/wp\/v2\/product_tag?post=6284"}],"curies":[{"name":"wp","href":"https:\/\/api.w.org\/{rel}","templated":true}]}}