{"id":6276,"date":"2024-10-08T16:53:45","date_gmt":"2024-10-08T14:53:45","guid":{"rendered":"https:\/\/trastracontainers.com\/?post_type=product&#038;p=6276"},"modified":"2025-05-15T18:19:30","modified_gmt":"2025-05-15T16:19:30","slug":"conteneur-maritime-neuf-a-double-porte-de-40-pieds","status":"publish","type":"product","link":"https:\/\/apts-consmetal.com\/pt\/produto\/conteneur-maritime-neuf-a-double-porte-de-40-pieds\/","title":{"rendered":"Novo cont\u00eainer de transporte de 40 p\u00e9s com porta dupla"},"content":{"rendered":"<p>Nos conteneurs d&rsquo;exp\u00e9dition \u00e0 doubles portes de 40 pieds, \u00e9galement appel\u00e9s conteneurs tunnel, offrent les m\u00eames sp\u00e9cifications que les mod\u00e8les standard de 40 pieds, mais avec des doubles portes \u00e0 chaque extr\u00e9mit\u00e9. Ces portes sont \u00e9quip\u00e9es de quatre barres de verrouillage et de poign\u00e9es \u00e0 hauteur de taille pour une manipulation facile.<\/p>\n<p>Ces conteneurs sont \u00e9galement disponibles en version High Cube pour un espace de stockage suppl\u00e9mentaire en hauteur.<\/p>\n<p>Chaque double porte est \u00e9quip\u00e9e d\u2019un coffre-fort, et les conteneurs disposent de 10 \u00e9vents pour une ventilation optimale ainsi que d\u2019un plancher en contreplaqu\u00e9 marin de haute qualit\u00e9.<\/p>\n<p>Certifi\u00e9s CSC, ces conteneurs sont pr\u00eats pour le transport de fret. Un traitement anti-condensation Grafo-therm peut \u00eatre ajout\u00e9 moyennant un co\u00fbt suppl\u00e9mentaire.<\/p>\n<table>\n<thead>\n<tr>\n<th><strong>Caracter\u00edsticas<\/strong><\/th>\n<th><strong>Dimens\u00f5es Imperiais<\/strong><\/th>\n<th><strong>Dimens\u00f5es m\u00e9tricas<\/strong><\/th>\n<\/tr>\n<\/thead>\n<tbody>\n<tr>\n<td><strong>Dimens\u00f5es externas<\/strong><\/td>\n<td>C 40\u2032 x C 8\u2032 x A 8,6\u2032<\/td>\n<td>C 12,2 m x C 2,4 m x A 2,6 m<\/td>\n<\/tr>\n<tr>\n<td><strong>Volume<\/strong><\/td>\n<td>2.390 pi\u00b3<\/td>\n<td>67,7 m\u00b3<\/td>\n<\/tr>\n<tr>\n<td><strong>Peso vazio<\/strong><\/td>\n<td>8.160 libras<\/td>\n<td>3.700 kg<\/td>\n<\/tr>\n<tr>\n<td><strong>Carga \u00fatil m\u00e1xima<\/strong><\/td>\n<td>63.271 libras<\/td>\n<td>28.620 kg<\/td>\n<\/tr>\n<tr>\n<td><strong>Carga m\u00e1xima<\/strong><\/td>\n<td>71.650 libras<\/td>\n<td>32.500 kg<\/td>\n<\/tr>\n<\/tbody>\n<\/table>","protected":false},"excerpt":{"rendered":"<p>Nossos cont\u00eaineres de transporte de porta dupla de 40 p\u00e9s, tamb\u00e9m conhecidos como cont\u00eaineres t\u00fanel, est\u00e3o dispon\u00edveis em vers\u00f5es padr\u00e3o ou High Cube. Com portas duplas em cada extremidade, elas oferecem f\u00e1cil manuseio com quatro barras de travamento, 10 aberturas para ventila\u00e7\u00e3o ideal e piso de compensado mar\u00edtimo. Certificados pelo CSC, eles est\u00e3o prontos para o transporte de cargas, com uma op\u00e7\u00e3o adicional anticondensa\u00e7\u00e3o.<\/p>","protected":false},"featured_media":6277,"comment_status":"open","ping_status":"closed","template":"","meta":[],"product_brand":[],"product_cat":[94,97],"product_tag":[],"class_list":{"0":"post-6276","1":"product","2":"type-product","3":"status-publish","4":"has-post-thumbnail","6":"product_cat-conteneurs-maritimes-neufs","7":"product_cat-grand","9":"first","10":"instock","11":"shipping-taxable","12":"purchasable","13":"product-type-simple"},"_links":{"self":[{"href":"https:\/\/apts-consmetal.com\/pt\/wp-json\/wp\/v2\/product\/6276","targetHints":{"allow":["GET"]}}],"collection":[{"href":"https:\/\/apts-consmetal.com\/pt\/wp-json\/wp\/v2\/product"}],"about":[{"href":"https:\/\/apts-consmetal.com\/pt\/wp-json\/wp\/v2\/types\/product"}],"replies":[{"embeddable":true,"href":"https:\/\/apts-consmetal.com\/pt\/wp-json\/wp\/v2\/comments?post=6276"}],"version-history":[{"count":0,"href":"https:\/\/apts-consmetal.com\/pt\/wp-json\/wp\/v2\/product\/6276\/revisions"}],"wp:featuredmedia":[{"embeddable":true,"href":"https:\/\/apts-consmetal.com\/pt\/wp-json\/wp\/v2\/media\/6277"}],"wp:attachment":[{"href":"https:\/\/apts-consmetal.com\/pt\/wp-json\/wp\/v2\/media?parent=6276"}],"wp:term":[{"taxonomy":"product_brand","embeddable":true,"href":"https:\/\/apts-consmetal.com\/pt\/wp-json\/wp\/v2\/product_brand?post=6276"},{"taxonomy":"product_cat","embeddable":true,"href":"https:\/\/apts-consmetal.com\/pt\/wp-json\/wp\/v2\/product_cat?post=6276"},{"taxonomy":"product_tag","embeddable":true,"href":"https:\/\/apts-consmetal.com\/pt\/wp-json\/wp\/v2\/product_tag?post=6276"}],"curies":[{"name":"wp","href":"https:\/\/api.w.org\/{rel}","templated":true}]}}