{"id":6266,"date":"2024-10-08T16:43:15","date_gmt":"2024-10-08T14:43:15","guid":{"rendered":"https:\/\/trastracontainers.com\/?post_type=product&#038;p=6266"},"modified":"2025-05-22T08:04:30","modified_gmt":"2025-05-22T06:04:30","slug":"conteneur-maritime-neuf-high-cube-de-40-pieds","status":"publish","type":"product","link":"https:\/\/apts-consmetal.com\/pt\/produto\/conteneur-maritime-neuf-high-cube-de-40-pieds\/","title":{"rendered":"Novo cont\u00eainer de transporte High Cube de 40 p\u00e9s"},"content":{"rendered":"<p>Com uma altura externa total de 9 p\u00e9s e 6 polegadas, nossos cont\u00eaineres High Cube de 40 p\u00e9s s\u00e3o ideais para armazenar mercadorias que exigem mais altura do que os cont\u00eaineres padr\u00e3o. Eles oferecem os mesmos recursos dos cont\u00eaineres convencionais de 40 p\u00e9s, al\u00e9m de oferecer maior capacidade vertical.<\/p>\n<p>Esses cont\u00eaineres apresentam portas duplas em uma extremidade, dispon\u00edveis em azul ou verde, com quatro barras de travamento e al\u00e7as na altura da cintura para facilitar o uso. Como padr\u00e3o, eles incluem um cofre, 10 sa\u00eddas de ar para ventila\u00e7\u00e3o ideal e um piso de compensado mar\u00edtimo de alta qualidade.<\/p>\n<p>Certificados pelo CSC, esses cont\u00eaineres est\u00e3o prontos para serem utilizados no transporte de cargas. Para prote\u00e7\u00e3o adicional, um revestimento interno anticondensa\u00e7\u00e3o Grafo-therm est\u00e1 dispon\u00edvel por um custo adicional.<\/p>\n<table>\n<thead>\n<tr>\n<th><strong>Caracter\u00edsticas<\/strong><\/th>\n<th><strong>Dimens\u00f5es Imperiais<\/strong><\/th>\n<th><strong>Dimens\u00f5es m\u00e9tricas<\/strong><\/th>\n<\/tr>\n<\/thead>\n<tbody>\n<tr>\n<td><strong>Dimens\u00f5es externas<\/strong><\/td>\n<td>C 40\u2032 x C 8\u2032 x A 9,6\u2032<\/td>\n<td>C 12,2 m x C 2,4 m x A 2,9 m<\/td>\n<\/tr>\n<tr>\n<td><strong>Volume<\/strong><\/td>\n<td>2.694 pi\u00b3<\/td>\n<td>76,2 m\u00b3<\/td>\n<\/tr>\n<tr>\n<td><strong>Peso vazio<\/strong><\/td>\n<td>8.775 libras<\/td>\n<td>3.980 kg<\/td>\n<\/tr>\n<tr>\n<td><strong>Carga \u00fatil m\u00e1xima<\/strong><\/td>\n<td>63.499 libras<\/td>\n<td>28.860 kg<\/td>\n<\/tr>\n<tr>\n<td><strong>Carga m\u00e1xima<\/strong><\/td>\n<td>72.300 libras<\/td>\n<td>32.500 kg<\/td>\n<\/tr>\n<\/tbody>\n<\/table>","protected":false},"excerpt":{"rendered":"<p>Nossos cont\u00eaineres High Cube de 40 p\u00e9s, com altura externa de 9&#039;6\u2033, s\u00e3o perfeitos para armazenar produtos mais altos. Eles est\u00e3o dispon\u00edveis em azul ou verde, com portas duplas, quatro barras de travamento, 10 aberturas para ventila\u00e7\u00e3o ideal e piso de compensado mar\u00edtimo. Certificados pelo CSC, est\u00e3o prontos para transporte, com tratamento anticondensa\u00e7\u00e3o opcional.<\/p>","protected":false},"featured_media":28032,"comment_status":"open","ping_status":"closed","template":"","meta":[],"product_brand":[],"product_cat":[94,97],"product_tag":[],"class_list":{"0":"post-6266","1":"product","2":"type-product","3":"status-publish","4":"has-post-thumbnail","6":"product_cat-conteneurs-maritimes-neufs","7":"product_cat-grand","9":"first","10":"instock","11":"shipping-taxable","12":"purchasable","13":"product-type-variable"},"_links":{"self":[{"href":"https:\/\/apts-consmetal.com\/pt\/wp-json\/wp\/v2\/product\/6266","targetHints":{"allow":["GET"]}}],"collection":[{"href":"https:\/\/apts-consmetal.com\/pt\/wp-json\/wp\/v2\/product"}],"about":[{"href":"https:\/\/apts-consmetal.com\/pt\/wp-json\/wp\/v2\/types\/product"}],"replies":[{"embeddable":true,"href":"https:\/\/apts-consmetal.com\/pt\/wp-json\/wp\/v2\/comments?post=6266"}],"version-history":[{"count":0,"href":"https:\/\/apts-consmetal.com\/pt\/wp-json\/wp\/v2\/product\/6266\/revisions"}],"wp:featuredmedia":[{"embeddable":true,"href":"https:\/\/apts-consmetal.com\/pt\/wp-json\/wp\/v2\/media\/28032"}],"wp:attachment":[{"href":"https:\/\/apts-consmetal.com\/pt\/wp-json\/wp\/v2\/media?parent=6266"}],"wp:term":[{"taxonomy":"product_brand","embeddable":true,"href":"https:\/\/apts-consmetal.com\/pt\/wp-json\/wp\/v2\/product_brand?post=6266"},{"taxonomy":"product_cat","embeddable":true,"href":"https:\/\/apts-consmetal.com\/pt\/wp-json\/wp\/v2\/product_cat?post=6266"},{"taxonomy":"product_tag","embeddable":true,"href":"https:\/\/apts-consmetal.com\/pt\/wp-json\/wp\/v2\/product_tag?post=6266"}],"curies":[{"name":"wp","href":"https:\/\/api.w.org\/{rel}","templated":true}]}}