{"id":6252,"date":"2024-10-08T16:30:45","date_gmt":"2024-10-08T14:30:45","guid":{"rendered":"https:\/\/trastracontainers.com\/?post_type=product&#038;p=6252"},"modified":"2025-05-22T08:04:31","modified_gmt":"2025-05-22T06:04:31","slug":"conteneur-maritime-neuf-40-pieds-dry","status":"publish","type":"product","link":"https:\/\/apts-consmetal.com\/pt\/produto\/conteneur-maritime-neuf-40-pieds-dry\/","title":{"rendered":"Novo cont\u00eainer de transporte seco de 40 p\u00e9s"},"content":{"rendered":"<p>Nossos cont\u00eaineres de 40 p\u00e9s s\u00e3o os maiores que oferecemos para venda, oferecendo o dobro da capacidade de armazenamento dos modelos de 20 p\u00e9s e atendendo \u00e0s mesmas necessidades. Dispon\u00edveis em azul ou verde, elas apresentam portas duplas em uma extremidade e quatro barras de travamento com al\u00e7as na altura da cintura para f\u00e1cil opera\u00e7\u00e3o. Esses cont\u00eaineres s\u00e3o fabricados com os mais altos padr\u00f5es e s\u00e3o usados \u200b\u200bapenas uma vez antes de serem liberados para venda.<\/p>\n<p>Eles incluem um cofre, 10 sa\u00eddas de ar para ventila\u00e7\u00e3o ideal e um piso de madeira compensada mar\u00edtima de alta qualidade como padr\u00e3o.<\/p>\n<p>Certificados pelo CSC, esses cont\u00eaineres est\u00e3o prontos para transporte de cargas. Um tratamento anticondensa\u00e7\u00e3o Grafo-therm est\u00e1 dispon\u00edvel como op\u00e7\u00e3o por um custo adicional.<\/p>\n<table>\n<thead>\n<tr>\n<th><strong>Caracter\u00edsticas<\/strong><\/th>\n<th><strong>Dimens\u00f5es Imperiais<\/strong><\/th>\n<th><strong>Dimens\u00f5es m\u00e9tricas<\/strong><\/th>\n<\/tr>\n<\/thead>\n<tbody>\n<tr>\n<td><strong>Dimens\u00f5es externas<\/strong><\/td>\n<td>C 40\u2032 x C 8\u2032 x A 8,6\u2032<\/td>\n<td>C 12,2 m x C 2,4 m x A 2,6 m<\/td>\n<\/tr>\n<tr>\n<td><strong>Volume<\/strong><\/td>\n<td>2.390 pi\u00b3<\/td>\n<td>67,7 m\u00b3<\/td>\n<\/tr>\n<tr>\n<td><strong>Peso vazio<\/strong><\/td>\n<td>8.160 libras<\/td>\n<td>3.700 kg<\/td>\n<\/tr>\n<tr>\n<td><strong>Carga \u00fatil m\u00e1xima<\/strong><\/td>\n<td>63.271 libras<\/td>\n<td>28.620 kg<\/td>\n<\/tr>\n<tr>\n<td><strong>Carga m\u00e1xima<\/strong><\/td>\n<td>71.650 libras<\/td>\n<td>32.500 kg<\/td>\n<\/tr>\n<\/tbody>\n<\/table>","protected":false},"excerpt":{"rendered":"<p>Nossos cont\u00eaineres de 40 p\u00e9s, dispon\u00edveis em azul ou verde, oferecem o dobro da capacidade dos modelos de 20 p\u00e9s. Eles apresentam portas duplas, quatro barras de travamento, 10 aberturas para ventila\u00e7\u00e3o ideal e piso de compensado mar\u00edtimo. Certificados pelo CSC, eles est\u00e3o prontos para transporte de carga, com op\u00e7\u00e3o de tratamento anticondensa\u00e7\u00e3o dispon\u00edvel.<\/p>","protected":false},"featured_media":6255,"comment_status":"open","ping_status":"closed","template":"","meta":[],"product_brand":[],"product_cat":[94,97],"product_tag":[],"class_list":{"0":"post-6252","1":"product","2":"type-product","3":"status-publish","4":"has-post-thumbnail","6":"product_cat-conteneurs-maritimes-neufs","7":"product_cat-grand","9":"first","10":"instock","11":"shipping-taxable","12":"purchasable","13":"product-type-variable"},"_links":{"self":[{"href":"https:\/\/apts-consmetal.com\/pt\/wp-json\/wp\/v2\/product\/6252","targetHints":{"allow":["GET"]}}],"collection":[{"href":"https:\/\/apts-consmetal.com\/pt\/wp-json\/wp\/v2\/product"}],"about":[{"href":"https:\/\/apts-consmetal.com\/pt\/wp-json\/wp\/v2\/types\/product"}],"replies":[{"embeddable":true,"href":"https:\/\/apts-consmetal.com\/pt\/wp-json\/wp\/v2\/comments?post=6252"}],"version-history":[{"count":0,"href":"https:\/\/apts-consmetal.com\/pt\/wp-json\/wp\/v2\/product\/6252\/revisions"}],"wp:featuredmedia":[{"embeddable":true,"href":"https:\/\/apts-consmetal.com\/pt\/wp-json\/wp\/v2\/media\/6255"}],"wp:attachment":[{"href":"https:\/\/apts-consmetal.com\/pt\/wp-json\/wp\/v2\/media?parent=6252"}],"wp:term":[{"taxonomy":"product_brand","embeddable":true,"href":"https:\/\/apts-consmetal.com\/pt\/wp-json\/wp\/v2\/product_brand?post=6252"},{"taxonomy":"product_cat","embeddable":true,"href":"https:\/\/apts-consmetal.com\/pt\/wp-json\/wp\/v2\/product_cat?post=6252"},{"taxonomy":"product_tag","embeddable":true,"href":"https:\/\/apts-consmetal.com\/pt\/wp-json\/wp\/v2\/product_tag?post=6252"}],"curies":[{"name":"wp","href":"https:\/\/api.w.org\/{rel}","templated":true}]}}