{"id":6018,"date":"2024-09-25T14:11:36","date_gmt":"2024-09-25T12:11:36","guid":{"rendered":"https:\/\/trastracontainers.com\/?post_type=product&#038;p=6018"},"modified":"2025-05-15T18:19:30","modified_gmt":"2025-05-15T16:19:30","slug":"conteneur-maritime-neuf-20-pieds-dry","status":"publish","type":"product","link":"https:\/\/apts-consmetal.com\/pt\/produto\/conteneur-maritime-neuf-20-pieds-dry\/","title":{"rendered":"Novo cont\u00eainer de transporte seco de 20 p\u00e9s"},"content":{"rendered":"<p>Nossos cont\u00eaineres de transporte de 20 p\u00e9s s\u00e3o os mais populares, oferecendo excelente custo-benef\u00edcio. Eles apresentam portas duplas em uma extremidade com quatro barras de travamento e al\u00e7as posicionadas na altura da cintura para uso conveniente. Esses cont\u00eaineres, fabricados na China de acordo com padr\u00f5es rigorosos, s\u00e3o usados \u200b\u200bapenas uma vez para transporte.<\/p>\n<p>Eles tamb\u00e9m incluem um cofre, 10 sa\u00eddas de ar para ventila\u00e7\u00e3o ideal, bem como um piso de madeira compensada mar\u00edtima de alta qualidade.<\/p>\n<p>Certificados pelo CSC, eles est\u00e3o prontos para o transporte de cargas. Uma op\u00e7\u00e3o de tratamento anticondensa\u00e7\u00e3o Grafo-therm est\u00e1 dispon\u00edvel por um custo adicional.<\/p>\n<div class=\"elementor-element elementor-element-40ca69d elementor-widget elementor-widget-wd_title\" data-id=\"40ca69d\" data-element_type=\"widget\" data-widget_type=\"wd_title.default\">\n<div class=\"elementor-widget-container\">\n<div class=\"title-wrapper set-mb-s reset-last-child wd-title-color-default wd-title-style-default wd-title-size-default text-left\">\n<div class=\"liner-continer\">\n<h4 class=\"woodmart-title-container title wd-fontsize-l\"><span>CARACTER\u00cdSTICAS<\/span><\/h4>\n<\/div>\n<\/div>\n<\/div>\n<\/div>\n<div class=\"elementor-element elementor-element-fa6880f color-scheme-inherit text-left elementor-widget elementor-widget-text-editor\" data-id=\"fa6880f\" data-element_type=\"widget\" data-widget_type=\"text-editor.default\">\n<div class=\"elementor-widget-container\">\n<table id=\"tableSpecs\">\n<tbody>\n<tr>\n<td><strong><span>Dimens\u00f5es externas<\/span><\/strong><\/td>\n<td><span>C 20\u2032 x C 8\u2032 x A 9,6\u2032<\/span><\/td>\n<td><span>C 6 m x C 2,4 m x A 2,9 m<\/span><\/td>\n<\/tr>\n<tr>\n<td><strong><span>Volume<\/span><\/strong><\/td>\n<td><span>1.207 pi3<\/span><\/td>\n<td><span>34,2 m\u00b3<\/span><\/td>\n<\/tr>\n<tr>\n<td><strong><span>Peso vazio<\/span><\/strong><\/td>\n<td><span>7.390 libras<\/span><\/td>\n<td><span>2.015 kg<\/span><\/td>\n<\/tr>\n<tr>\n<td><strong><span>Carga \u00fatil m\u00e1xima<\/span><\/strong><\/td>\n<td><span>62.760 libras<\/span><\/td>\n<td><span>28.250 kg<\/span><\/td>\n<\/tr>\n<tr>\n<td><strong><span>Carga m\u00e1xima<\/span><\/strong><\/td>\n<td><span>67.200 libras<\/span><\/td>\n<td><span>30.480 kg<\/span><\/td>\n<\/tr>\n<\/tbody>\n<\/table>\n<\/div>\n<\/div>","protected":false},"excerpt":{"rendered":"<p>Nossos cont\u00eaineres de transporte de 20 p\u00e9s s\u00e3o os mais populares devido \u00e0 sua excelente rela\u00e7\u00e3o custo-benef\u00edcio. Eles apresentam portas duplas, quatro barras de travamento, 10 aberturas para boa ventila\u00e7\u00e3o e piso de compensado mar\u00edtimo. Certificados pelo CSC, eles est\u00e3o prontos para o transporte de cargas, com tratamento anticondensa\u00e7\u00e3o Grafo-therm opcional como op\u00e7\u00e3o adicional.<\/p>","protected":false},"featured_media":6251,"comment_status":"open","ping_status":"closed","template":"","meta":[],"product_brand":[],"product_cat":[94,96],"product_tag":[],"class_list":{"0":"post-6018","1":"product","2":"type-product","3":"status-publish","4":"has-post-thumbnail","6":"product_cat-conteneurs-maritimes-neufs","7":"product_cat-moyen","9":"first","10":"instock","11":"shipping-taxable","12":"purchasable","13":"product-type-simple"},"_links":{"self":[{"href":"https:\/\/apts-consmetal.com\/pt\/wp-json\/wp\/v2\/product\/6018","targetHints":{"allow":["GET"]}}],"collection":[{"href":"https:\/\/apts-consmetal.com\/pt\/wp-json\/wp\/v2\/product"}],"about":[{"href":"https:\/\/apts-consmetal.com\/pt\/wp-json\/wp\/v2\/types\/product"}],"replies":[{"embeddable":true,"href":"https:\/\/apts-consmetal.com\/pt\/wp-json\/wp\/v2\/comments?post=6018"}],"version-history":[{"count":0,"href":"https:\/\/apts-consmetal.com\/pt\/wp-json\/wp\/v2\/product\/6018\/revisions"}],"wp:featuredmedia":[{"embeddable":true,"href":"https:\/\/apts-consmetal.com\/pt\/wp-json\/wp\/v2\/media\/6251"}],"wp:attachment":[{"href":"https:\/\/apts-consmetal.com\/pt\/wp-json\/wp\/v2\/media?parent=6018"}],"wp:term":[{"taxonomy":"product_brand","embeddable":true,"href":"https:\/\/apts-consmetal.com\/pt\/wp-json\/wp\/v2\/product_brand?post=6018"},{"taxonomy":"product_cat","embeddable":true,"href":"https:\/\/apts-consmetal.com\/pt\/wp-json\/wp\/v2\/product_cat?post=6018"},{"taxonomy":"product_tag","embeddable":true,"href":"https:\/\/apts-consmetal.com\/pt\/wp-json\/wp\/v2\/product_tag?post=6018"}],"curies":[{"name":"wp","href":"https:\/\/api.w.org\/{rel}","templated":true}]}}