{"id":5978,"date":"2024-09-24T01:22:24","date_gmt":"2024-09-23T23:22:24","guid":{"rendered":"https:\/\/trastracontainers.com\/?post_type=product&#038;p=5978"},"modified":"2025-05-22T08:04:34","modified_gmt":"2025-05-22T06:04:34","slug":"conteneur-maritime-neuf-10-pieds-dry","status":"publish","type":"product","link":"https:\/\/apts-consmetal.com\/pt\/produto\/conteneur-maritime-neuf-10-pieds-dry\/","title":{"rendered":"Novo cont\u00eainer de transporte seco de 10 p\u00e9s"},"content":{"rendered":"<p>Nossos cont\u00eaineres de 10 p\u00e9s s\u00e3o ideais para necessidades de armazenamento de pequeno e m\u00e9dio porte, especialmente no setor de autoarmazenamento. Eles tamb\u00e9m s\u00e3o ideais para transportar e armazenar ferramentas, equipamentos ou itens dom\u00e9sticos.<\/p>\n<p>Esses cont\u00eaineres oferecem os mesmos recursos de um modelo padr\u00e3o de 20 p\u00e9s, com portas duplas em uma extremidade, dispon\u00edveis em azul ou verde e equipados com quatro barras de travamento com al\u00e7as na altura da cintura.<\/p>\n<p>Eles v\u00eam com um cofre embutido, 10 sa\u00eddas de ar para ventila\u00e7\u00e3o ideal e um piso de madeira compensada mar\u00edtima de alta qualidade.<\/p>\n<p>Banhados em CSC, eles est\u00e3o prontos para serem utilizados no transporte de cargas. Opcionalmente, eles podem ser equipados com um revestimento anticondensa\u00e7\u00e3o Grafo-therm por um custo adicional.<\/p>\n<div class=\"elementor-element elementor-element-06ed321 elementor-widget elementor-widget-wd_title\" data-id=\"06ed321\" data-element_type=\"widget\" data-widget_type=\"wd_title.default\">\n<div class=\"elementor-widget-container\">\n<div class=\"title-wrapper set-mb-s reset-last-child wd-title-color-default wd-title-style-default wd-title-size-default text-left\">\n<div class=\"liner-continer\">\n<h4 class=\"woodmart-title-container title wd-fontsize-l\"><span>CARACTER\u00cdSTICAS<\/span><\/h4>\n<\/div>\n<\/div>\n<\/div>\n<\/div>\n<div class=\"elementor-element elementor-element-7bcf580 color-scheme-inherit text-left elementor-widget elementor-widget-text-editor\" data-id=\"7bcf580\" data-element_type=\"widget\" data-widget_type=\"text-editor.default\">\n<div class=\"elementor-widget-container\">\n<table id=\"tableSpecs\">\n<tbody>\n<tr>\n<td><strong><span>Dimens\u00f5es externas<\/span><\/strong><\/td>\n<td><span>C 10\u2032 x C 8\u2032 x A 8,6\u2032<\/span><\/td>\n<td><span>C 3 m x C 2,4 m x A 2,6 m<\/span><\/td>\n<\/tr>\n<tr>\n<td><strong><span>Volume<\/span><\/strong><\/td>\n<td><span>565 pi3<\/span><\/td>\n<td><span>16 m\u00b3<\/span><\/td>\n<\/tr>\n<tr>\n<td><strong><span>Peso vazio<\/span><\/strong><\/td>\n<td><span>2.730 libras<\/span><\/td>\n<td><span>1.240 kg<\/span><\/td>\n<\/tr>\n<tr>\n<td><strong><span>Carga \u00fatil m\u00e1xima<\/span><\/strong><\/td>\n<td><span>26.460 libras<\/span><\/td>\n<td><span>12 000 kg<\/span><\/td>\n<\/tr>\n<tr>\n<td><strong><span>Carga m\u00e1xima<\/span><\/strong><\/td>\n<td><span>23.730 libras<\/span><\/td>\n<td><span>10.760 kg<\/span><\/td>\n<\/tr>\n<\/tbody>\n<\/table>\n<\/div>\n<\/div>","protected":false},"excerpt":{"rendered":"<p>Nossos cont\u00eaineres de 10 p\u00e9s, dispon\u00edveis em azul ou verde, s\u00e3o perfeitos para autoarmazenamento e transporte de pequenos equipamentos. Eles apresentam portas duplas, 10 aberturas para ventila\u00e7\u00e3o ideal e piso de compensado mar\u00edtimo de alta qualidade. Eles s\u00e3o revestidos com CSC e est\u00e3o prontos para transporte de carga, com op\u00e7\u00e3o de revestimento anticondensa\u00e7\u00e3o dispon\u00edvel.<\/p>","protected":false},"featured_media":6249,"comment_status":"open","ping_status":"closed","template":"","meta":[],"product_brand":[],"product_cat":[94,95],"product_tag":[],"class_list":{"0":"post-5978","1":"product","2":"type-product","3":"status-publish","4":"has-post-thumbnail","6":"product_cat-conteneurs-maritimes-neufs","7":"product_cat-petit","9":"first","10":"instock","11":"shipping-taxable","12":"purchasable","13":"product-type-variable"},"_links":{"self":[{"href":"https:\/\/apts-consmetal.com\/pt\/wp-json\/wp\/v2\/product\/5978","targetHints":{"allow":["GET"]}}],"collection":[{"href":"https:\/\/apts-consmetal.com\/pt\/wp-json\/wp\/v2\/product"}],"about":[{"href":"https:\/\/apts-consmetal.com\/pt\/wp-json\/wp\/v2\/types\/product"}],"replies":[{"embeddable":true,"href":"https:\/\/apts-consmetal.com\/pt\/wp-json\/wp\/v2\/comments?post=5978"}],"version-history":[{"count":0,"href":"https:\/\/apts-consmetal.com\/pt\/wp-json\/wp\/v2\/product\/5978\/revisions"}],"wp:featuredmedia":[{"embeddable":true,"href":"https:\/\/apts-consmetal.com\/pt\/wp-json\/wp\/v2\/media\/6249"}],"wp:attachment":[{"href":"https:\/\/apts-consmetal.com\/pt\/wp-json\/wp\/v2\/media?parent=5978"}],"wp:term":[{"taxonomy":"product_brand","embeddable":true,"href":"https:\/\/apts-consmetal.com\/pt\/wp-json\/wp\/v2\/product_brand?post=5978"},{"taxonomy":"product_cat","embeddable":true,"href":"https:\/\/apts-consmetal.com\/pt\/wp-json\/wp\/v2\/product_cat?post=5978"},{"taxonomy":"product_tag","embeddable":true,"href":"https:\/\/apts-consmetal.com\/pt\/wp-json\/wp\/v2\/product_tag?post=5978"}],"curies":[{"name":"wp","href":"https:\/\/api.w.org\/{rel}","templated":true}]}}