{"id":28910,"date":"2025-05-22T05:54:18","date_gmt":"2025-05-22T03:54:18","guid":{"rendered":"http:\/\/localhost:8888\/Cont\/wordpress\/?post_type=product&#038;p=28910"},"modified":"2025-05-22T05:54:18","modified_gmt":"2025-05-22T03:54:18","slug":"bungalow-bureau-modele-helsinki-de-4x3-metres","status":"publish","type":"product","link":"https:\/\/apts-consmetal.com\/pt\/produto\/bungalow-bureau-modele-helsinki-de-4x3-metres\/","title":{"rendered":"BUNGALOW ESCRIT\u00d3RIO MODELO HELSINKI 4\u00d73 METROS"},"content":{"rendered":"<h1>ESCRIT\u00d3RIO MODULAR MODELO HELSINKI 4\u00d73 METROS<\/h1>\n<p>O Escrit\u00f3rio Modular Multiuso de Helsinque pode ser usado para diversas aplica\u00e7\u00f5es. Com nosso modelo de escrit\u00f3rio modular 4\u00d73, voc\u00ea tem a liberdade de criar um espa\u00e7o que atenda \u00e0s suas necessidades. Quer voc\u00ea queira transformar este espa\u00e7o em um escrit\u00f3rio ou sal\u00e3o de beleza, ou convert\u00ea-lo em um espa\u00e7o de armazenamento como abrigo, nossa solu\u00e7\u00e3o \u00e9 ideal. Este bangal\u00f4 tamb\u00e9m se mostra uma excelente op\u00e7\u00e3o para canteiros de obras, oferecendo a possibilidade de utiliz\u00e1-lo como cabana ou sala de reuni\u00f5es. Se voc\u00ea est\u00e1 planejando apenas morar l\u00e1, mobilie-o com seus m\u00f3veis para criar um espa\u00e7o confort\u00e1vel e espa\u00e7oso.<\/p>\n<h2>ISOLAMENTO<\/h2>\n<p>Uma grande vantagem do nosso escrit\u00f3rio modular est\u00e1 no seu isolamento. O piso, as paredes e o teto s\u00e3o equipados com isolamento EPS de 100 mm, garantindo uso confort\u00e1vel durante todo o ano. Este isolamento tamb\u00e9m proporciona excelente redu\u00e7\u00e3o de ru\u00eddo, o que \u00e9 ideal se o escrit\u00f3rio estiver localizado em \u00e1reas barulhentas. Seja para escrit\u00f3rios profissionais, galp\u00f5es de jardim, canteiros de obras ou at\u00e9 mesmo para uso residencial, nossa linha de bangal\u00f4s de instala\u00e7\u00e3o r\u00e1pida atender\u00e1 \u00e0s suas necessidades.<\/p>\n<h2>JANELAS E PORTAS<\/h2>\n<p>Era crucial para n\u00f3s projetar um espa\u00e7o iluminado, banhado por luz natural. Resolvemos esse desafio instalando um grande painel de vidro de 800x1100 mm, juntamente com uma janela basculante na lateral, permitindo a entrada de ar fresco. Al\u00e9m disso, nosso Escrit\u00f3rio Modular conta com uma porta de a\u00e7o com uma grande janela de vidro, aumentando a quantidade de luz natural.<\/p>\n<h2>UM RECIPIENTE DE DESIGNER<\/h2>\n<p>Diferentemente dos cont\u00eaineres tradicionais, nosso bangal\u00f4 em Helsinque conta com revestimento em a\u00e7o RAL 7016, com pain\u00e9is montados na superf\u00edcie, o que lhe confere um visual moderno e luxuoso. Os pain\u00e9is, com acabamento em madeira escura, permitem uma integra\u00e7\u00e3o harmoniosa com a sua casa ou acrescentam um toque de eleg\u00e2ncia ao seu neg\u00f3cio.<\/p>\n<h2>ENTREGA E INSTALA\u00c7\u00c3O<\/h2>\n<p>Nossos cont\u00eaineres isolados s\u00e3o entregues diretamente do nosso estoque. Reconhecendo que nem todos os clientes conseguem transportar ou instalar o cont\u00eainer sozinhos, oferecemos um servi\u00e7o de transporte e entrega adequado. O bangal\u00f4 Helsinki \u00e9 equipado com an\u00e9is de eleva\u00e7\u00e3o no telhado, o que o torna f\u00e1cil de ser colocado em qualquer ambiente, seja um jardim ou um espa\u00e7o profissional. Para qualquer solicita\u00e7\u00e3o espec\u00edfica, nossos especialistas est\u00e3o \u00e0 sua disposi\u00e7\u00e3o para encontrar uma solu\u00e7\u00e3o adequada.<\/p>\n<h2>NOSSA FORMA DE TRABALHAR<\/h2>\n<h3>ANALISAR<\/h3>\n<p>Reservamos um tempo para conversar com voc\u00ea para identificar precisamente suas necessidades e oferecer o modelo mais adequado \u00e0s suas expectativas.<\/p>\n<h3>TINHA QUE<\/h3>\n<p>\u00c9 elaborado um or\u00e7amento detalhado com todas as especifica\u00e7\u00f5es do seu escrit\u00f3rio modular.<\/p>\n<h3>ENTREGA<\/h3>\n<p>Os bangal\u00f4s s\u00e3o entregues diretamente do nosso estoque. Oferecemos sempre uma solu\u00e7\u00e3o de entrega e instala\u00e7\u00e3o adequada e econ\u00f4mica. Nossos especialistas, com muitos anos de experi\u00eancia em entrega de cont\u00eaineres, definir\u00e3o a data de entrega com voc\u00ea assim que o or\u00e7amento for validado.<\/p>","protected":false},"excerpt":{"rendered":"<ul>\n<li>J\u00e1 em estoque!<\/li>\n<li>RAL 7016 Antracite exterior<\/li>\n<li>RAL 9010 Branco puro por dentro<\/li>\n<li>Dimens\u00f5es externas: 400 x 300 x 240\/230 cm<\/li>\n<li>Luz natural atrav\u00e9s das janelas salientes<\/li>\n<li>Totalmente isolado<\/li>\n<li>Eletricidade e ilumina\u00e7\u00e3o LED<\/li>\n<li>Entrega simples e r\u00e1pida<\/li>\n<\/ul>","protected":false},"featured_media":28914,"comment_status":"open","ping_status":"closed","template":"","meta":[],"product_brand":[],"product_cat":[111,100],"product_tag":[],"class_list":{"0":"post-28910","1":"product","2":"type-product","3":"status-publish","4":"has-post-thumbnail","6":"product_cat-bungalow","7":"product_cat-habitats-modulables","9":"first","10":"instock","11":"sale","12":"shipping-taxable","13":"purchasable","14":"product-type-simple"},"_links":{"self":[{"href":"https:\/\/apts-consmetal.com\/pt\/wp-json\/wp\/v2\/product\/28910","targetHints":{"allow":["GET"]}}],"collection":[{"href":"https:\/\/apts-consmetal.com\/pt\/wp-json\/wp\/v2\/product"}],"about":[{"href":"https:\/\/apts-consmetal.com\/pt\/wp-json\/wp\/v2\/types\/product"}],"replies":[{"embeddable":true,"href":"https:\/\/apts-consmetal.com\/pt\/wp-json\/wp\/v2\/comments?post=28910"}],"version-history":[{"count":0,"href":"https:\/\/apts-consmetal.com\/pt\/wp-json\/wp\/v2\/product\/28910\/revisions"}],"wp:featuredmedia":[{"embeddable":true,"href":"https:\/\/apts-consmetal.com\/pt\/wp-json\/wp\/v2\/media\/28914"}],"wp:attachment":[{"href":"https:\/\/apts-consmetal.com\/pt\/wp-json\/wp\/v2\/media?parent=28910"}],"wp:term":[{"taxonomy":"product_brand","embeddable":true,"href":"https:\/\/apts-consmetal.com\/pt\/wp-json\/wp\/v2\/product_brand?post=28910"},{"taxonomy":"product_cat","embeddable":true,"href":"https:\/\/apts-consmetal.com\/pt\/wp-json\/wp\/v2\/product_cat?post=28910"},{"taxonomy":"product_tag","embeddable":true,"href":"https:\/\/apts-consmetal.com\/pt\/wp-json\/wp\/v2\/product_tag?post=28910"}],"curies":[{"name":"wp","href":"https:\/\/api.w.org\/{rel}","templated":true}]}}