{"id":28877,"date":"2025-05-22T04:10:47","date_gmt":"2025-05-22T02:10:47","guid":{"rendered":"http:\/\/localhost:8888\/Cont\/wordpress\/?post_type=product&#038;p=28877"},"modified":"2025-05-22T04:10:47","modified_gmt":"2025-05-22T02:10:47","slug":"conteneur-dobservation-high-cube-de-10-pieds","status":"publish","type":"product","link":"https:\/\/apts-consmetal.com\/pt\/produto\/conteneur-dobservation-high-cube-de-10-pieds\/","title":{"rendered":"Recipiente de observa\u00e7\u00e3o High Cube de 10 p\u00e9s"},"content":{"rendered":"<div class=\"container-detail__description\">\n<p><span>O cont\u00eainer de observa\u00e7\u00e3o High Cube de 3 metros \u00e9 o espa\u00e7o de trabalho m\u00f3vel ideal. Ele pode servir perfeitamente como um concierge, uma sala de controle ou simplesmente um escrit\u00f3rio, gra\u00e7as \u00e0s suas janelas ao redor. Essas janelas t\u00eam vidros duplos de seguran\u00e7a e podem ser fechadas com persianas de PVC.<\/span><\/p>\n<p><span>O cont\u00eainer de observa\u00e7\u00e3o High Cube de 10 p\u00e9s \u00e9 frequentemente usado no setor mar\u00edtimo, mas tamb\u00e9m \u00e9 muito adequado para os setores de constru\u00e7\u00e3o, infraestrutura e eventos. Outra vantagem: atende aos padr\u00f5es CSC e pode ser transportado por barco.<\/span><\/p>\n<p><span>O cont\u00eainer de observa\u00e7\u00e3o de 3 metros de altura est\u00e1 dispon\u00edvel para compra e aluguel.<\/span><\/p>\n<\/div>\n<div class=\"container-detail__specifications\">\n<h5><span>Caracter\u00edsticas<\/span><\/h5>\n<div class=\"container-specifications__dl-group\"><span>Dimens\u00f5es externas (CxLxA)<\/span><span>2.991 x 2.438 x 2.896 mm<\/span><\/div>\n<div class=\"container-specifications__dl-group\"><span>Cor padr\u00e3o<\/span><span>RAL9016 PU<\/span><\/div>\n<div class=\"container-specifications__dl-group\"><span>Instala\u00e7\u00e3o el\u00e9trica<\/span><span>A instala\u00e7\u00e3o el\u00e9trica pode ser realizada inteiramente de acordo com a necessidade do cliente.<\/span><br \/>\n<span>Tamb\u00e9m \u00e9 poss\u00edvel equipar o cont\u00eainer de observa\u00e7\u00e3o com ar condicionado.<\/span><\/p>\n<\/div>\n<div class=\"container-specifications__dl-group\"><span>Caracter\u00edsticas<\/span><span>O cont\u00eainer \u00e9 totalmente isolado com pain\u00e9is sandu\u00edche.<\/span><\/p>\n<\/div>\n<div class=\"container-specifications__dl-group\"><span>Informa\u00e7\u00f5es adicionais<\/span><span>Inclui janelas<\/span><\/p>\n<\/div>\n<div class=\"element-text\">\n<p><em><span>As medidas fornecidas s\u00e3o indicativas e podem variar ligeiramente.<\/span><\/em><\/p>\n<\/div>\n<\/div>","protected":false},"excerpt":{"rendered":"<div class=\"container-specifications__dl-group\">Dimens\u00f5es externas (CxLxA) 2.991 x 2.438 x 2.896 mm<\/div>\n<div class=\"container-specifications__dl-group\">Cor padr\u00e3o RAL9016 PU<\/div>\n<div class=\"container-specifications__dl-group\">Instala\u00e7\u00e3o el\u00e9tricaA instala\u00e7\u00e3o el\u00e9trica pode ser realizada inteiramente de acordo com a necessidade do cliente.<br \/>\nTamb\u00e9m \u00e9 poss\u00edvel equipar o cont\u00eainer de observa\u00e7\u00e3o com ar condicionado.<\/p>\n<\/div>","protected":false},"featured_media":28883,"comment_status":"open","ping_status":"closed","template":"","meta":[],"product_brand":[],"product_cat":[111,100],"product_tag":[],"class_list":{"0":"post-28877","1":"product","2":"type-product","3":"status-publish","4":"has-post-thumbnail","6":"product_cat-bungalow","7":"product_cat-habitats-modulables","9":"first","10":"instock","11":"sale","12":"shipping-taxable","13":"purchasable","14":"product-type-simple"},"_links":{"self":[{"href":"https:\/\/apts-consmetal.com\/pt\/wp-json\/wp\/v2\/product\/28877","targetHints":{"allow":["GET"]}}],"collection":[{"href":"https:\/\/apts-consmetal.com\/pt\/wp-json\/wp\/v2\/product"}],"about":[{"href":"https:\/\/apts-consmetal.com\/pt\/wp-json\/wp\/v2\/types\/product"}],"replies":[{"embeddable":true,"href":"https:\/\/apts-consmetal.com\/pt\/wp-json\/wp\/v2\/comments?post=28877"}],"version-history":[{"count":0,"href":"https:\/\/apts-consmetal.com\/pt\/wp-json\/wp\/v2\/product\/28877\/revisions"}],"wp:featuredmedia":[{"embeddable":true,"href":"https:\/\/apts-consmetal.com\/pt\/wp-json\/wp\/v2\/media\/28883"}],"wp:attachment":[{"href":"https:\/\/apts-consmetal.com\/pt\/wp-json\/wp\/v2\/media?parent=28877"}],"wp:term":[{"taxonomy":"product_brand","embeddable":true,"href":"https:\/\/apts-consmetal.com\/pt\/wp-json\/wp\/v2\/product_brand?post=28877"},{"taxonomy":"product_cat","embeddable":true,"href":"https:\/\/apts-consmetal.com\/pt\/wp-json\/wp\/v2\/product_cat?post=28877"},{"taxonomy":"product_tag","embeddable":true,"href":"https:\/\/apts-consmetal.com\/pt\/wp-json\/wp\/v2\/product_tag?post=28877"}],"curies":[{"name":"wp","href":"https:\/\/api.w.org\/{rel}","templated":true}]}}