{"id":28840,"date":"2025-05-22T03:40:23","date_gmt":"2025-05-22T01:40:23","guid":{"rendered":"http:\/\/localhost:8888\/Cont\/wordpress\/?post_type=product&#038;p=28840"},"modified":"2025-05-22T04:24:46","modified_gmt":"2025-05-22T02:24:46","slug":"conteneur-frigorifique-domestique-de-10-pieds","status":"publish","type":"product","link":"https:\/\/apts-consmetal.com\/pt\/produto\/conteneur-frigorifique-domestique-de-10-pieds\/","title":{"rendered":"Cont\u00eainer refrigerado dom\u00e9stico de 10 p\u00e9s"},"content":{"rendered":"<div class=\"container-detail__description\">\n<p><span>Le conteneur frigorifique de 10 pieds \u00e9quip\u00e9 du syst\u00e8me Thermo King Magnum Plus est le plus petit conteneur r\u00e9frig\u00e9r\u00e9 de notre flotte. Les conteneurs frigorifiques sont la solution id\u00e9ale en cas de manque d&rsquo;espace de stockage r\u00e9frig\u00e9r\u00e9 ou congel\u00e9. Ce conteneur permet de refroidir et de congeler jusqu&rsquo;\u00e0 -40 \u00b0C. Il est \u00e9galement possible de transporter et de stocker des marchandises \u00e0 +30 \u00b0C. Nos conteneurs frigorifiques sont disponibles \u00e0 la vente et \u00e0 la location.<\/span><\/p>\n<\/div>\n<div class=\"container-detail__specifications\">\n<h5><span>Caracter\u00edsticas<\/span><\/h5>\n<div class=\"container-specifications__dl-group\">\n<div class=\"container-specifications__dl-group\">Dimens\u00f5es internas (CxLxA) 2,383 x 2,292 x 2,275 mm<\/div>\n<div class=\"container-specifications__dl-group\">Dimens\u00f5es externas (CxLxA) 2.991 x 2.438 x 2.591 mm<\/div>\n<div class=\"container-specifications__dl-group\">Abertura da porta (LxA) 2,288 x 2,251 mm<\/div>\n<div class=\"container-specifications__dl-group\">Volume 12,50 m\u00b3<\/div>\n<div class=\"container-specifications__dl-group\">Peso vazio 2.010 kg<\/div>\n<div class=\"container-specifications__dl-group\">Carga \u00fatil m\u00e1xima de 8.150 kg<\/div>\n<div class=\"container-specifications__dl-group\">Peso m\u00e1ximo da carga 10.160 kg<\/div>\n<div class=\"container-specifications__dl-group\">Cor padr\u00e3o RAL9010<\/div>\n<div class=\"container-specifications__dl-group\">Fornecido com<\/p>\n<div class=\"container-specs__item\">\n<p>Revestimento de a\u00e7o inoxid\u00e1vel<br \/>\nPiso plano<br \/>\nExcelente valor de isolamento<br \/>\nAdequado para transporte com temperatura controlada<\/p>\n<\/div>\n<\/div>\n<\/div>\n<div class=\"container-specifications__dl-group\"><span>Instala\u00e7\u00e3o el\u00e9trica<\/span><\/p>\n<div class=\"container-specs__item\">\n<p><span>\u00c9lectrique 380 volts, 50\/60 Hz<\/span><br \/>\n<span>Type Thermoking Magnum Plus<\/span><br \/>\n<span>R\u00e9glage de la temp\u00e9rature de -40 \u00b0C \u00e0 +30 \u00b0C<\/span><\/p>\n<\/div>\n<\/div>\n<div class=\"container-specifications__dl-group\"><span>Caracter\u00edsticas<\/span><span>Poign\u00e9e de porte \u00e0 ouverture facile avec poign\u00e9e en caoutchouc<\/span><br \/>\n<span>Deux passages pour chariot \u00e9l\u00e9vateur<\/span><br \/>\n<span>Test\u00e9 P.TI, y compris rapport de test<\/span><\/p>\n<\/div>\n<div class=\"container-specifications__dl-group\"><span>Informa\u00e7\u00f5es adicionais<\/span><span>Certifi\u00e9 CSC<\/span><br \/>\n<span>Em a\u00e7o corten<\/span><br \/>\n<span>Dispon\u00edvel em todas as cores RAL<\/span><br \/>\n<span>Empilh\u00e1vel<\/span><br \/>\n<span>Convient pour le stockage et le transport<\/span><\/p>\n<\/div>\n<div class=\"element-text\">\n<p><em><span>As medidas fornecidas s\u00e3o indicativas e podem variar ligeiramente.<\/span><\/em><\/p>\n<\/div>\n<\/div>","protected":false},"excerpt":{"rendered":"<div class=\"container-specifications__dl-group\">Dimens\u00f5es internas (CxLxA) 2,383 x 2,292 x 2,275 mm<\/div>\n<div class=\"container-specifications__dl-group\">Dimens\u00f5es externas (CxLxA) 2.991 x 2.438 x 2.591 mm<\/div>\n<div class=\"container-specifications__dl-group\">Abertura da porta (LxA) 2,288 x 2,251 mm<\/div>\n<div class=\"container-specifications__dl-group\">Volume 12,50 m\u00b3<\/div>\n<div class=\"container-specifications__dl-group\">Peso vazio 2.010 kg<\/div>\n<div class=\"container-specifications__dl-group\">Carga \u00fatil m\u00e1xima de 8.150 kg<\/div>\n<div class=\"container-specifications__dl-group\">Peso m\u00e1ximo da carga 10.160 kg<\/div>\n<div class=\"container-specifications__dl-group\">Cor padr\u00e3o RAL9010<\/div>\n<div class=\"container-specifications__dl-group\">Fornecido com<\/p>\n<div class=\"container-specs__item\">\n<p>Revestimento de a\u00e7o inoxid\u00e1vel<br \/>\nPiso plano<br \/>\nExcelente valor de isolamento<br \/>\nAdequado para transporte com temperatura controlada<\/p>\n<\/div>\n<\/div>","protected":false},"featured_media":28845,"comment_status":"open","ping_status":"closed","template":"","meta":[],"product_brand":[],"product_cat":[98],"product_tag":[],"class_list":{"0":"post-28840","1":"product","2":"type-product","3":"status-publish","4":"has-post-thumbnail","6":"product_cat-conteneurs-frigorifiques","8":"first","9":"instock","10":"sale","11":"shipping-taxable","12":"purchasable","13":"product-type-simple"},"_links":{"self":[{"href":"https:\/\/apts-consmetal.com\/pt\/wp-json\/wp\/v2\/product\/28840","targetHints":{"allow":["GET"]}}],"collection":[{"href":"https:\/\/apts-consmetal.com\/pt\/wp-json\/wp\/v2\/product"}],"about":[{"href":"https:\/\/apts-consmetal.com\/pt\/wp-json\/wp\/v2\/types\/product"}],"replies":[{"embeddable":true,"href":"https:\/\/apts-consmetal.com\/pt\/wp-json\/wp\/v2\/comments?post=28840"}],"version-history":[{"count":0,"href":"https:\/\/apts-consmetal.com\/pt\/wp-json\/wp\/v2\/product\/28840\/revisions"}],"wp:featuredmedia":[{"embeddable":true,"href":"https:\/\/apts-consmetal.com\/pt\/wp-json\/wp\/v2\/media\/28845"}],"wp:attachment":[{"href":"https:\/\/apts-consmetal.com\/pt\/wp-json\/wp\/v2\/media?parent=28840"}],"wp:term":[{"taxonomy":"product_brand","embeddable":true,"href":"https:\/\/apts-consmetal.com\/pt\/wp-json\/wp\/v2\/product_brand?post=28840"},{"taxonomy":"product_cat","embeddable":true,"href":"https:\/\/apts-consmetal.com\/pt\/wp-json\/wp\/v2\/product_cat?post=28840"},{"taxonomy":"product_tag","embeddable":true,"href":"https:\/\/apts-consmetal.com\/pt\/wp-json\/wp\/v2\/product_tag?post=28840"}],"curies":[{"name":"wp","href":"https:\/\/api.w.org\/{rel}","templated":true}]}}