{"id":28829,"date":"2025-05-22T03:34:38","date_gmt":"2025-05-22T01:34:38","guid":{"rendered":"http:\/\/localhost:8888\/Cont\/wordpress\/?post_type=product&#038;p=28829"},"modified":"2025-05-22T03:36:47","modified_gmt":"2025-05-22T01:36:47","slug":"conteneur-de-bac-degouttage-de-4-pieds","status":"publish","type":"product","link":"https:\/\/apts-consmetal.com\/pt\/produto\/conteneur-de-bac-degouttage-de-4-pieds\/","title":{"rendered":"Recipiente para bandeja coletora de 4 p\u00e9s"},"content":{"rendered":"<div class=\"container-detail__description\">\n<p class=\"p1\">Le conteneur \u00e0 bac r\u00e9cup\u00e9rateur de 1,20 m est un petit conteneur id\u00e9al pour le stockage de produits nocifs pour l&rsquo;environnement. Il est \u00e9quip\u00e9 d&rsquo;un bac r\u00e9cup\u00e9rateur int\u00e9gr\u00e9 avec fond grillag\u00e9. Il est \u00e9galement \u00e9quip\u00e9 de ventilations et de vannes de vidange suppl\u00e9mentaires. Il est disponible \u00e0 la vente et \u00e0 la location.<\/p>\n<\/div>\n<div class=\"container-detail__specifications\">\n<h5>Caracter\u00edsticas<\/h5>\n<div class=\"container-specifications__dl-group\">Dimens\u00f5es internas (CxLxA) 1.049 x 2.112 x 2.060 mm<\/div>\n<div class=\"container-specifications__dl-group\">Dimens\u00f5es externas (CxLxA) 1.200 x 2.200 x 2.260 mm<\/div>\n<div class=\"container-specifications__dl-group\">Abertura da porta (L x A) 2,106 x 1,949 mm<\/div>\n<div class=\"container-specifications__dl-group\">Volume4,60 m\u00b3 \/ 0,2 m\u00b3<\/div>\n<div class=\"container-specifications__dl-group\">Peso vazio 670 kg<\/div>\n<div class=\"container-specifications__dl-group\">Carga \u00fatil m\u00e1xima de 2.330 kg<\/div>\n<div class=\"container-specifications__dl-group\">Peso m\u00e1ximo da carga 3.000 kg<\/div>\n<div class=\"container-specifications__dl-group\">Cor padr\u00e3o RAL5013<\/div>\n<div class=\"container-specifications__dl-group\">\n<p>Fornecido com<\/p>\n<p class=\"p1\">Seguro<br \/>\nDois bolsos para empilhadeira<\/p>\n<\/div>\n<div class=\"container-specifications__dl-group\">\n<p>Caracter\u00edsticas<\/p>\n<p class=\"p1\">Bac d&rsquo;\u00e9gouttage int\u00e9gr\u00e9 avec fond en maille d&rsquo;acier<br \/>\nA\u00e9rations<br \/>\nVannes de vidange<\/p>\n<\/div>\n<div class=\"container-specifications__dl-group\">Informations compl\u00e9mentairesNon certifi\u00e9 CSC<br \/>\nR\u00e9alis\u00e9 en acier corten<br \/>\nDispon\u00edvel em todas as cores RAL<br \/>\nEmpilh\u00e1vel<\/div>\n<div class=\"element-text\">\n<p><em>As medidas fornecidas s\u00e3o indicativas e podem variar ligeiramente.<\/em><\/p>\n<\/div>\n<\/div>","protected":false},"excerpt":{"rendered":"<div class=\"container-specifications__dl-group\">Dimens\u00f5es internas (CxLxA) 1.049 x 2.112 x 2.060 mm<\/div>\n<div class=\"container-specifications__dl-group\">Dimens\u00f5es externas (CxLxA) 1.200 x 2.200 x 2.260 mm<\/div>\n<div class=\"container-specifications__dl-group\">Abertura da porta (L x A) 2,106 x 1,949 mm<\/div>\n<div class=\"container-specifications__dl-group\">Volume4,60 m\u00b3 \/ 0,2 m\u00b3<\/div>\n<div class=\"container-specifications__dl-group\">Peso vazio 670 kg<\/div>\n<div class=\"container-specifications__dl-group\">Carga \u00fatil m\u00e1xima de 2.330 kg<\/div>\n<div class=\"container-specifications__dl-group\">Peso m\u00e1ximo da carga 3.000 kg<\/div>\n<div class=\"container-specifications__dl-group\">Cor padr\u00e3o RAL5013<\/div>\n<div class=\"container-specifications__dl-group\">\n<p>Fornecido com<\/p>\n<p class=\"p1\">Seguro<br \/>\nDois bolsos para empilhadeira<\/p>\n<\/div>","protected":false},"featured_media":28838,"comment_status":"open","ping_status":"closed","template":"","meta":[],"product_brand":[],"product_cat":[94,95],"product_tag":[],"class_list":{"0":"post-28829","1":"product","2":"type-product","3":"status-publish","4":"has-post-thumbnail","6":"product_cat-conteneurs-maritimes-neufs","7":"product_cat-petit","9":"first","10":"instock","11":"shipping-taxable","12":"purchasable","13":"product-type-simple"},"_links":{"self":[{"href":"https:\/\/apts-consmetal.com\/pt\/wp-json\/wp\/v2\/product\/28829","targetHints":{"allow":["GET"]}}],"collection":[{"href":"https:\/\/apts-consmetal.com\/pt\/wp-json\/wp\/v2\/product"}],"about":[{"href":"https:\/\/apts-consmetal.com\/pt\/wp-json\/wp\/v2\/types\/product"}],"replies":[{"embeddable":true,"href":"https:\/\/apts-consmetal.com\/pt\/wp-json\/wp\/v2\/comments?post=28829"}],"version-history":[{"count":0,"href":"https:\/\/apts-consmetal.com\/pt\/wp-json\/wp\/v2\/product\/28829\/revisions"}],"wp:featuredmedia":[{"embeddable":true,"href":"https:\/\/apts-consmetal.com\/pt\/wp-json\/wp\/v2\/media\/28838"}],"wp:attachment":[{"href":"https:\/\/apts-consmetal.com\/pt\/wp-json\/wp\/v2\/media?parent=28829"}],"wp:term":[{"taxonomy":"product_brand","embeddable":true,"href":"https:\/\/apts-consmetal.com\/pt\/wp-json\/wp\/v2\/product_brand?post=28829"},{"taxonomy":"product_cat","embeddable":true,"href":"https:\/\/apts-consmetal.com\/pt\/wp-json\/wp\/v2\/product_cat?post=28829"},{"taxonomy":"product_tag","embeddable":true,"href":"https:\/\/apts-consmetal.com\/pt\/wp-json\/wp\/v2\/product_tag?post=28829"}],"curies":[{"name":"wp","href":"https:\/\/api.w.org\/{rel}","templated":true}]}}