{"id":28813,"date":"2025-05-22T03:24:48","date_gmt":"2025-05-22T01:24:48","guid":{"rendered":"http:\/\/localhost:8888\/Cont\/wordpress\/?post_type=product&#038;p=28813"},"modified":"2025-05-22T03:24:48","modified_gmt":"2025-05-22T01:24:48","slug":"conteneur-de-demenagement-de-5-pieds-acier-doux","status":"publish","type":"product","link":"https:\/\/apts-consmetal.com\/pt\/produto\/conteneur-de-demenagement-de-5-pieds-acier-doux\/","title":{"rendered":"Cont\u00eainer m\u00f3vel de 5 p\u00e9s (a\u00e7o macio)"},"content":{"rendered":"<div class=\"container-detail__description\">\n<p><span>O cont\u00eainer m\u00f3vel de 1,5 m \u00e9 a solu\u00e7\u00e3o ideal para espa\u00e7o de armazenamento adicional. Nossos clientes o utilizam para armazenar ferramentas (de jardim), agregados, cortadores de grama e m\u00f3veis.<\/span><br \/>\n<span>Equipado com bolsos para empilhadeiras em todos os lados, este cont\u00eainer \u00e9 muito manobr\u00e1vel e pr\u00e1tico. Ele tamb\u00e9m tem uma porta, em vez das duas habituais. N\u00e3o \u00e9 certificado pelo CSC. Feito de a\u00e7o macio.<\/span><\/p>\n<\/div>\n<div class=\"container-detail__specifications\">\n<h5><span>Caracter\u00edsticas<\/span><\/h5>\n<div class=\"container-specifications__dl-group\"><span>Dimens\u00f5es internas (CxLxA)<\/span><span>2,040 x 1,500 x 2,200 mm<\/span><\/div>\n<div class=\"container-specifications__dl-group\"><span>Dimens\u00f5es externas (CxLxA)<\/span><span>2.200 x 1.600 x 2.445 mm<\/span><\/div>\n<div class=\"container-specifications__dl-group\"><span>Volume<\/span><span>6,55 m\u00b3<\/span><\/div>\n<div class=\"container-specifications__dl-group\"><span>Peso vazio<\/span><span>450 kg<\/span><\/div>\n<div class=\"container-specifications__dl-group\"><span>Cor padr\u00e3o<\/span><span>RAL5010<\/span><\/div>\n<div class=\"container-specifications__dl-group\"><span>Caracter\u00edsticas<\/span><\/p>\n<p class=\"p1\"><span>Ventila\u00e7\u00e3o padr\u00e3o<\/span><br \/>\n<span>Bolsos para empilhadeira em cada lado<\/span><\/p>\n<p class=\"p2\">\n<\/div>\n<div class=\"container-specifications__dl-group\"><span>Informa\u00e7\u00f5es adicionais<\/span><span>N\u00e3o certificado pelo CSC<\/span><br \/>\n<span>A\u00e7o macio<\/span><br \/>\n<span>Dispon\u00edvel em todas as cores RAL<\/span><br \/>\n<span>Adequado para armazenamento<\/span><\/p>\n<\/div>\n<div class=\"element-text\">\n<p><em><span>As medidas fornecidas s\u00e3o indicativas e podem variar ligeiramente.<\/span><\/em><\/p>\n<\/div>\n<\/div>","protected":false},"excerpt":{"rendered":"<div class=\"container-specifications__dl-group\">Dimens\u00f5es internas (CxLxA) 2.040 x 1.500 x 2.200 mm<\/div>\n<div class=\"container-specifications__dl-group\">Dimens\u00f5es externas (CxLxA) 2.200 x 1.600 x 2.445 mm<\/div>\n<div class=\"container-specifications__dl-group\">Volume6,55 m\u00b3<\/div>\n<div class=\"container-specifications__dl-group\">Peso vazio 450 kg<\/div>\n<div class=\"container-specifications__dl-group\">Cor padr\u00e3o RAL5010<\/div>","protected":false},"featured_media":28814,"comment_status":"open","ping_status":"closed","template":"","meta":[],"product_brand":[],"product_cat":[94,95],"product_tag":[],"class_list":{"0":"post-28813","1":"product","2":"type-product","3":"status-publish","4":"has-post-thumbnail","6":"product_cat-conteneurs-maritimes-neufs","7":"product_cat-petit","9":"first","10":"instock","11":"shipping-taxable","12":"purchasable","13":"product-type-simple"},"_links":{"self":[{"href":"https:\/\/apts-consmetal.com\/pt\/wp-json\/wp\/v2\/product\/28813","targetHints":{"allow":["GET"]}}],"collection":[{"href":"https:\/\/apts-consmetal.com\/pt\/wp-json\/wp\/v2\/product"}],"about":[{"href":"https:\/\/apts-consmetal.com\/pt\/wp-json\/wp\/v2\/types\/product"}],"replies":[{"embeddable":true,"href":"https:\/\/apts-consmetal.com\/pt\/wp-json\/wp\/v2\/comments?post=28813"}],"version-history":[{"count":0,"href":"https:\/\/apts-consmetal.com\/pt\/wp-json\/wp\/v2\/product\/28813\/revisions"}],"wp:featuredmedia":[{"embeddable":true,"href":"https:\/\/apts-consmetal.com\/pt\/wp-json\/wp\/v2\/media\/28814"}],"wp:attachment":[{"href":"https:\/\/apts-consmetal.com\/pt\/wp-json\/wp\/v2\/media?parent=28813"}],"wp:term":[{"taxonomy":"product_brand","embeddable":true,"href":"https:\/\/apts-consmetal.com\/pt\/wp-json\/wp\/v2\/product_brand?post=28813"},{"taxonomy":"product_cat","embeddable":true,"href":"https:\/\/apts-consmetal.com\/pt\/wp-json\/wp\/v2\/product_cat?post=28813"},{"taxonomy":"product_tag","embeddable":true,"href":"https:\/\/apts-consmetal.com\/pt\/wp-json\/wp\/v2\/product_tag?post=28813"}],"curies":[{"name":"wp","href":"https:\/\/api.w.org\/{rel}","templated":true}]}}