{"id":28804,"date":"2025-05-22T03:21:43","date_gmt":"2025-05-22T01:21:43","guid":{"rendered":"http:\/\/localhost:8888\/Cont\/wordpress\/?post_type=product&#038;p=28804"},"modified":"2025-05-22T03:21:43","modified_gmt":"2025-05-22T01:21:43","slug":"conteneur-de-stockage-de-4-pieds","status":"publish","type":"product","link":"https:\/\/apts-consmetal.com\/pt\/produto\/conteneur-de-stockage-de-4-pieds\/","title":{"rendered":"Recipiente de armazenamento de 4 p\u00e9s"},"content":{"rendered":"<div class=\"container-detail__description\">\n<p><span>O cont\u00eainer de armazenamento Mini de 4 p\u00e9s \u00e9 o menor da nossa sele\u00e7\u00e3o. Este tipo de cont\u00eainer \u00e9 ideal para armazenamento seco de seus produtos. Este cont\u00eainer n\u00e3o \u00e9 aprovado pelo CSC e, portanto, n\u00e3o \u00e9 adequado para transporte intermodal. Feito em a\u00e7o corten, conta com piso de compensado.<\/span><\/p>\n<\/div>\n<div class=\"container-detail__specifications\">\n<h5><span>Caracter\u00edsticas<\/span><\/h5>\n<div class=\"container-specifications__dl-group\"><span>Dimens\u00f5es internas (CxLxA)<\/span><span>1.049 x 2.112 x 2.062 mm<\/span><\/div>\n<div class=\"container-specifications__dl-group\"><span>Dimens\u00f5es externas (CxLxA)<\/span><span>1.200 x 2.200 x 2.260 mm<\/span><\/div>\n<div class=\"container-specifications__dl-group\"><span>Abertura da porta (LxA)<\/span><span>2.070 x 1.945 mm<\/span><\/div>\n<div class=\"container-specifications__dl-group\"><span>Volume<\/span><span>4,60 m\u00b3<\/span><\/div>\n<div class=\"container-specifications__dl-group\"><span>Peso vazio<\/span><span>670 kg<\/span><\/div>\n<div class=\"container-specifications__dl-group\"><span>Carga \u00fatil m\u00e1xima<\/span><span>2.330 kg<\/span><\/div>\n<div class=\"container-specifications__dl-group\"><span>Peso m\u00e1ximo da carga<\/span><span>3 000 kg<\/span><\/div>\n<div class=\"container-specifications__dl-group\"><span>Cor padr\u00e3o<\/span><span>RAL5013<\/span><\/div>\n<div class=\"container-specifications__dl-group\"><span>Caracter\u00edsticas<\/span><span>Ventila\u00e7\u00e3o padr\u00e3o,<\/span><br \/>\n<span>al\u00e7a alta e mecanismo de travamento,\u00a0<\/span><br \/>\n<span>seguro,<\/span><br \/>\n<span>bolsos para empilhadeira<\/span><br \/>\n<span>, piso de madeira compensada<\/span><\/p>\n<\/div>\n<div class=\"container-specifications__dl-group\"><span>Informa\u00e7\u00f5es adicionais<\/span><span>N\u00e3o certificado pelo CSC<\/span><br \/>\n<span>Em a\u00e7o corten<\/span><br \/>\n<span>Dispon\u00edvel em todas as cores RAL<\/span><br \/>\n<span>Empilh\u00e1vel<\/span><br \/>\n<span>Adequado para armazenamento<\/span><\/p>\n<\/div>\n<div class=\"element-text\">\n<p><em><span>As medidas fornecidas s\u00e3o indicativas e podem variar ligeiramente.<\/span><\/em><\/p>\n<\/div>\n<\/div>","protected":false},"excerpt":{"rendered":"<div class=\"container-specifications__dl-group\">Dimens\u00f5es internas (CxLxA) 1,049 x 2,112 x 2,062 mm<\/div>\n<div class=\"container-specifications__dl-group\">Dimens\u00f5es externas (CxLxA) 1.200 x 2.200 x 2.260 mm<\/div>\n<div class=\"container-specifications__dl-group\">Abertura da porta (LxA) 2.070 x 1.945 mm<\/div>\n<div class=\"container-specifications__dl-group\">Volume4,60 m\u00b3<\/div>\n<div class=\"container-specifications__dl-group\">Peso vazio 670 kg<\/div>\n<div class=\"container-specifications__dl-group\">Carga \u00fatil m\u00e1xima de 2.330 kg<\/div>\n<div class=\"container-specifications__dl-group\">Peso m\u00e1ximo da carga 3.000 kg<\/div>\n<div class=\"container-specifications__dl-group\">Cor padr\u00e3o RAL5013<\/div>\n<div class=\"container-specifications__dl-group\">Caracter\u00edsticas<\/div>","protected":false},"featured_media":28805,"comment_status":"open","ping_status":"closed","template":"","meta":[],"product_brand":[],"product_cat":[94,95],"product_tag":[],"class_list":{"0":"post-28804","1":"product","2":"type-product","3":"status-publish","4":"has-post-thumbnail","6":"product_cat-conteneurs-maritimes-neufs","7":"product_cat-petit","9":"first","10":"instock","11":"shipping-taxable","12":"purchasable","13":"product-type-simple"},"_links":{"self":[{"href":"https:\/\/apts-consmetal.com\/pt\/wp-json\/wp\/v2\/product\/28804","targetHints":{"allow":["GET"]}}],"collection":[{"href":"https:\/\/apts-consmetal.com\/pt\/wp-json\/wp\/v2\/product"}],"about":[{"href":"https:\/\/apts-consmetal.com\/pt\/wp-json\/wp\/v2\/types\/product"}],"replies":[{"embeddable":true,"href":"https:\/\/apts-consmetal.com\/pt\/wp-json\/wp\/v2\/comments?post=28804"}],"version-history":[{"count":0,"href":"https:\/\/apts-consmetal.com\/pt\/wp-json\/wp\/v2\/product\/28804\/revisions"}],"wp:featuredmedia":[{"embeddable":true,"href":"https:\/\/apts-consmetal.com\/pt\/wp-json\/wp\/v2\/media\/28805"}],"wp:attachment":[{"href":"https:\/\/apts-consmetal.com\/pt\/wp-json\/wp\/v2\/media?parent=28804"}],"wp:term":[{"taxonomy":"product_brand","embeddable":true,"href":"https:\/\/apts-consmetal.com\/pt\/wp-json\/wp\/v2\/product_brand?post=28804"},{"taxonomy":"product_cat","embeddable":true,"href":"https:\/\/apts-consmetal.com\/pt\/wp-json\/wp\/v2\/product_cat?post=28804"},{"taxonomy":"product_tag","embeddable":true,"href":"https:\/\/apts-consmetal.com\/pt\/wp-json\/wp\/v2\/product_tag?post=28804"}],"curies":[{"name":"wp","href":"https:\/\/api.w.org\/{rel}","templated":true}]}}