{"id":28659,"date":"2025-05-21T22:37:11","date_gmt":"2025-05-21T20:37:11","guid":{"rendered":"http:\/\/localhost:8888\/Cont\/wordpress\/?post_type=product&#038;p=28659"},"modified":"2025-05-22T08:04:13","modified_gmt":"2025-05-22T06:04:13","slug":"conteneur-bar-demontable-6x2-metres-xl-noir-ral-9005","status":"publish","type":"product","link":"https:\/\/apts-consmetal.com\/pt\/produto\/conteneur-bar-demontable-6x2-metres-xl-noir-ral-9005\/","title":{"rendered":"Container desmont\u00e1vel para bar 6\u00d72 metros XL Preto RAL"},"content":{"rendered":"<h2>Receba seus convidados com estilo!<\/h2>\n<p>Esta vers\u00e3o do nosso cont\u00eainer de bar \u00e9 ideal para uso como um bar ao ar livre em um terra\u00e7o. Na verdade, o bar ao ar livre \u00e9 composto por dois cont\u00eaineres diferentes conectados um ao outro. Isso cria espa\u00e7o para armazenar itens para o bar, por exemplo, e h\u00e1 espa\u00e7o para atender clientes no terra\u00e7o, por exemplo. Este cont\u00eainer para bar ao ar livre est\u00e1 dispon\u00edvel em tr\u00eas vers\u00f5es diferentes: um bar ao ar livre com 1 toldo, um bar ao ar livre com 2 toldos e um bar ao ar livre com 3 toldos. Essas coberturas podem ser aplicadas conforme desejado, por exemplo, duas coberturas pr\u00f3ximas uma da outra no lado comprido ou tr\u00eas coberturas em um lado do cont\u00eainer (como mostrado na imagem e no v\u00eddeo). Este \u00faltimo \u00e9 ideal para um terra\u00e7o movimentado, para que as pessoas possam ser atendidas no bar de um lado e haja espa\u00e7o do outro lado do cont\u00eainer para barris de cerveja, por exemplo.<\/p>\n<p>Este cont\u00eainer de bar para \u00e1reas externas pode ser usado para muitas finalidades. O cont\u00eainer para bar ao ar livre pode, \u00e9 claro, ser usado no setor de hospitalidade, em um restaurante ou caf\u00e9, mas tamb\u00e9m pode ser usado em um festival ou evento. Claro, o recipiente nem sempre precisa ser usado para fins comerciais, ele tamb\u00e9m pode ser colocado no jardim para receber amigos e\/ou familiares que v\u00eam tomar uma bebida.<\/p>\n<section class=\"elementor-section elementor-top-section elementor-element elementor-element-6cfe97b elementor-section-boxed elementor-section-height-default elementor-section-height-default\" data-id=\"6cfe97b\" data-element_type=\"section\">\n<div class=\"elementor-container elementor-column-gap-default\">\n<div class=\"elementor-column elementor-col-100 elementor-top-column elementor-element elementor-element-50d9227\" data-id=\"50d9227\" data-element_type=\"column\">\n<div class=\"elementor-widget-wrap elementor-element-populated\">\n<div class=\"elementor-element elementor-element-d3b361e elementor-widget elementor-widget-text-editor\" data-id=\"d3b361e\" data-element_type=\"widget\" data-widget_type=\"text-editor.default\">\n<div class=\"elementor-widget-container\">\n<h3>Por que comprar um cont\u00eainer dobr\u00e1vel para um bar ou empresa?<\/h3>\n<div>Priorizamos dois objetivos que formam a base do nosso neg\u00f3cio:<\/div>\n<div><\/div>\n<\/div>\n<\/div>\n<\/div>\n<\/div>\n<\/div>\n<\/section>\n<section class=\"elementor-section elementor-top-section elementor-element elementor-element-45d7e6d elementor-section-boxed elementor-section-height-default elementor-section-height-default\" data-id=\"45d7e6d\" data-element_type=\"section\">\n<div class=\"elementor-container elementor-column-gap-default\">\n<div class=\"elementor-column elementor-col-50 elementor-top-column elementor-element elementor-element-7c433fd\" data-id=\"7c433fd\" data-element_type=\"column\">\n<div class=\"elementor-widget-wrap elementor-element-populated\">\n<div class=\"elementor-element elementor-element-7a19ae0 elementor-widget elementor-widget-text-editor\" data-id=\"7a19ae0\" data-element_type=\"widget\" data-widget_type=\"text-editor.default\">\n<div class=\"elementor-widget-container\">\n<h4>Satisfa\u00e7\u00e3o do cliente<\/h4>\n<p>N\u00f3s sempre nos esfor\u00e7amos para oferecer o melhor servi\u00e7o poss\u00edvel aos nossos clientes e fazemos tudo o que est\u00e1 ao nosso alcance para conseguir isso. Estamos sempre dispon\u00edveis para responder suas perguntas, responder seus coment\u00e1rios e oferecer aconselhamento profissional.<\/p>\n<\/div>\n<\/div>\n<\/div>\n<\/div>\n<div class=\"elementor-column elementor-col-50 elementor-top-column elementor-element elementor-element-aa5a4f2\" data-id=\"aa5a4f2\" data-element_type=\"column\">\n<div class=\"elementor-widget-wrap elementor-element-populated\">\n<div class=\"elementor-element elementor-element-2740681 elementor-widget elementor-widget-text-editor\" data-id=\"2740681\" data-element_type=\"widget\" data-widget_type=\"text-editor.default\">\n<div class=\"elementor-widget-container\">\n<h4>Qualidade de primeira linha<\/h4>\n<p>Oferecemos altos padr\u00f5es de qualidade, com garantia m\u00ednima de um ano. Ao aplicar esses altos padr\u00f5es aos nossos cont\u00eaineres de bar dobr\u00e1veis, n\u00f3s os tornamos f\u00e1ceis de montar e, ao mesmo tempo, superfortes e robustos gra\u00e7as aos seus pain\u00e9is de a\u00e7o.<\/p>\n<\/div>\n<\/div>\n<\/div>\n<\/div>\n<\/div>\n<\/section>\n<section class=\"elementor-section elementor-top-section elementor-element elementor-element-4422d44 elementor-section-boxed elementor-section-height-default elementor-section-height-default\" data-id=\"4422d44\" data-element_type=\"section\">\n<div class=\"elementor-container elementor-column-gap-default\">\n<div class=\"elementor-column elementor-col-100 elementor-top-column elementor-element elementor-element-a464038\" data-id=\"a464038\" data-element_type=\"column\">\n<div class=\"elementor-widget-wrap elementor-element-populated\">\n<div class=\"elementor-element elementor-element-ffb43c2 elementor-widget elementor-widget-text-editor\" data-id=\"ffb43c2\" data-element_type=\"widget\" data-widget_type=\"text-editor.default\">\n<div class=\"elementor-widget-container\">\n<p>O cont\u00eainer de bar ao ar livre tem uma s\u00e9rie de vantagens. Primeiro, o cont\u00eainer \u00e9 desmont\u00e1vel e pode ser facilmente montado e desmontado sem o uso de ferramentas pesadas. Como o cont\u00eainer \u00e9 remov\u00edvel, voc\u00ea tamb\u00e9m tem a op\u00e7\u00e3o de posicionar os pain\u00e9is como desejar, o que lhe d\u00e1 a liberdade de colocar os toldos onde quiser. Al\u00e9m disso, as coberturas podem ser trancadas, para que nenhuma pessoa n\u00e3o autorizada possa entrar no cont\u00eainer atrav\u00e9s delas \u00e0 noite. Outra grande vantagem \u00e9 que o cont\u00eainer para bar externo est\u00e1 dispon\u00edvel em todas as cores RAL cl\u00e1ssicas e isso tamb\u00e9m est\u00e1 inclu\u00eddo no pre\u00e7o; n\u00f3s da Conteneurmontagerapid temos a garantia do menor pre\u00e7o da Fran\u00e7a. Isso significa que voc\u00ea nunca pagar\u00e1 a mais por aquele cont\u00eainer de bar ao ar livre.<\/p>\n<p>Voc\u00ea est\u00e1 interessado ou ainda tem d\u00favidas? Ent\u00e3o entre em contato conosco e teremos prazer em ajudar voc\u00ea!<\/p>\n<\/div>\n<\/div>\n<\/div>\n<\/div>\n<\/div>\n<\/section>","protected":false},"excerpt":{"rendered":"<p>Esta vers\u00e3o do nosso cont\u00eainer de bar \u00e9 ideal para uso como um bar ao ar livre em um terra\u00e7o.<\/p>\n<ul>\n<li>Recipiente de bar desmont\u00e1vel e autoconstru\u00eddo<\/li>\n<li>Dimens\u00f5es externas (CxLxA): 5903,2 x 2289,7 x 2238,5 mm<\/li>\n<li>Dimens\u00f5es internas (CxLxA): 5741 x 2130 x 2230 mm<\/li>\n<li>Dimens\u00f5es das portas: (CxA): 1750 x 1850 mm<\/li>\n<li>Totalmente desmont\u00e1vel<\/li>\n<li>Dispon\u00edvel em todas as cores RAL<\/li>\n<li>As aberturas dos cont\u00eaineres est\u00e3o protegidas<\/li>\n<li>Constru\u00e7\u00e3o totalmente autossustent\u00e1vel, incluindo piso<\/li>\n<\/ul>","protected":false},"featured_media":28660,"comment_status":"open","ping_status":"closed","template":"","meta":[],"product_brand":[],"product_cat":[110,100],"product_tag":[],"class_list":{"0":"post-28659","1":"product","2":"type-product","3":"status-publish","4":"has-post-thumbnail","6":"product_cat-conteneur-amenage","7":"product_cat-habitats-modulables","9":"first","10":"instock","11":"sale","12":"shipping-taxable","13":"purchasable","14":"product-type-variable"},"_links":{"self":[{"href":"https:\/\/apts-consmetal.com\/pt\/wp-json\/wp\/v2\/product\/28659","targetHints":{"allow":["GET"]}}],"collection":[{"href":"https:\/\/apts-consmetal.com\/pt\/wp-json\/wp\/v2\/product"}],"about":[{"href":"https:\/\/apts-consmetal.com\/pt\/wp-json\/wp\/v2\/types\/product"}],"replies":[{"embeddable":true,"href":"https:\/\/apts-consmetal.com\/pt\/wp-json\/wp\/v2\/comments?post=28659"}],"version-history":[{"count":0,"href":"https:\/\/apts-consmetal.com\/pt\/wp-json\/wp\/v2\/product\/28659\/revisions"}],"wp:featuredmedia":[{"embeddable":true,"href":"https:\/\/apts-consmetal.com\/pt\/wp-json\/wp\/v2\/media\/28660"}],"wp:attachment":[{"href":"https:\/\/apts-consmetal.com\/pt\/wp-json\/wp\/v2\/media?parent=28659"}],"wp:term":[{"taxonomy":"product_brand","embeddable":true,"href":"https:\/\/apts-consmetal.com\/pt\/wp-json\/wp\/v2\/product_brand?post=28659"},{"taxonomy":"product_cat","embeddable":true,"href":"https:\/\/apts-consmetal.com\/pt\/wp-json\/wp\/v2\/product_cat?post=28659"},{"taxonomy":"product_tag","embeddable":true,"href":"https:\/\/apts-consmetal.com\/pt\/wp-json\/wp\/v2\/product_tag?post=28659"}],"curies":[{"name":"wp","href":"https:\/\/api.w.org\/{rel}","templated":true}]}}