{"id":28655,"date":"2025-05-21T22:33:51","date_gmt":"2025-05-21T20:33:51","guid":{"rendered":"http:\/\/localhost:8888\/Cont\/wordpress\/?post_type=product&#038;p=28655"},"modified":"2025-05-21T23:15:03","modified_gmt":"2025-05-21T21:15:03","slug":"conteneur-bar-demontable-4x2-metres-xl-noir-ral-9005","status":"publish","type":"product","link":"https:\/\/apts-consmetal.com\/pt\/produto\/conteneur-bar-demontable-4x2-metres-xl-noir-ral-9005\/","title":{"rendered":"Recipiente de Bar Desmont\u00e1vel 4\u00d72 metros XL Preto RAL"},"content":{"rendered":"<section class=\"elementor-section elementor-top-section elementor-element elementor-element-5d655291 elementor-section-boxed elementor-section-height-default elementor-section-height-default\" data-id=\"5d655291\" data-element_type=\"section\">\n<div class=\"elementor-container elementor-column-gap-default\">\n<div class=\"elementor-column elementor-col-100 elementor-top-column elementor-element elementor-element-6dfcf8d3\" data-id=\"6dfcf8d3\" data-element_type=\"column\">\n<div class=\"elementor-widget-wrap elementor-element-populated\">\n<div class=\"elementor-element elementor-element-2443f386 elementor-widget elementor-widget-text-editor\" data-id=\"2443f386\" data-element_type=\"widget\" data-widget_type=\"text-editor.default\">\n<div class=\"elementor-widget-container\">\n<h2>Bar \u00e0 vendre con\u00e7u pour de plus grandes ambitions<\/h2>\n<p>Temos todos os tipos de cont\u00eaineres para venda, incluindo cont\u00eaineres extragrandes! Este cont\u00eainer XL tem todas as caracter\u00edsticas de seu irm\u00e3o (cont\u00eainer de barra dobr\u00e1vel de 4\u00d74 metros), mas tem espa\u00e7o adicional no comprimento e na largura para conveni\u00eancia do cliente.<\/p>\n<blockquote><p>\u201cQual melhor maneira de passar uma boa noite do que no seu pr\u00f3prio bar. \u00bb<\/p><\/blockquote>\n<h3>Caract\u00e9ristiques du Conteneur Pliable de 4\u00d72 M\u00e8tres XL<\/h3>\n<p>O bar de cont\u00eaineres de 2,3 metros de altura \u00e9 equipado com uma cobertura dobr\u00e1vel e portas duplas \u2013 dispon\u00edveis nos lados longo e curto. As dimens\u00f5es s\u00e3o semelhantes \u00e0s de um cont\u00eainer desmont\u00e1vel de 16 p\u00e9s, mas a largura e o comprimento s\u00e3o meio metro maiores.<\/p>\n<p>A cobertura deste cont\u00eainer \u00e9 super resistente e cont\u00e9m um sistema hidr\u00e1ulico. Este sistema permite que a lona seja levantada e fechada com seguran\u00e7a. Al\u00e9m disso, a porta dupla do cont\u00eainer permite colocar itens grandes, como barris de cerveja, freezers, mesas, etc. Portanto, \u00e9 a maneira ideal de oferecer uma bebida ou um lanche a clientes ou amigos.<\/p>\n<h3>Avantages d\u2019un Container Bar D\u00e9montable<\/h3>\n<p>O cont\u00eainer bar lhe trar\u00e1 benef\u00edcios como um \u00f3timo lugar para passar bons momentos ou um local onde voc\u00ea pode desenvolver uma atividade comercial. Se seus entes queridos visitam sua casa, com o cont\u00eainer XL voc\u00ea pode capturar a aten\u00e7\u00e3o deles e criar um ambiente mais confort\u00e1vel e inovador. Outros benef\u00edcios deste produto incluem:<\/p>\n<\/div>\n<\/div>\n<\/div>\n<\/div>\n<\/div>\n<\/section>\n<section class=\"elementor-section elementor-top-section elementor-element elementor-element-88ee49a elementor-section-boxed elementor-section-height-default elementor-section-height-default\" data-id=\"88ee49a\" data-element_type=\"section\">\n<div class=\"elementor-container elementor-column-gap-default\">\n<div class=\"elementor-column elementor-col-50 elementor-top-column elementor-element elementor-element-dbae0da\" data-id=\"dbae0da\" data-element_type=\"column\">\n<div class=\"elementor-widget-wrap elementor-element-populated\">\n<div class=\"elementor-element elementor-element-c304ac9 elementor-widget elementor-widget-text-editor\" data-id=\"c304ac9\" data-element_type=\"widget\" data-widget_type=\"text-editor.default\">\n<div class=\"elementor-widget-container\">\n<h4>Sua durabilidade<\/h4>\n<p>Temos cont\u00eaineres para venda aos melhores pre\u00e7os do mercado sem abrir m\u00e3o da qualidade. Dessa forma, seu cont\u00eainer fica ideal para todos os tipos de uso. Nossos m\u00f3dulos s\u00e3o feitos com o melhor a\u00e7o, o que os torna muito resistentes.<\/p>\n<\/div>\n<\/div>\n<\/div>\n<\/div>\n<div class=\"elementor-column elementor-col-50 elementor-top-column elementor-element elementor-element-7b9bd85\" data-id=\"7b9bd85\" data-element_type=\"column\">\n<div class=\"elementor-widget-wrap elementor-element-populated\">\n<div class=\"elementor-element elementor-element-b743a25 elementor-widget elementor-widget-text-editor\" data-id=\"b743a25\" data-element_type=\"widget\" data-widget_type=\"text-editor.default\">\n<div class=\"elementor-widget-container\">\n<h4>Sua adaptabilidade<\/h4>\n<p>Nosso cont\u00eainer XL foi projetado para ser facilmente desmontado para um transporte mais r\u00e1pido. Caso n\u00e3o queira desmont\u00e1-lo, voc\u00ea pode mov\u00ea-lo facilmente com uma empilhadeira, gra\u00e7as \u00e0s ranhuras localizadas em sua base. N\u00e3o \u00e9 necess\u00e1rio guindaste, o que torna o cont\u00eainer vers\u00e1til e eficiente.<\/p>\n<\/div>\n<\/div>\n<\/div>\n<\/div>\n<\/div>\n<\/section>\n<section class=\"elementor-section elementor-top-section elementor-element elementor-element-117b974 elementor-section-boxed elementor-section-height-default elementor-section-height-default\" data-id=\"117b974\" data-element_type=\"section\">\n<div class=\"elementor-container elementor-column-gap-default\">\n<div class=\"elementor-column elementor-col-100 elementor-top-column elementor-element elementor-element-7e9d564\" data-id=\"7e9d564\" data-element_type=\"column\">\n<div class=\"elementor-widget-wrap elementor-element-populated\">\n<div class=\"elementor-element elementor-element-bd4e978 elementor-widget elementor-widget-text-editor\" data-id=\"bd4e978\" data-element_type=\"widget\" data-widget_type=\"text-editor.default\">\n<div class=\"elementor-widget-container\">\n<h3>O cont\u00eainer XL tamb\u00e9m \u00e9 modular!<\/h3>\n<p>Quando voc\u00ea tem cont\u00eaineres grandes para vender, voc\u00ea tamb\u00e9m precisa dar a eles toda a flexibilidade e versatilidade que outros cont\u00eaineres t\u00eam. Kits de rack, kits de conex\u00e3o e prote\u00e7\u00e3o contra roubo s\u00e3o totalmente compat\u00edveis com este produto.<\/p>\n<\/div>\n<\/div>\n<\/div>\n<\/div>\n<\/div>\n<\/section>","protected":false},"excerpt":{"rendered":"<p>O cont\u00eainer de bar \u00e9 uma maneira segura de come\u00e7ar sua aventura gra\u00e7as ao seu design de montagem r\u00e1pida.<\/p>\n<ul>\n<li>Recipiente de barra destac\u00e1vel para automontagem<\/li>\n<li>Dimens\u00f5es externas (CxLxA): 3882 x 2290 x 2240 mm<\/li>\n<li>Dimens\u00f5es internas (CxLxA): 3802 x 2210 x 2100 mm<\/li>\n<li>Dimens\u00f5es da porta: (CxA): 1750 x 2050 mm<\/li>\n<li>Dispon\u00edvel em todas as cores RAL<\/li>\n<li>A tampa do recipiente \u00e9 presa por duas travas cil\u00edndricas em ambos os lados.<\/li>\n<li>Constru\u00e7\u00e3o totalmente autoportante, incluindo o piso.<\/li>\n<\/ul>","protected":false},"featured_media":28656,"comment_status":"open","ping_status":"closed","template":"","meta":[],"product_brand":[],"product_cat":[110,100],"product_tag":[],"class_list":{"0":"post-28655","1":"product","2":"type-product","3":"status-publish","4":"has-post-thumbnail","6":"product_cat-conteneur-amenage","7":"product_cat-habitats-modulables","9":"first","10":"instock","11":"sale","12":"shipping-taxable","13":"purchasable","14":"product-type-simple"},"_links":{"self":[{"href":"https:\/\/apts-consmetal.com\/pt\/wp-json\/wp\/v2\/product\/28655","targetHints":{"allow":["GET"]}}],"collection":[{"href":"https:\/\/apts-consmetal.com\/pt\/wp-json\/wp\/v2\/product"}],"about":[{"href":"https:\/\/apts-consmetal.com\/pt\/wp-json\/wp\/v2\/types\/product"}],"replies":[{"embeddable":true,"href":"https:\/\/apts-consmetal.com\/pt\/wp-json\/wp\/v2\/comments?post=28655"}],"version-history":[{"count":0,"href":"https:\/\/apts-consmetal.com\/pt\/wp-json\/wp\/v2\/product\/28655\/revisions"}],"wp:featuredmedia":[{"embeddable":true,"href":"https:\/\/apts-consmetal.com\/pt\/wp-json\/wp\/v2\/media\/28656"}],"wp:attachment":[{"href":"https:\/\/apts-consmetal.com\/pt\/wp-json\/wp\/v2\/media?parent=28655"}],"wp:term":[{"taxonomy":"product_brand","embeddable":true,"href":"https:\/\/apts-consmetal.com\/pt\/wp-json\/wp\/v2\/product_brand?post=28655"},{"taxonomy":"product_cat","embeddable":true,"href":"https:\/\/apts-consmetal.com\/pt\/wp-json\/wp\/v2\/product_cat?post=28655"},{"taxonomy":"product_tag","embeddable":true,"href":"https:\/\/apts-consmetal.com\/pt\/wp-json\/wp\/v2\/product_tag?post=28655"}],"curies":[{"name":"wp","href":"https:\/\/api.w.org\/{rel}","templated":true}]}}