{"id":28651,"date":"2025-05-21T22:31:35","date_gmt":"2025-05-21T20:31:35","guid":{"rendered":"http:\/\/localhost:8888\/Cont\/wordpress\/?post_type=product&#038;p=28651"},"modified":"2025-05-21T23:15:11","modified_gmt":"2025-05-21T21:15:11","slug":"conteneur-bar-demontable-xl-3-x-2-metres-anthracite-ral-7016","status":"publish","type":"product","link":"https:\/\/apts-consmetal.com\/pt\/produto\/conteneur-bar-demontable-xl-3-x-2-metres-anthracite-ral-7016\/","title":{"rendered":"Recipiente de barra desmont\u00e1vel XL 3 x 2 metros antracite RAL"},"content":{"rendered":"<section class=\"elementor-section elementor-top-section elementor-element elementor-element-4975723f elementor-section-boxed elementor-section-height-default elementor-section-height-default\" data-id=\"4975723f\" data-element_type=\"section\">\n<div class=\"elementor-container elementor-column-gap-default\">\n<div class=\"elementor-column elementor-col-100 elementor-top-column elementor-element elementor-element-b1115ed\" data-id=\"b1115ed\" data-element_type=\"column\">\n<div class=\"elementor-widget-wrap elementor-element-populated\">\n<div class=\"elementor-element elementor-element-d0f663f elementor-widget elementor-widget-text-editor\" data-id=\"d0f663f\" data-element_type=\"widget\" data-widget_type=\"text-editor.default\">\n<div class=\"elementor-widget-container\">\n<h2>Container de bar \u00e0 venda projetado para ambi\u00e7\u00f5es maiores<\/h2>\n<p>Temos todos os tipos de cont\u00eaineres para venda, incluindo cont\u00eaineres extragrandes! Este cont\u00eainer XL tem todas as caracter\u00edsticas de seu irm\u00e3o (cont\u00eainer de barra dobr\u00e1vel de 4\u00d74 metros), mas tem espa\u00e7o adicional no comprimento e na largura para conveni\u00eancia do cliente.<\/p>\n<blockquote><p>\u201cQuelle meilleure fa\u00e7on de passer une bonne soir\u00e9e que dans son propre bar.\u201d<\/p><\/blockquote>\n<h3>Caract\u00e9ristiques du Conteneur Pliable de 3\u00d72 M\u00e8tres XL<\/h3>\n<p>O bar de cont\u00eaineres de 2,3 metros de altura \u00e9 equipado com uma cobertura dobr\u00e1vel e portas duplas \u2013 dispon\u00edveis nos lados longo e curto. As dimens\u00f5es s\u00e3o semelhantes \u00e0s de um cont\u00eainer desmont\u00e1vel de 16 p\u00e9s, mas a largura e o comprimento s\u00e3o meio metro maiores.<\/p>\n<p>A cobertura deste cont\u00eainer \u00e9 super resistente e cont\u00e9m um sistema hidr\u00e1ulico. Este sistema permite que a lona seja levantada e fechada com seguran\u00e7a. Al\u00e9m disso, a porta dupla do cont\u00eainer permite colocar itens grandes, como barris de cerveja, freezers, mesas, etc. Portanto, \u00e9 a maneira ideal de oferecer uma bebida ou um lanche a clientes ou amigos.<\/p>\n<h3>Vantagens de um cont\u00eainer de bar desmont\u00e1vel<\/h3>\n<p>O cont\u00eainer bar lhe trar\u00e1 benef\u00edcios como um \u00f3timo lugar para passar bons momentos ou um local onde voc\u00ea pode desenvolver uma atividade comercial. Se seus entes queridos visitam sua casa, com o cont\u00eainer XL voc\u00ea pode capturar a aten\u00e7\u00e3o deles e criar um ambiente mais confort\u00e1vel e inovador. Outros benef\u00edcios deste produto incluem:<\/p>\n<\/div>\n<\/div>\n<\/div>\n<\/div>\n<\/div>\n<\/section>\n<section class=\"elementor-section elementor-top-section elementor-element elementor-element-2c16280 elementor-section-boxed elementor-section-height-default elementor-section-height-default\" data-id=\"2c16280\" data-element_type=\"section\">\n<div class=\"elementor-container elementor-column-gap-default\">\n<div class=\"elementor-column elementor-col-50 elementor-top-column elementor-element elementor-element-9673c54\" data-id=\"9673c54\" data-element_type=\"column\">\n<div class=\"elementor-widget-wrap elementor-element-populated\">\n<div class=\"elementor-element elementor-element-11ce4b6 elementor-widget elementor-widget-text-editor\" data-id=\"11ce4b6\" data-element_type=\"widget\" data-widget_type=\"text-editor.default\">\n<div class=\"elementor-widget-container\">\n<h4>Sua durabilidade<\/h4>\n<p>Temos cont\u00eaineres para venda aos melhores pre\u00e7os do mercado sem abrir m\u00e3o da qualidade. Dessa forma, seu cont\u00eainer fica ideal para todos os tipos de uso. Nossos m\u00f3dulos s\u00e3o feitos com o melhor a\u00e7o, o que os torna muito resistentes.<\/p>\n<\/div>\n<\/div>\n<\/div>\n<\/div>\n<div class=\"elementor-column elementor-col-50 elementor-top-column elementor-element elementor-element-2b952d2\" data-id=\"2b952d2\" data-element_type=\"column\">\n<div class=\"elementor-widget-wrap elementor-element-populated\">\n<div class=\"elementor-element elementor-element-fa92f02 elementor-widget elementor-widget-text-editor\" data-id=\"fa92f02\" data-element_type=\"widget\" data-widget_type=\"text-editor.default\">\n<div class=\"elementor-widget-container\">\n<h4>Sua adaptabilidade<\/h4>\n<p>Nosso cont\u00eainer XL foi projetado para ser facilmente desmontado para um transporte mais r\u00e1pido. Caso n\u00e3o queira desmont\u00e1-lo, voc\u00ea pode mov\u00ea-lo facilmente com uma empilhadeira, gra\u00e7as \u00e0s ranhuras localizadas em sua base. N\u00e3o \u00e9 necess\u00e1rio guindaste, o que torna o cont\u00eainer vers\u00e1til e eficiente.<\/p>\n<\/div>\n<\/div>\n<\/div>\n<\/div>\n<\/div>\n<\/section>\n<section class=\"elementor-section elementor-top-section elementor-element elementor-element-67c8fe4 elementor-section-boxed elementor-section-height-default elementor-section-height-default\" data-id=\"67c8fe4\" data-element_type=\"section\">\n<div class=\"elementor-container elementor-column-gap-default\">\n<div class=\"elementor-column elementor-col-100 elementor-top-column elementor-element elementor-element-5b7f257\" data-id=\"5b7f257\" data-element_type=\"column\">\n<div class=\"elementor-widget-wrap elementor-element-populated\">\n<div class=\"elementor-element elementor-element-119963e elementor-widget elementor-widget-text-editor\" data-id=\"119963e\" data-element_type=\"widget\" data-widget_type=\"text-editor.default\">\n<div class=\"elementor-widget-container\">\n<h3>O cont\u00eainer XL tamb\u00e9m \u00e9 modular!<\/h3>\n<p>Quando voc\u00ea tem cont\u00eaineres grandes para vender, voc\u00ea tamb\u00e9m precisa dar a eles toda a flexibilidade e versatilidade que outros cont\u00eaineres t\u00eam. Kits de rack, kits de conex\u00e3o e prote\u00e7\u00e3o contra roubo s\u00e3o totalmente compat\u00edveis com este produto.<\/p>\n<\/div>\n<\/div>\n<\/div>\n<\/div>\n<\/div>\n<\/section>","protected":false},"excerpt":{"rendered":"<p>O cont\u00eainer de bar \u00e9 uma maneira segura de come\u00e7ar sua aventura gra\u00e7as ao seu design de montagem r\u00e1pida.<\/p>\n<ul>\n<li>Recipiente de bar destac\u00e1vel para bricolage<\/li>\n<li>Dimens\u00f5es externas (CxLxA): 2952 x 2290 x 2240 mm<\/li>\n<li>Dimens\u00f5es internas (CxLxA): 2795 x 2130 x 2100 mm<\/li>\n<li>Dimens\u00f5es das portas (CxA): 1750 x 2050 mm<\/li>\n<li>Dispon\u00edvel em todas as cores RAL<\/li>\n<li>O teto do cont\u00eainer \u00e9 protegido por duas fechaduras de cilindro em ambos os lados<\/li>\n<li>Constru\u00e7\u00e3o totalmente autoportante, incluindo o piso<\/li>\n<\/ul>","protected":false},"featured_media":28652,"comment_status":"open","ping_status":"closed","template":"","meta":[],"product_brand":[],"product_cat":[110,100],"product_tag":[],"class_list":{"0":"post-28651","1":"product","2":"type-product","3":"status-publish","4":"has-post-thumbnail","6":"product_cat-conteneur-amenage","7":"product_cat-habitats-modulables","9":"first","10":"instock","11":"sale","12":"shipping-taxable","13":"purchasable","14":"product-type-simple"},"_links":{"self":[{"href":"https:\/\/apts-consmetal.com\/pt\/wp-json\/wp\/v2\/product\/28651","targetHints":{"allow":["GET"]}}],"collection":[{"href":"https:\/\/apts-consmetal.com\/pt\/wp-json\/wp\/v2\/product"}],"about":[{"href":"https:\/\/apts-consmetal.com\/pt\/wp-json\/wp\/v2\/types\/product"}],"replies":[{"embeddable":true,"href":"https:\/\/apts-consmetal.com\/pt\/wp-json\/wp\/v2\/comments?post=28651"}],"version-history":[{"count":0,"href":"https:\/\/apts-consmetal.com\/pt\/wp-json\/wp\/v2\/product\/28651\/revisions"}],"wp:featuredmedia":[{"embeddable":true,"href":"https:\/\/apts-consmetal.com\/pt\/wp-json\/wp\/v2\/media\/28652"}],"wp:attachment":[{"href":"https:\/\/apts-consmetal.com\/pt\/wp-json\/wp\/v2\/media?parent=28651"}],"wp:term":[{"taxonomy":"product_brand","embeddable":true,"href":"https:\/\/apts-consmetal.com\/pt\/wp-json\/wp\/v2\/product_brand?post=28651"},{"taxonomy":"product_cat","embeddable":true,"href":"https:\/\/apts-consmetal.com\/pt\/wp-json\/wp\/v2\/product_cat?post=28651"},{"taxonomy":"product_tag","embeddable":true,"href":"https:\/\/apts-consmetal.com\/pt\/wp-json\/wp\/v2\/product_tag?post=28651"}],"curies":[{"name":"wp","href":"https:\/\/api.w.org\/{rel}","templated":true}]}}