{"id":3,"date":"2025-05-14T02:33:00","date_gmt":"2025-05-14T00:33:00","guid":{"rendered":"http:\/\/localhost:8888\/Cont\/wordpress\/?page_id=3"},"modified":"2025-05-23T12:01:43","modified_gmt":"2025-05-23T10:01:43","slug":"politique-de-confidentialite","status":"publish","type":"page","link":"https:\/\/apts-consmetal.com\/pt\/politique-de-confidentialite\/","title":{"rendered":"pol\u00edtica de Privacidade"},"content":{"rendered":"<div data-elementor-type=\"wp-page\" data-elementor-id=\"3\" class=\"elementor elementor-3\" data-elementor-post-type=\"page\">\n\t\t\t\t<div class=\"wd-negative-gap elementor-element elementor-element-73698263 e-flex e-con-boxed e-con e-parent\" data-id=\"73698263\" data-element_type=\"container\">\n\t\t\t\t\t<div class=\"e-con-inner\">\n\t\t\t\t<div class=\"elementor-element elementor-element-3a141127 color-scheme-inherit text-left elementor-widget elementor-widget-text-editor\" data-id=\"3a141127\" data-element_type=\"widget\" data-widget_type=\"text-editor.default\">\n\t\t\t\t<div class=\"elementor-widget-container\">\n\t\t\t\t\t\t\t\t\t\n<h2 class=\"wp-block-heading\">Introdu\u00e7\u00e3o<\/h2>\n<p>Na casa de\u00a0<strong>APTS CONS M\u00c9TAL<\/strong>, estamos comprometidos em proteger a confidencialidade dos seus dados pessoais. Esta pol\u00edtica de privacidade tem como objetivo inform\u00e1-lo sobre como coletamos, usamos, protegemos e compartilhamos as informa\u00e7\u00f5es que coletamos em nosso site. Ao usar nosso site, voc\u00ea aceita as pr\u00e1ticas descritas nesta pol\u00edtica de privacidade.<\/p>\n<h3 class=\"wp-block-heading\">1. Controlador de Dados<\/h3>\n<p><strong>APTS CONS M\u00c9TAL<\/strong><br \/>Endere\u00e7o: 20 RUE SCHNAPPER, 78100 SAINT-GERMAIN-EN-LAYE<br \/>Telefone : <a href=\"tel:+33 06 99 36 81 17\">+33 06 99 36 81 17<\/a><br \/>E-mail :\u00a0<a>contact@apts-consmetal.com<\/a><\/p>\n<h3 class=\"wp-block-heading\">2. Dados coletados<\/h3>\n<p>Quando voc\u00ea navega e usa nosso site, coletamos diferentes categorias de dados, incluindo:<\/p>\n<ul class=\"wp-block-list\">\n<li><strong>Dados de identifica\u00e7\u00e3o<\/strong>\u00a0: nome, primeiro nome, endere\u00e7o de e-mail, n\u00famero de telefone.<\/li>\n<li><strong>Dados de conex\u00e3o e navega\u00e7\u00e3o<\/strong>\u00a0: Endere\u00e7o IP, tipo de navegador, p\u00e1ginas visualizadas, dura\u00e7\u00e3o da visita.<\/li>\n<li><strong>Dados do pedido<\/strong>\u00a0: informa\u00e7\u00f5es fornecidas como parte de uma cota\u00e7\u00e3o ou solicita\u00e7\u00e3o de compra, incluindo endere\u00e7os de entrega e cobran\u00e7a.<\/li>\n<li><strong>Biscoitos<\/strong>\u00a0: informa\u00e7\u00f5es registradas no seu dispositivo para melhorar a experi\u00eancia do usu\u00e1rio e realizar an\u00e1lises estat\u00edsticas.<\/li>\n<\/ul>\n<h3 class=\"wp-block-heading\">3. Uso de Dados<\/h3>\n<p>Os dados coletados s\u00e3o utilizados no contexto de:<\/p>\n<ul class=\"wp-block-list\">\n<li><strong>Gest\u00e3o de pedidos<\/strong>\u00a0: processamento de solicita\u00e7\u00f5es de cota\u00e7\u00e3o, rastreamento de pedidos, entrega de produtos.<\/li>\n<li><strong>Melhorando o atendimento ao cliente<\/strong>\u00a0: personaliza\u00e7\u00e3o de respostas, gest\u00e3o de reclama\u00e7\u00f5es.<\/li>\n<li><strong>A comunica\u00e7\u00e3o e marketing<\/strong>\u00a0: envio de informa\u00e7\u00f5es sobre ofertas, novidades e servi\u00e7os (com o seu consentimento).<\/li>\n<li><strong>An\u00e1lise e seguran\u00e7a<\/strong>\u00a0: coleta informa\u00e7\u00f5es para fins anal\u00edticos e de seguran\u00e7a para otimizar o site e proteger os dados.<\/li>\n<\/ul>\n<h3 class=\"wp-block-heading\">4. Compartilhamento de dados<\/h3>\n<p>Seus dados pessoais somente ser\u00e3o compartilhados com terceiros nos seguintes casos:<\/p>\n<ul class=\"wp-block-list\">\n<li><strong>Prestadores de servi\u00e7os<\/strong>\u00a0: para processamento de pagamentos, entrega de pedidos e an\u00e1lise de desempenho do site.<\/li>\n<li><strong>Obriga\u00e7\u00f5es legais<\/strong>\u00a0: no \u00e2mbito do cumprimento das leis e regulamentos aplic\u00e1veis.<\/li>\n<li><strong>Autoriza\u00e7\u00e3o pr\u00e9via<\/strong>\u00a0: se voc\u00ea consentiu explicitamente com o compartilhamento de determinadas informa\u00e7\u00f5es.<\/li>\n<\/ul>\n<h3 class=\"wp-block-heading\">5. Per\u00edodo de reten\u00e7\u00e3o de dados<\/h3>\n<p>Os dados pessoais s\u00e3o conservados pelo per\u00edodo necess\u00e1rio para as finalidades para as quais foram recolhidos. Os dados podem ser retidos por per\u00edodos mais longos se exigido por obriga\u00e7\u00f5es legais, inclusive para cumprir com requisitos fiscais e cont\u00e1beis. O per\u00edodo de reten\u00e7\u00e3o padr\u00e3o \u00e9\u00a0<strong>5 anos ap\u00f3s o t\u00e9rmino da rela\u00e7\u00e3o contratual<\/strong>\u00a0para dados do cliente.<\/p>\n<h3 class=\"wp-block-heading\">6. Seguran\u00e7a de dados<\/h3>\n<p>Implementamos medidas de seguran\u00e7a organizacionais e t\u00e9cnicas para proteger seus dados contra acesso n\u00e3o autorizado, modifica\u00e7\u00e3o, divulga\u00e7\u00e3o ou destrui\u00e7\u00e3o. O acesso aos seus dados \u00e9 estritamente limitado a pessoas autorizadas que precisam de acesso para realizar seu trabalho.<\/p>\n<h3 class=\"wp-block-heading\">7. Direitos do Usu\u00e1rio<\/h3>\n<p>De acordo com os regulamentos do RGPD, voc\u00ea tem os seguintes direitos:<\/p>\n<ul class=\"wp-block-list\">\n<li><strong>Direito de acesso<\/strong>\u00a0: obter confirma\u00e7\u00e3o de que seus dados est\u00e3o sendo processados \u200b\u200be acessar informa\u00e7\u00f5es sobre eles.<\/li>\n<li><strong>Direito de retifica\u00e7\u00e3o<\/strong>\u00a0: solicitar a corre\u00e7\u00e3o dos seus dados pessoais caso estejam incorretos.<\/li>\n<li><strong>Direito ao apagamento<\/strong>\u00a0: solicitar a exclus\u00e3o dos seus dados em determinadas situa\u00e7\u00f5es.<\/li>\n<li><strong>Direito de limita\u00e7\u00e3o<\/strong>\u00a0: restringir temporariamente o processamento dos seus dados em determinados casos.<\/li>\n<li><strong>Direito de obje\u00e7\u00e3o<\/strong>\u00a0: opor-se ao processamento dos seus dados pessoais para fins de marketing direto.<\/li>\n<li><strong>Direito \u00e0 portabilidade<\/strong>\u00a0: receba seus dados em um formato estruturado e de uso comum.<\/li>\n<\/ul>\n<p>Para exercer seus direitos, entre em contato conosco em <strong><a>contato@apts-consmetal.com.<\/a><\/strong><\/p>\n<h3 class=\"wp-block-heading\">8. Gest\u00e3o de Cookies<\/h3>\n<p>Quando voc\u00ea visita nosso site, cookies podem ser colocados no seu dispositivo. Esses cookies s\u00e3o usados \u200b\u200bpara:<\/p>\n<ul class=\"wp-block-list\">\n<li>Facilite a navega\u00e7\u00e3o no site<\/li>\n<li>Melhore o desempenho do site por meio de an\u00e1lise estat\u00edstica<\/li>\n<li>Exibir an\u00fancios segmentados<\/li>\n<\/ul>\n<p>Voc\u00ea pode configurar seu navegador para recusar cookies ou ser alertado quando eles forem colocados. Entretanto, alguns recursos do site podem ser prejudicados se voc\u00ea recusar.<\/p>\n<h3 class=\"wp-block-heading\">9. Altera\u00e7\u00f5es na Pol\u00edtica de Privacidade<\/h3>\n<p><strong>APTS CONS M\u00c9TAL<\/strong>\u00a0reserva-se o direito de modificar esta pol\u00edtica de privacidade a qualquer momento para cumprir com desenvolvimentos legislativos e regulat\u00f3rios. Quaisquer altera\u00e7\u00f5es ser\u00e3o publicadas nesta p\u00e1gina e recomendamos que voc\u00ea as revise regularmente.<\/p>\n<h3 class=\"wp-block-heading\">10. Contato<\/h3>\n<p>Para qualquer d\u00favida sobre nossa pol\u00edtica de privacidade ou para exercer seus direitos, entre em contato com nossa equipe em <strong><a>contact@apts-consmetal.com<\/a><\/strong>\u00a0ou por correio para o seguinte endere\u00e7o:<\/p>\n<p><strong>APTS CONS M\u00c9TAL<\/strong><br \/>20 rue SCHNAPPER, 78100 SAINT-GERMAIN-EN-LAYE<\/p>\t\t\t\t\t\t\t\t<\/div>\n\t\t\t\t<\/div>\n\t\t\t\t\t<\/div>\n\t\t\t\t<\/div>\n\t\t\t\t<\/div>","protected":false},"excerpt":{"rendered":"<p>Introduction Chez\u00a0APTS CONS M\u00c9TAL, nous nous engageons \u00e0 prot\u00e9ger la confidentialit\u00e9 de vos donn\u00e9es personnelles. Cette politique de confidentialit\u00e9 vise<\/p>","protected":false},"author":1,"featured_media":0,"parent":0,"menu_order":0,"comment_status":"closed","ping_status":"open","template":"","meta":{"footnotes":""},"class_list":["post-3","page","type-page","status-publish","hentry"],"_links":{"self":[{"href":"https:\/\/apts-consmetal.com\/pt\/wp-json\/wp\/v2\/pages\/3","targetHints":{"allow":["GET"]}}],"collection":[{"href":"https:\/\/apts-consmetal.com\/pt\/wp-json\/wp\/v2\/pages"}],"about":[{"href":"https:\/\/apts-consmetal.com\/pt\/wp-json\/wp\/v2\/types\/page"}],"author":[{"embeddable":true,"href":"https:\/\/apts-consmetal.com\/pt\/wp-json\/wp\/v2\/users\/1"}],"replies":[{"embeddable":true,"href":"https:\/\/apts-consmetal.com\/pt\/wp-json\/wp\/v2\/comments?post=3"}],"version-history":[{"count":0,"href":"https:\/\/apts-consmetal.com\/pt\/wp-json\/wp\/v2\/pages\/3\/revisions"}],"wp:attachment":[{"href":"https:\/\/apts-consmetal.com\/pt\/wp-json\/wp\/v2\/media?parent=3"}],"curies":[{"name":"wp","href":"https:\/\/api.w.org\/{rel}","templated":true}]}}