{"id":28797,"date":"2025-05-22T02:00:01","date_gmt":"2025-05-22T00:00:01","guid":{"rendered":"http:\/\/localhost:8888\/Cont\/wordpress\/?page_id=28797"},"modified":"2025-05-23T12:00:36","modified_gmt":"2025-05-23T10:00:36","slug":"mentions-legales","status":"publish","type":"page","link":"https:\/\/apts-consmetal.com\/pt\/mentions-legales\/","title":{"rendered":"Avisos legais"},"content":{"rendered":"<h3 class=\"wp-block-heading\">Editor do site<\/h3>\n\n\n\n<p>Este site, acess\u00edvel no endere\u00e7o <a class=\"\" href=\"https:\/\/apts-consmetal.com\/pt\/\">https:\/\/www.apts-consmetal.com<\/a>, \u00e9 publicado por:<\/p>\n\n\n\n<p><strong>APTS CONSTRUCTIONS M\u00c9TALLIQUES<\/strong><br>SARL com um capital social de 3.000 \u20ac<br>Registrado no Registro de Com\u00e9rcio e Empresas de Versalhes sob o n\u00famero <strong>892 596 040<\/strong><br>DIRETO : <strong>892 596 040 00014<\/strong><br>N\u00famero de IVA intracomunit\u00e1rio: <strong>FR21892596040<\/strong><br>C\u00f3digo APE: <strong>43.99B \u2013 Montagem de estruturas met\u00e1licas<\/strong><br>Sede: 20 rue Schnapper, 78100 Saint-Germain-en-Laye<br>Representante legal \/ Diretor de publica\u00e7\u00e3o: <strong>Rodrigues Tavares Amilcar<\/strong><br>E-mail : <a>contact@apts-consmetal.com<\/a><\/p>\n\n\n\n<p>A empresa APTS CONSTRUCTIONS M\u00c9TALIQUES opera atrav\u00e9s do seu site <strong>apts-consmetal.com<\/strong> para apresentar sua constru\u00e7\u00e3o met\u00e1lica e servi\u00e7os associados.<\/p>\n\n\n\n<hr class=\"wp-block-separator has-alpha-channel-opacity\"\/>\n\n\n\n<h3 class=\"wp-block-heading\">Hospedar<\/h3>\n\n\n\n<p>O site \u00e9 hospedado por:<br><strong>OVH SAS<\/strong><br>Endere\u00e7o: 2 rue Kellermann \u2013 59100 Roubaix \u2013 Fran\u00e7a<br><\/p>\n\n\n\n<hr class=\"wp-block-separator has-alpha-channel-opacity\"\/>\n\n\n\n<h3 class=\"wp-block-heading\">Propriedade intelectual<\/h3>\n\n\n\n<p>Todo o conte\u00fado do site (textos, imagens, gr\u00e1ficos, logotipos, \u00edcones, arquivos, etc.) \u00e9 propriedade exclusiva de <strong>APTS CONSTRUCTIONS M\u00c9TALLIQUES<\/strong>, salvo indica\u00e7\u00e3o em contr\u00e1rio.<br>Qualquer reprodu\u00e7\u00e3o, representa\u00e7\u00e3o, modifica\u00e7\u00e3o, publica\u00e7\u00e3o, transmiss\u00e3o, distor\u00e7\u00e3o, no todo ou em parte, do site ou de seu conte\u00fado, por qualquer processo, sem a autoriza\u00e7\u00e3o expressa da empresa, \u00e9 proibida e constituiria uma infra\u00e7\u00e3o pun\u00edvel pelos Artigos L.335-2 e seguintes. do C\u00f3digo da Propriedade Intelectual.<\/p>\n\n\n\n<hr class=\"wp-block-separator has-alpha-channel-opacity\"\/>\n\n\n\n<h3 class=\"wp-block-heading\">Dados pessoais<\/h3>\n\n\n\n<p>As informa\u00e7\u00f5es coletadas atrav\u00e9s dos formul\u00e1rios do site s\u00e3o objeto de tratamento inform\u00e1tico destinado exclusivamente \u00e0 APTS CONSTRUCTIONS M\u00c9TALIQUES, e nunca s\u00e3o transmitidas a terceiros sem consentimento.<br>De acordo com a Lei Francesa de Prote\u00e7\u00e3o de Dados de 6 de janeiro de 1978, conforme alterada, e o GDPR (Regulamento Geral de Prote\u00e7\u00e3o de Dados), voc\u00ea tem o direito de acessar, retificar, apagar, se opor, limitar o processamento e transferir seus dados pessoais.<br>Para qualquer solicita\u00e7\u00e3o, voc\u00ea pode nos escrever em: <strong><a>contact@apts-consmetal.com<\/a><\/strong>.<\/p>\n\n\n\n<hr class=\"wp-block-separator has-alpha-channel-opacity\"\/>\n\n\n\n<h3 class=\"wp-block-heading\">Biscoitos<\/h3>\n\n\n\n<p>O site pode colocar cookies para melhorar a experi\u00eancia do usu\u00e1rio, especialmente para fins estat\u00edsticos ou de navega\u00e7\u00e3o. Voc\u00ea pode recusar ou configurar cookies no seu navegador.<\/p>\n\n\n\n<hr class=\"wp-block-separator has-alpha-channel-opacity\"\/>\n\n\n\n<h3 class=\"wp-block-heading\">Responsabilidade<\/h3>\n\n\n\n<p>A APTS CONSTRUCTIONS M\u00c9TALIQUES se esfor\u00e7a para fornecer informa\u00e7\u00f5es t\u00e3o precisas quanto poss\u00edvel em seu site. Entretanto, n\u00e3o pode ser responsabilizada por omiss\u00f5es, imprecis\u00f5es ou defici\u00eancias na atualiza\u00e7\u00e3o das informa\u00e7\u00f5es, sejam elas causadas por ela mesma ou por terceiros parceiros.<\/p>\n\n\n\n<p><\/p>","protected":false},"excerpt":{"rendered":"<p>\u00c9diteur du site Le pr\u00e9sent site, accessible \u00e0 l\u2019adresse https:\/\/www.apts-consmetal.com, est \u00e9dit\u00e9 par : APTS CONSTRUCTIONS M\u00c9TALLIQUESSARL au capital social<\/p>","protected":false},"author":1,"featured_media":0,"parent":0,"menu_order":0,"comment_status":"closed","ping_status":"closed","template":"","meta":{"footnotes":""},"class_list":["post-28797","page","type-page","status-publish","hentry"],"_links":{"self":[{"href":"https:\/\/apts-consmetal.com\/pt\/wp-json\/wp\/v2\/pages\/28797","targetHints":{"allow":["GET"]}}],"collection":[{"href":"https:\/\/apts-consmetal.com\/pt\/wp-json\/wp\/v2\/pages"}],"about":[{"href":"https:\/\/apts-consmetal.com\/pt\/wp-json\/wp\/v2\/types\/page"}],"author":[{"embeddable":true,"href":"https:\/\/apts-consmetal.com\/pt\/wp-json\/wp\/v2\/users\/1"}],"replies":[{"embeddable":true,"href":"https:\/\/apts-consmetal.com\/pt\/wp-json\/wp\/v2\/comments?post=28797"}],"version-history":[{"count":0,"href":"https:\/\/apts-consmetal.com\/pt\/wp-json\/wp\/v2\/pages\/28797\/revisions"}],"wp:attachment":[{"href":"https:\/\/apts-consmetal.com\/pt\/wp-json\/wp\/v2\/media?parent=28797"}],"curies":[{"name":"wp","href":"https:\/\/api.w.org\/{rel}","templated":true}]}}