{"id":28331,"date":"2025-05-16T01:19:02","date_gmt":"2025-05-15T23:19:02","guid":{"rendered":"http:\/\/localhost:8888\/Cont\/wordpress\/?page_id=28331"},"modified":"2025-05-22T13:01:03","modified_gmt":"2025-05-22T11:01:03","slug":"expeditions-et-retours","status":"publish","type":"page","link":"https:\/\/apts-consmetal.com\/pt\/expeditions-et-retours\/","title":{"rendered":"Envio e Devolu\u00e7\u00f5es"},"content":{"rendered":"<h2 class=\"wp-block-heading\">M\u00e9todos de entrega dispon\u00edveis para sua compra de cont\u00eainer mar\u00edtimo<\/h2>\n\n\n\n<p>Na casa de&nbsp;<strong>APTS CONS M\u00c9TAL<\/strong>, oferecemos a flexibilidade de escolher entre entrega com ou sem descarga no endere\u00e7o de sua escolha.<\/p>\n\n\n\n<h4 class=\"wp-block-heading\"><strong>Entrega com Descarga<\/strong><\/h4>\n\n\n\n<p>Esta op\u00e7\u00e3o completa inclui a entrega do cont\u00eainer no local especificado, com servi\u00e7o de descarga realizado por guindaste. Isso permite que o cont\u00eainer seja posicionado em um raio de 5 a 6 metros ao redor do ve\u00edculo. Seja em laje de concreto, sapatas ou cunhas espec\u00edficas, n\u00f3s cuidamos da instala\u00e7\u00e3o do seu cont\u00eainer, oferecendo assim um servi\u00e7o completo.<\/p>\n\n\n\n<h4 class=\"wp-block-heading\"><strong>Entrega sem Descarga<\/strong><\/h4>\n\n\n\n<p>Se voc\u00ea j\u00e1 possui os equipamentos necess\u00e1rios para descarga, como empilhadeira, guindaste ou ponte rolante, essa op\u00e7\u00e3o \u00e9 ideal. O cont\u00eainer ser\u00e1 entregue no endere\u00e7o indicado, mas voc\u00ea ser\u00e1 respons\u00e1vel pelo seu descarregamento e instala\u00e7\u00e3o.<\/p>\n\n\n\n<h4 class=\"wp-block-heading\"><strong>Nosso compromisso: Entrega r\u00e1pida e segura<\/strong><\/h4>\n\n\n\n<p><strong>APTS CONS M\u00c9TAL<\/strong>&nbsp;est\u00e1 comprometida em garantir uma entrega r\u00e1pida e confi\u00e1vel de seus cont\u00eaineres, gra\u00e7as \u00e0 nossa rede de transportadoras profissionais. N\u00f3s garantimos que seu pedido chegue nas melhores condi\u00e7\u00f5es poss\u00edveis, onde voc\u00ea precisa e dentro do prazo combinado.<\/p>\n\n\n\n<h4 class=\"wp-block-heading\"><strong>Prazos de entrega dos nossos cont\u00eaineres<\/strong><\/h4>\n\n\n\n<p>Sujeito \u00e0 disponibilidade de estoque, os prazos de entrega s\u00e3o geralmente de 4 a 5 dias \u00fateis para a Fran\u00e7a continental e C\u00f3rsega, a partir da confirma\u00e7\u00e3o do seu pedido. Para entregas nos departamentos e territ\u00f3rios ultramarinos franceses ou no exterior, ser\u00e1 fornecido um or\u00e7amento espec\u00edfico.<\/p>\n\n\n\n<p>Em caso de atraso imprevisto,&nbsp;<strong>APTS CONS M\u00c9TAL<\/strong>&nbsp;n\u00e3o pode ser responsabilizado e nenhuma indeniza\u00e7\u00e3o pode ser reivindicada. Se o produto encomendado n\u00e3o estiver mais dispon\u00edvel, voc\u00ea ser\u00e1 informado imediatamente e poder\u00e1 escolher entre um reembolso ou uma troca.<\/p>\n\n\n\n<h4 class=\"wp-block-heading\"><strong>Termos de entrega<\/strong><\/h4>\n\n\n\n<p>A entrega \u00e9 feita ap\u00f3s a valida\u00e7\u00e3o do pagamento pelo nosso banco. Respeita os prazos acima especificados, a partir do recebimento do pedido confirmado. Se ocorrer um atraso de mais de um m\u00eas, voc\u00ea pode cancelar o pedido e obter um reembolso total.<\/p>\n\n\n\n<p>Os produtos s\u00e3o entregues no endere\u00e7o indicado no momento do pedido. Em caso de erro no endere\u00e7o, os custos de envio da devolu\u00e7\u00e3o ser\u00e3o de sua responsabilidade. Caso voc\u00ea n\u00e3o esteja presente no momento da entrega, um cart\u00e3o de visita ser\u00e1 deixado para que voc\u00ea possa retirar seu pacote.<\/p>\n\n\n\n<p>No recebimento, caso a embalagem esteja danificada, \u00e9 imprescind\u00edvel verificar o estado dos itens. Em caso de danos, recuse a encomenda e fa\u00e7a uma reserva no recibo de entrega.<\/p>\n\n\n\n<h4 class=\"wp-block-heading\"><strong>Em caso de erro de entrega<\/strong><\/h4>\n\n\n\n<p>Caso voc\u00ea note algum erro na entrega ou n\u00e3o conformidade dos produtos, dever\u00e1 nos informar no dia da entrega ou, o mais tardar, no dia \u00fatil seguinte. Qualquer reclama\u00e7\u00e3o feita ap\u00f3s esse prazo n\u00e3o poder\u00e1 ser aceita.<\/p>\n\n\n\n<p>As devolu\u00e7\u00f5es dos produtos devem ser feitas em suas condi\u00e7\u00f5es originais (embalagem, acess\u00f3rios, instru\u00e7\u00f5es) e ap\u00f3s valida\u00e7\u00e3o pelo nosso servi\u00e7o de atendimento ao cliente. Os custos de devolu\u00e7\u00e3o s\u00e3o de nossa responsabilidade em caso de erro de nossa parte.<\/p>","protected":false},"excerpt":{"rendered":"<p>Les modes de livraison disponibles pour votre achat de Container Maritime Chez&nbsp;APTS CONS M\u00c9TAL, nous vous offrons la flexibilit\u00e9 de<\/p>","protected":false},"author":1,"featured_media":0,"parent":0,"menu_order":0,"comment_status":"closed","ping_status":"closed","template":"","meta":{"footnotes":""},"class_list":["post-28331","page","type-page","status-publish","hentry"],"_links":{"self":[{"href":"https:\/\/apts-consmetal.com\/pt\/wp-json\/wp\/v2\/pages\/28331","targetHints":{"allow":["GET"]}}],"collection":[{"href":"https:\/\/apts-consmetal.com\/pt\/wp-json\/wp\/v2\/pages"}],"about":[{"href":"https:\/\/apts-consmetal.com\/pt\/wp-json\/wp\/v2\/types\/page"}],"author":[{"embeddable":true,"href":"https:\/\/apts-consmetal.com\/pt\/wp-json\/wp\/v2\/users\/1"}],"replies":[{"embeddable":true,"href":"https:\/\/apts-consmetal.com\/pt\/wp-json\/wp\/v2\/comments?post=28331"}],"version-history":[{"count":0,"href":"https:\/\/apts-consmetal.com\/pt\/wp-json\/wp\/v2\/pages\/28331\/revisions"}],"wp:attachment":[{"href":"https:\/\/apts-consmetal.com\/pt\/wp-json\/wp\/v2\/media?parent=28331"}],"curies":[{"name":"wp","href":"https:\/\/api.w.org\/{rel}","templated":true}]}}