{"id":28329,"date":"2025-05-16T01:17:33","date_gmt":"2025-05-15T23:17:33","guid":{"rendered":"http:\/\/localhost:8888\/Cont\/wordpress\/?page_id=28329"},"modified":"2025-05-23T13:14:48","modified_gmt":"2025-05-23T11:14:48","slug":"conditions-generales-de-vente","status":"publish","type":"page","link":"https:\/\/apts-consmetal.com\/pt\/conditions-generales-de-vente\/","title":{"rendered":"Condi\u00e7\u00f5es Gerais de Venda"},"content":{"rendered":"<h3 class=\"wp-block-heading\">Pre\u00e2mbulo<\/h3>\n\n\n\n<p>As presentes condi\u00e7\u00f5es gerais de venda aplicam-se a todas as transa\u00e7\u00f5es conclu\u00eddas no site da&nbsp;<strong>APTS CONS M\u00c9TAL<\/strong>.<\/p>\n\n\n\n<p>Os detalhes de contato do vendedor s\u00e3o os seguintes:<br><strong>APTS CONS M\u00c9TAL<\/strong>, 20 RUE SCHNAPPER, 78100 SAINT-GERMAIN-EN-LAYE.<\/p>\n\n\n\n<p>O site oferece os seguintes produtos: acess\u00f3rios para cont\u00eaineres e os pr\u00f3prios cont\u00eaineres.<\/p>\n\n\n\n<p>O cliente declara ter lido e aceitado as condi\u00e7\u00f5es gerais de venda antes de efetuar um pedido.<\/p>\n\n\n\n<p>A valida\u00e7\u00e3o do pedido implica a aceita\u00e7\u00e3o das presentes condi\u00e7\u00f5es gerais.<\/p>\n\n\n\n<p><strong>Artigo 1 \u2013 Princ\u00edpios<\/strong><\/p>\n\n\n\n<p>Estas condi\u00e7\u00f5es gerais de venda definem as obriga\u00e7\u00f5es das partes e constituem a \u00fanica base da sua rela\u00e7\u00e3o comercial. O cliente aceita estas condi\u00e7\u00f5es sem reservas.<\/p>\n\n\n\n<p>O cliente reconhece ter capacidade jur\u00eddica para contratar e adquirir os produtos oferecidos no site.<\/p>\n\n\n\n<p>As condi\u00e7\u00f5es gerais de venda de&nbsp;<strong><strong>APTS CONS M\u00c9TAL<\/strong><\/strong>&nbsp;prevalecem sobre qualquer outro documento e se aplicam sem restri\u00e7\u00f5es a todos os servi\u00e7os prestados.<\/p>\n\n\n\n<p>O vendedor reserva-se o direito de modificar estas condi\u00e7\u00f5es, que ser\u00e3o aplic\u00e1veis \u200b\u200bassim que forem publicadas online.<\/p>\n\n\n\n<p><strong>Artigo 2 \u2013 Conte\u00fado<\/strong><\/p>\n\n\n\n<p>Estas condi\u00e7\u00f5es gerais definem os direitos e obriga\u00e7\u00f5es das partes para a venda online de produtos oferecidos por&nbsp;<strong><strong>APTS CONS M\u00c9TAL<\/strong><\/strong>.<\/p>\n\n\n\n<p>Estas condi\u00e7\u00f5es aplicam-se apenas \u00e0s compras efetuadas no site e \u00e0s entregas na Fran\u00e7a metropolitana e na C\u00f3rsega. Para entregas DOM-TOM ou internacionais, \u00e9 necess\u00e1rio um or\u00e7amento espec\u00edfico.<\/p>\n\n\n\n<p><strong>Artigo 3 \u2013 Ordem<\/strong><\/p>\n\n\n\n<p>O cliente faz o pedido on-line atrav\u00e9s do cat\u00e1logo do site, preenchendo o formul\u00e1rio espec\u00edfico.<\/p>\n\n\n\n<p>Para validar o pedido, o cliente dever\u00e1 aceitar estas condi\u00e7\u00f5es gerais. Isso acionar\u00e1 o envio de um e-mail de confirma\u00e7\u00e3o pelo vendedor.<\/p>\n\n\n\n<p>O cliente escolhe o endere\u00e7o de entrega e o pagamento \u00e9 feito por transfer\u00eancia banc\u00e1ria.<\/p>\n\n\n\n<p><strong>Artigo 4 \u2013 Assinatura eletr\u00f4nica<\/strong><\/p>\n\n\n\n<p>O fornecimento dos dados banc\u00e1rios e a valida\u00e7\u00e3o final do pedido constituem prova do acordo do cliente com a transa\u00e7\u00e3o.<\/p>\n\n\n\n<p>Em caso de utiliza\u00e7\u00e3o fraudulenta dos dados banc\u00e1rios, o cliente dever\u00e1 contactar imediatamente&nbsp;<strong>APTS CONS M\u00c9TAL<\/strong> no seguinte endere\u00e7o: contact@apts-consmetal.com.<\/p>\n\n\n\n<p><strong>Artigo 5 \u2013 Confirma\u00e7\u00e3o da encomenda<\/strong><\/p>\n\n\n\n<p>As informa\u00e7\u00f5es contratuais ser\u00e3o confirmadas por e-mail, o mais tardar, no momento da entrega ou no endere\u00e7o indicado pelo cliente.<\/p>\n\n\n\n<p><strong>Artigo 6 \u2013 Prova da transa\u00e7\u00e3o<\/strong><\/p>\n\n\n\n<p>Os registros eletr\u00f4nicos do Vendedor ser\u00e3o considerados como prova das transa\u00e7\u00f5es e comunica\u00e7\u00f5es entre as partes.<\/p>\n\n\n\n<p><strong>Artigo 7 \u2013 Informa\u00e7\u00f5es sobre o produto<\/strong><\/p>\n\n\n\n<p>Os produtos regidos por estas condi\u00e7\u00f5es s\u00e3o aqueles que aparecem no site e que s\u00e3o indicados como vendidos e enviados por&nbsp;<strong><strong>APTS CONS M\u00c9TAL<\/strong><\/strong>, sujeito \u00e0 disponibilidade.<\/p>\n\n\n\n<p><strong>Artigo 8 \u2013 Pre\u00e7os<\/strong><\/p>\n\n\n\n<p>Os pre\u00e7os s\u00e3o listados em euros e incluem IVA. O pagamento de um dep\u00f3sito \u00e9 necess\u00e1rio ap\u00f3s a valida\u00e7\u00e3o do pedido.<\/p>\n\n\n\n<p><strong>Artigo 9 \u2013 Forma de pagamento<\/strong><\/p>\n\n\n\n<p>O cliente concorda em pagar o pedido por transfer\u00eancia banc\u00e1ria ou cart\u00e3o de cr\u00e9dito.&nbsp;<strong><strong>APTS CONS M\u00c9TAL<\/strong><\/strong>&nbsp;reserva-se o direito de suspender ou cancelar qualquer pedido em caso de n\u00e3o pagamento.<\/p>\n\n\n\n<p><strong>Artigo 10 \u2013 Disponibilidade dos produtos<\/strong><\/p>\n\n\n\n<p>O prazo de entrega \u00e9 de 4 a 5 dias \u00fateis para entregas na Fran\u00e7a continental e na C\u00f3rsega. Para os departamentos e territ\u00f3rios ultramarinos franceses ou internacionalmente, \u00e9 fornecida uma cota\u00e7\u00e3o espec\u00edfica.<\/p>\n\n\n\n<p><strong>Artigo 11 \u2013 Condi\u00e7\u00f5es de entrega<\/strong><\/p>\n\n\n\n<p>A entrega ocorre ap\u00f3s a confirma\u00e7\u00e3o do pagamento. Caso o comprador esteja ausente no momento da entrega, um cart\u00e3o de visita ser\u00e1 deixado.<\/p>\n\n\n\n<p><strong>Artigo 12 \u2013 Erro de entrega<\/strong><\/p>\n\n\n\n<p>Qualquer reclama\u00e7\u00e3o relativa a erro de entrega ou n\u00e3o conformidade dos produtos dever\u00e1 ser efetuada no prazo de 24 horas a contar da entrega.<\/p>\n\n\n\n<p><strong>Artigo 13 \u2013 Garantia do produto<\/strong><\/p>\n\n\n\n<p>O vendedor garante o comprador contra qualquer falta de conformidade ou defeito oculto nos produtos entregues.<\/p>\n\n\n\n<p><strong>Artigo 14 \u2013 Direito de rescis\u00e3o<\/strong><\/p>\n\n\n\n<p>O cliente tem um prazo de 14 dias para rescis\u00e3o a partir do recebimento do pedido.<\/p>\n\n\n\n<p><strong>Artigo 15 \u2013 For\u00e7a maior<\/strong><\/p>\n\n\n\n<p>Quaisquer circunst\u00e2ncias fora do controle das partes s\u00e3o consideradas motivos para isen\u00e7\u00e3o das obriga\u00e7\u00f5es das partes (desastres naturais, conflitos, etc.).<\/p>\n\n\n\n<p><strong>Artigo 18 \u2013 Lei aplic\u00e1vel<\/strong><\/p>\n\n\n\n<p>Estas condi\u00e7\u00f5es gerais est\u00e3o sujeitas \u00e0 lei francesa. Em caso de lit\u00edgio, as partes submeter\u00e3o a sua disputa ao Tribunal Comercial de Bordeaux.<\/p>\n\n\n\n<p><strong>APTS CONS M\u00c9TAL<\/strong>&nbsp;compromete-se a aplicar estas condi\u00e7\u00f5es a todas as transa\u00e7\u00f5es conclu\u00eddas no seu site.<\/p>","protected":false},"excerpt":{"rendered":"<p>Pr\u00e9ambule Les pr\u00e9sentes conditions g\u00e9n\u00e9rales de vente s\u2019appliquent \u00e0 toutes les transactions conclues sur le site Internet de&nbsp;APTS CONS M\u00c9TAL.<\/p>","protected":false},"author":1,"featured_media":0,"parent":0,"menu_order":0,"comment_status":"closed","ping_status":"closed","template":"","meta":{"footnotes":""},"class_list":["post-28329","page","type-page","status-publish","hentry"],"_links":{"self":[{"href":"https:\/\/apts-consmetal.com\/pt\/wp-json\/wp\/v2\/pages\/28329","targetHints":{"allow":["GET"]}}],"collection":[{"href":"https:\/\/apts-consmetal.com\/pt\/wp-json\/wp\/v2\/pages"}],"about":[{"href":"https:\/\/apts-consmetal.com\/pt\/wp-json\/wp\/v2\/types\/page"}],"author":[{"embeddable":true,"href":"https:\/\/apts-consmetal.com\/pt\/wp-json\/wp\/v2\/users\/1"}],"replies":[{"embeddable":true,"href":"https:\/\/apts-consmetal.com\/pt\/wp-json\/wp\/v2\/comments?post=28329"}],"version-history":[{"count":0,"href":"https:\/\/apts-consmetal.com\/pt\/wp-json\/wp\/v2\/pages\/28329\/revisions"}],"wp:attachment":[{"href":"https:\/\/apts-consmetal.com\/pt\/wp-json\/wp\/v2\/media?parent=28329"}],"curies":[{"name":"wp","href":"https:\/\/api.w.org\/{rel}","templated":true}]}}