{"id":28326,"date":"2025-05-16T01:15:53","date_gmt":"2025-05-15T23:15:53","guid":{"rendered":"http:\/\/localhost:8888\/Cont\/wordpress\/?page_id=28326"},"modified":"2025-05-23T12:34:11","modified_gmt":"2025-05-23T10:34:11","slug":"condicoes-gerais-de-la-vente-transitaire","status":"publish","type":"page","link":"https:\/\/apts-consmetal.com\/pt\/condicoes-gerais-de-la-vente-transitaire\/","title":{"rendered":"Condi\u00e7\u00f5es gerais de venda para transit\u00e1rios"},"content":{"rendered":"<p><strong>1. Exequibilidade<\/strong><\/p>\n\n\n\n<p>Ao utilizar os servi\u00e7os de&nbsp;<strong><strong>APTS CONS M\u00c9TAL<\/strong><\/strong>, o cliente aceita as condi\u00e7\u00f5es gerais de venda detalhadas abaixo. Estas condi\u00e7\u00f5es prevalecem sobre quaisquer cl\u00e1usulas conflitantes que possam emanar das partes contratantes.<\/p>\n\n\n\n<p><strong>2. Pre\u00e7o<\/strong><\/p>\n\n\n\n<p>Somente a aceita\u00e7\u00e3o do pedido pelo cliente \u00e9 definitivamente vinculativa.&nbsp;<strong><strong>APTS CONS M\u00c9TAL<\/strong><\/strong>&nbsp;nas especifica\u00e7\u00f5es da cota\u00e7\u00e3o. A disponibilidade do cont\u00eainer est\u00e1 sempre sujeita \u00e0 disponibilidade no momento do pedido. A tarifa de transporte pode variar a cada m\u00eas dependendo da taxa de combust\u00edvel.<\/p>\n\n\n\n<p><strong>3. Prazos de entrega<\/strong><\/p>\n\n\n\n<p>Os prazos de entrega s\u00e3o fornecidos a t\u00edtulo indicativo e sem compromisso. Um atraso n\u00e3o pode resultar no cancelamento do pedido ou em compensa\u00e7\u00e3o. Qualquer modifica\u00e7\u00e3o no trabalho mencionada no or\u00e7amento inicial dever\u00e1 ser validada por um novo or\u00e7amento.<\/p>\n\n\n\n<p><strong>4. Observa\u00e7\u00e3o na entrega e transfer\u00eancia de riscos<\/strong><\/p>\n\n\n\n<p>O cliente deve verificar a mercadoria no recebimento e relatar imediatamente qualquer dano vis\u00edvel. Danos n\u00e3o vis\u00edveis devem ser comunicados por correio registado no prazo de 15 dias.<\/p>\n\n\n\n<p><strong>5. Cl\u00e1usula de reserva de propriedade<\/strong><\/p>\n\n\n\n<p><strong>APTS CONS M\u00c9TAL<\/strong>&nbsp;mant\u00e9m a propriedade dos bens at\u00e9 o pagamento integral. Em caso de n\u00e3o pagamento, o vendedor poder\u00e1 recuperar a mercadoria e cancelar a venda, sem reembolsar os dep\u00f3sitos.<\/p>\n\n\n\n<p><strong>6. Transfer\u00eancia de riscos<\/strong><\/p>\n\n\n\n<p>Assim que os cont\u00eaineres s\u00e3o entregues ao cliente, este se torna respons\u00e1vel por eles. A transfer\u00eancia de posse tamb\u00e9m implica a transfer\u00eancia de riscos.<\/p>\n\n\n\n<p><strong>7. Transfer\u00eancia de riscos de transporte<\/strong><\/p>\n\n\n\n<p>Se o transporte for fornecido pelo cliente ou seus agentes,\u00a0<strong>APTS CONS M\u00c9TAL<\/strong>\u00a0\u00e9 respons\u00e1vel apenas pelo carregamento. Toda a responsabilidade pela arruma\u00e7\u00e3o \u00e9 do cliente.<\/p>\n\n\n\n<p><strong>8. For\u00e7a maior<\/strong><\/p>\n\n\n\n<p><strong>APTS CONS M\u00c9TAL<\/strong>&nbsp;n\u00e3o ser\u00e1 respons\u00e1vel em caso de for\u00e7a maior (greves, desastres naturais, guerras, etc.), que tornem imposs\u00edvel o cumprimento normal das obriga\u00e7\u00f5es.<\/p>\n\n\n\n<p><strong>9. Condi\u00e7\u00f5es de pagamento: Cl\u00e1usulas de atraso e penalidade<\/strong><\/p>\n\n\n\n<p>Os servi\u00e7os devem ser pagos de acordo com os termos do or\u00e7amento. Em caso de atraso no pagamento, ser\u00e1 aplicada uma multa no valor equivalente a uma vez e meia a taxa de juros legal.<\/p>\n\n\n\n<p><strong>10. Condi\u00e7\u00f5es de entrega<\/strong><\/p>\n\n\n\n<p><strong>A \u2013 Entrega no local<\/strong>&nbsp;:O cliente deve especificar as condi\u00e7\u00f5es de acesso para caminh\u00f5es de entrega.&nbsp;<strong><strong>APTS CONS M\u00c9TAL<\/strong><\/strong>&nbsp;n\u00e3o ser\u00e1 respons\u00e1vel por impossibilidades de entrega e custos adicionais ser\u00e3o suportados pelo cliente.<\/p>\n\n\n\n<p><strong>B \u2013 Suporte em dep\u00f3sito<\/strong>&nbsp;:O cliente deve verificar a disponibilidade do cont\u00eainer antes da retirada.<\/p>\n\n\n\n<p><strong>11. Retirada<\/strong><\/p>\n\n\n\n<p>Em caso de desist\u00eancia, o valor pago n\u00e3o ser\u00e1 reembolsado. Caso nenhum dep\u00f3sito seja pago, ser\u00e1 aplicada uma multa de 20% do valor do pedido.<\/p>\n\n\n\n<p><strong>12. Isen\u00e7\u00e3o de IVA<\/strong><\/p>\n\n\n\n<p>Para qualquer pedido de exporta\u00e7\u00e3o, se n\u00e3o for poss\u00edvel a isen\u00e7\u00e3o de compra com isen\u00e7\u00e3o de impostos, o IVA ser\u00e1 faturado e ajustado de acordo com o artigo 262 do CGI.<\/p>\n\n\n\n<p><strong>13. Jurisdi\u00e7\u00e3o<\/strong><\/p>\n\n\n\n<p>Qualquer lit\u00edgio ser\u00e1 submetido \u00e0 jurisdi\u00e7\u00e3o exclusiva dos Tribunais de&nbsp;<strong>Bord\u00e9us<\/strong>, mesmo em caso de reclama\u00e7\u00e3o de garantia ou de m\u00faltiplos r\u00e9us.<\/p>","protected":false},"excerpt":{"rendered":"<p>1. Opposabilit\u00e9 En utilisant les services de&nbsp;APTS CONS M\u00c9TAL, le client accepte les conditions g\u00e9n\u00e9rales de vente d\u00e9taill\u00e9es ci-dessous. Ces<\/p>","protected":false},"author":1,"featured_media":0,"parent":0,"menu_order":0,"comment_status":"closed","ping_status":"closed","template":"","meta":{"footnotes":""},"class_list":["post-28326","page","type-page","status-publish","hentry"],"_links":{"self":[{"href":"https:\/\/apts-consmetal.com\/pt\/wp-json\/wp\/v2\/pages\/28326","targetHints":{"allow":["GET"]}}],"collection":[{"href":"https:\/\/apts-consmetal.com\/pt\/wp-json\/wp\/v2\/pages"}],"about":[{"href":"https:\/\/apts-consmetal.com\/pt\/wp-json\/wp\/v2\/types\/page"}],"author":[{"embeddable":true,"href":"https:\/\/apts-consmetal.com\/pt\/wp-json\/wp\/v2\/users\/1"}],"replies":[{"embeddable":true,"href":"https:\/\/apts-consmetal.com\/pt\/wp-json\/wp\/v2\/comments?post=28326"}],"version-history":[{"count":0,"href":"https:\/\/apts-consmetal.com\/pt\/wp-json\/wp\/v2\/pages\/28326\/revisions"}],"wp:attachment":[{"href":"https:\/\/apts-consmetal.com\/pt\/wp-json\/wp\/v2\/media?parent=28326"}],"curies":[{"name":"wp","href":"https:\/\/api.w.org\/{rel}","templated":true}]}}