{"id":7339,"date":"2024-11-04T09:09:26","date_gmt":"2024-11-04T08:09:26","guid":{"rendered":"https:\/\/trastracontainers.com\/?post_type=product&#038;p=7339"},"modified":"2025-05-15T18:19:31","modified_gmt":"2025-05-15T16:19:31","slug":"conteneur-frigorifique-high-cube-neuf-de-40-pieds","status":"publish","type":"product","link":"https:\/\/apts-consmetal.com\/fr\/produit\/conteneur-frigorifique-high-cube-neuf-de-40-pieds\/","title":{"rendered":"Conteneur frigorifique high cube neuf de 40 pieds"},"content":{"rendered":"<p><span>Faciles \u00e0 r\u00e9parer, s\u00e9curis\u00e9s et isol\u00e9s, ils sont fournis avec des fonctionnalit\u00e9s standard, notamment une valve \u00e0 vide, un plancher en T, une doublure int\u00e9rieure en aluminium anti-\u00e9raflures et un dispositif de suivi et de tra\u00e7abilit\u00e9. De plus, nos conteneurs r\u00e9frig\u00e9r\u00e9s HC de 40 pieds sont r\u00e9sistants aux bact\u00e9ries et incroyablement efficaces. Ils offrent 1 pied de hauteur suppl\u00e9mentaire par rapport \u00e0 un conteneur r\u00e9frig\u00e9r\u00e9 de 40 pieds et ont une capacit\u00e9 interne compl\u00e8te de 2 387 pi\u00b3.<\/span><\/p>\n<p><span>Avec la possibilit\u00e9 de maintenir des temp\u00e9ratures moyennes constantes comprises entre -30 \u00b0C et +30 \u00b0C*, il est possible de contr\u00f4ler avec pr\u00e9cision le climat interne de ces unit\u00e9s afin de fournir un environnement optimal pour les marchandises. Elles sont con\u00e7ues pour stocker de grandes quantit\u00e9s de stocks p\u00e9rissables et sont fr\u00e9quemment utilis\u00e9es pour maintenir la qualit\u00e9 des aliments, des boissons et des \u00e9quipements sensibles \u00e0 la temp\u00e9rature. Les machines Reefer fonctionnent dans une plage de tension de 400 \u00e0 500 V, 3 ph \u00e0 60 Hz et de 360 \u200b\u200b\u00e0 460 V, 3 ph \u00e0 50 Hz, et sont charg\u00e9es avec des r\u00e9frig\u00e9rants approuv\u00e9s par le fabricant.<\/span><\/p>\n<table>\n<thead>\n<tr>\n<th><strong>Cat\u00e9gorie<\/strong><\/th>\n<th><strong>Caract\u00e9ristique<\/strong><\/th>\n<th><strong>M\u00e9trique<\/strong><\/th>\n<th><strong>Imp\u00e9riale<\/strong><\/th>\n<\/tr>\n<\/thead>\n<tbody>\n<tr>\n<td><strong>Dimensions ext\u00e9rieures<\/strong><\/td>\n<td>Longueur<\/td>\n<td>12 192 mm<\/td>\n<td>40&prime; 0.0&Prime;<\/td>\n<\/tr>\n<tr>\n<td><\/td>\n<td>Largeur<\/td>\n<td>2 438 mm<\/td>\n<td>8&prime; 0.0&Prime;<\/td>\n<\/tr>\n<tr>\n<td><\/td>\n<td>Hauteur<\/td>\n<td>2 896 mm<\/td>\n<td>9&prime; 6.0&Prime;<\/td>\n<\/tr>\n<tr>\n<td><strong>Dimensions int\u00e9rieures<\/strong><\/td>\n<td>Longueur<\/td>\n<td>11 588 mm<\/td>\n<td>38&prime; 0.2&Prime;<\/td>\n<\/tr>\n<tr>\n<td><\/td>\n<td>Largeur<\/td>\n<td>2 290 mm<\/td>\n<td>7&prime; 6.2&Prime;<\/td>\n<\/tr>\n<tr>\n<td><\/td>\n<td>Hauteur<\/td>\n<td>2 547,5 mm<\/td>\n<td>8&prime; 4.3&Prime;<\/td>\n<\/tr>\n<tr>\n<td><strong>Ouverture de la porte<\/strong><\/td>\n<td>Largeur<\/td>\n<td>2 294 mm<\/td>\n<td>7&prime; 6.3&Prime;<\/td>\n<\/tr>\n<tr>\n<td><\/td>\n<td>Hauteur<\/td>\n<td>2 569 mm<\/td>\n<td>8&prime; 5.1&Prime;<\/td>\n<\/tr>\n<tr>\n<td><strong>Capacit\u00e9 et poids<\/strong><\/td>\n<td>Capacit\u00e9 cubique int\u00e9rieure<\/td>\n<td>67,6 m\u00b3<\/td>\n<td>2 387 pi\u00b3<\/td>\n<\/tr>\n<tr>\n<td><\/td>\n<td>Max Gross<\/td>\n<td>35 000 kg<\/td>\n<td>77 160 lb<\/td>\n<\/tr>\n<tr>\n<td><\/td>\n<td>Charge utile<\/td>\n<td>30 440 kg<\/td>\n<td>67 110 lb<\/td>\n<\/tr>\n<tr>\n<td><\/td>\n<td>Tare<\/td>\n<td>4 560 kg<\/td>\n<td>10 050 lb<\/td>\n<\/tr>\n<\/tbody>\n<\/table>\n","protected":false},"excerpt":{"rendered":"<p><span>Con\u00e7us pour le stockage s\u00e9curis\u00e9 sur site et le transport de grandes quantit\u00e9s de marchandises sensibles \u00e0 la temp\u00e9rature, les nouveaux conteneurs r\u00e9frig\u00e9r\u00e9s 40 pieds High Cube sont r\u00e9sistants au vent, aux intemp\u00e9ries et \u00e0 la vermine.<\/span><\/p>\n","protected":false},"featured_media":7348,"comment_status":"open","ping_status":"closed","template":"","meta":[],"product_brand":[],"product_cat":[98],"product_tag":[],"class_list":{"0":"post-7339","1":"product","2":"type-product","3":"status-publish","4":"has-post-thumbnail","6":"product_cat-conteneurs-frigorifiques","8":"first","9":"instock","10":"shipping-taxable","11":"purchasable","12":"product-type-simple"},"_links":{"self":[{"href":"https:\/\/apts-consmetal.com\/fr\/wp-json\/wp\/v2\/product\/7339","targetHints":{"allow":["GET"]}}],"collection":[{"href":"https:\/\/apts-consmetal.com\/fr\/wp-json\/wp\/v2\/product"}],"about":[{"href":"https:\/\/apts-consmetal.com\/fr\/wp-json\/wp\/v2\/types\/product"}],"replies":[{"embeddable":true,"href":"https:\/\/apts-consmetal.com\/fr\/wp-json\/wp\/v2\/comments?post=7339"}],"version-history":[{"count":0,"href":"https:\/\/apts-consmetal.com\/fr\/wp-json\/wp\/v2\/product\/7339\/revisions"}],"wp:featuredmedia":[{"embeddable":true,"href":"https:\/\/apts-consmetal.com\/fr\/wp-json\/wp\/v2\/media\/7348"}],"wp:attachment":[{"href":"https:\/\/apts-consmetal.com\/fr\/wp-json\/wp\/v2\/media?parent=7339"}],"wp:term":[{"taxonomy":"product_brand","embeddable":true,"href":"https:\/\/apts-consmetal.com\/fr\/wp-json\/wp\/v2\/product_brand?post=7339"},{"taxonomy":"product_cat","embeddable":true,"href":"https:\/\/apts-consmetal.com\/fr\/wp-json\/wp\/v2\/product_cat?post=7339"},{"taxonomy":"product_tag","embeddable":true,"href":"https:\/\/apts-consmetal.com\/fr\/wp-json\/wp\/v2\/product_tag?post=7339"}],"curies":[{"name":"wp","href":"https:\/\/api.w.org\/{rel}","templated":true}]}}