{"id":6365,"date":"2024-10-09T03:40:24","date_gmt":"2024-10-09T01:40:24","guid":{"rendered":"https:\/\/trastracontainers.com\/?post_type=product&#038;p=6365"},"modified":"2025-05-15T18:19:31","modified_gmt":"2025-05-15T16:19:31","slug":"conteneur-maritime-neuf-high-cube-a-double-porte-de-20-pieds","status":"publish","type":"product","link":"https:\/\/apts-consmetal.com\/fr\/produit\/conteneur-maritime-neuf-high-cube-a-double-porte-de-20-pieds\/","title":{"rendered":"Conteneur maritime neuf High cube \u00e0 double porte de 20 pieds"},"content":{"rendered":"<p>Nos conteneurs maritimes <strong>High Cube \u00e0 double porte de 20 pieds<\/strong> sont con\u00e7us pour offrir un acc\u00e8s optimal avec des doubles portes \u00e0 chaque extr\u00e9mit\u00e9, facilitant le chargement et le d\u00e9chargement. Ces conteneurs sont id\u00e9aux si vous avez besoin d\u2019un espace de stockage plus \u00e9lev\u00e9 que celui d\u2019un conteneur standard. Avec une hauteur ext\u00e9rieure de 9&rsquo;6&Prime;, ils sont parfaits pour des marchandises n\u00e9cessitant plus de volume vertical.<\/p>\n<p>Chaque double porte est \u00e9quip\u00e9e de coffres-forts en standard, et ces conteneurs sont dot\u00e9s de 10 \u00e9vents pour une ventilation optimale, ainsi que d&rsquo;un plancher en contreplaqu\u00e9 marin de haute qualit\u00e9.<\/p>\n<p>Ces conteneurs sont certifi\u00e9s CSC et pr\u00eats pour le transport de fret. Pour plus de protection, un traitement anti-condensation Grafo-therm peut \u00eatre ajout\u00e9 moyennant un suppl\u00e9ment.<\/p>\n<table>\n<thead>\n<tr>\n<th><strong>Caract\u00e9ristiques<\/strong><\/th>\n<th><strong>Dimensions Imp\u00e9riales<\/strong><\/th>\n<th><strong>Dimensions M\u00e9triques<\/strong><\/th>\n<\/tr>\n<\/thead>\n<tbody>\n<tr>\n<td><strong>Dimensions ext\u00e9rieures<\/strong><\/td>\n<td>L 20&prime; x l 8&prime; x H 9,6&prime;<\/td>\n<td>L 6,1 m x l 2,4 m x H 2,9 m<\/td>\n<\/tr>\n<tr>\n<td><strong>Volume<\/strong><\/td>\n<td>1,289 pi\u00b3<\/td>\n<td>36,5 m\u00b3<\/td>\n<\/tr>\n<tr>\n<td><strong>Poids \u00e0 vide<\/strong><\/td>\n<td>5,290 livres<\/td>\n<td>2,400 kg<\/td>\n<\/tr>\n<tr>\n<td><strong>Charge utile maximale<\/strong><\/td>\n<td>47,398 livres<\/td>\n<td>21,500 kg<\/td>\n<\/tr>\n<tr>\n<td><strong>Charge maximale<\/strong><\/td>\n<td>52,690 livres<\/td>\n<td>23,900 kg<\/td>\n<\/tr>\n<\/tbody>\n<\/table>\n","protected":false},"excerpt":{"rendered":"<p>Nos conteneurs maritimes High Cube \u00e0 double porte de 20 pieds sont con\u00e7us pour offrir un acc\u00e8s optimal avec des<\/p>\n","protected":false},"featured_media":28051,"comment_status":"open","ping_status":"closed","template":"","meta":[],"product_brand":[],"product_cat":[94,96],"product_tag":[],"class_list":{"0":"post-6365","1":"product","2":"type-product","3":"status-publish","4":"has-post-thumbnail","6":"product_cat-conteneurs-maritimes-neufs","7":"product_cat-moyen","9":"first","10":"instock","11":"shipping-taxable","12":"purchasable","13":"product-type-simple"},"_links":{"self":[{"href":"https:\/\/apts-consmetal.com\/fr\/wp-json\/wp\/v2\/product\/6365","targetHints":{"allow":["GET"]}}],"collection":[{"href":"https:\/\/apts-consmetal.com\/fr\/wp-json\/wp\/v2\/product"}],"about":[{"href":"https:\/\/apts-consmetal.com\/fr\/wp-json\/wp\/v2\/types\/product"}],"replies":[{"embeddable":true,"href":"https:\/\/apts-consmetal.com\/fr\/wp-json\/wp\/v2\/comments?post=6365"}],"version-history":[{"count":0,"href":"https:\/\/apts-consmetal.com\/fr\/wp-json\/wp\/v2\/product\/6365\/revisions"}],"wp:featuredmedia":[{"embeddable":true,"href":"https:\/\/apts-consmetal.com\/fr\/wp-json\/wp\/v2\/media\/28051"}],"wp:attachment":[{"href":"https:\/\/apts-consmetal.com\/fr\/wp-json\/wp\/v2\/media?parent=6365"}],"wp:term":[{"taxonomy":"product_brand","embeddable":true,"href":"https:\/\/apts-consmetal.com\/fr\/wp-json\/wp\/v2\/product_brand?post=6365"},{"taxonomy":"product_cat","embeddable":true,"href":"https:\/\/apts-consmetal.com\/fr\/wp-json\/wp\/v2\/product_cat?post=6365"},{"taxonomy":"product_tag","embeddable":true,"href":"https:\/\/apts-consmetal.com\/fr\/wp-json\/wp\/v2\/product_tag?post=6365"}],"curies":[{"name":"wp","href":"https:\/\/api.w.org\/{rel}","templated":true}]}}