{"id":6358,"date":"2024-10-09T03:29:44","date_gmt":"2024-10-09T01:29:44","guid":{"rendered":"https:\/\/trastracontainers.com\/?post_type=product&#038;p=6358"},"modified":"2025-05-15T18:19:31","modified_gmt":"2025-05-15T16:19:31","slug":"conteneur-maritime-neuf-open-side-de-40-pieds","status":"publish","type":"product","link":"https:\/\/apts-consmetal.com\/fr\/produit\/conteneur-maritime-neuf-open-side-de-40-pieds\/","title":{"rendered":"Conteneur maritime neuf Open side de 40 pieds"},"content":{"rendered":"<p>Si vous avez besoin d\u2019un acc\u00e8s encore plus large pour vos op\u00e9rations, le conteneur <strong>open side<\/strong> de 40 pieds est la solution parfaite. Ce mod\u00e8le, disponible en hauteur standard ou High Cube, est \u00e9quip\u00e9 de portes sur toute la longueur d\u2019un c\u00f4t\u00e9, ainsi qu\u2019\u00e0 une extr\u00e9mit\u00e9, offrant un acc\u00e8s lat\u00e9ral complet pour des chargements volumineux. Il est id\u00e9al pour les conversions sp\u00e9ciales ou les besoins logistiques complexes.<\/p>\n<p>Chaque porte est \u00e9quip\u00e9e de coffres-forts en standard, et le conteneur est dot\u00e9 d\u2019a\u00e9rations pour une ventilation optimale, ainsi qu\u2019un plancher en contreplaqu\u00e9 marin de haute qualit\u00e9.<\/p>\n<p>Ces conteneurs sont certifi\u00e9s CSC, pr\u00eats \u00e0 \u00eatre utilis\u00e9s pour le transport de fret. Un traitement anti-condensation Grafo-therm peut \u00eatre ajout\u00e9 en option moyennant un co\u00fbt suppl\u00e9mentaire.<\/p>\n<table>\n<thead>\n<tr>\n<th><strong>Caract\u00e9ristiques<\/strong><\/th>\n<th><strong>Dimensions Imp\u00e9riales<\/strong><\/th>\n<th><strong>Dimensions M\u00e9triques<\/strong><\/th>\n<\/tr>\n<\/thead>\n<tbody>\n<tr>\n<td><strong>Dimensions ext\u00e9rieures<\/strong><\/td>\n<td>L 40&prime; x l 8&prime; x H 8,6&prime;<\/td>\n<td>L 12,2 m x l 2,4 m x H 2,6 m<\/td>\n<\/tr>\n<tr>\n<td><strong>Volume<\/strong><\/td>\n<td>2,390 pi\u00b3<\/td>\n<td>67,7 m\u00b3<\/td>\n<\/tr>\n<tr>\n<td><strong>Poids \u00e0 vide<\/strong><\/td>\n<td>8,490 livres<\/td>\n<td>3,850 kg<\/td>\n<\/tr>\n<tr>\n<td><strong>Charge utile maximale<\/strong><\/td>\n<td>61,730 livres<\/td>\n<td>28,000 kg<\/td>\n<\/tr>\n<tr>\n<td><strong>Charge maximale<\/strong><\/td>\n<td>70,220 livres<\/td>\n<td>31,850 kg<\/td>\n<\/tr>\n<\/tbody>\n<\/table>\n","protected":false},"excerpt":{"rendered":"<p>Nos conteneurs open side de 40 pieds, disponibles en version standard ou High Cube, offrent un acc\u00e8s lat\u00e9ral complet avec des portes sur toute la longueur et une porte \u00e0 l&rsquo;extr\u00e9mit\u00e9. \u00c9quip\u00e9s de coffres-forts, de ventilations optimales, et d\u2019un plancher en contreplaqu\u00e9 marin, ces conteneurs sont certifi\u00e9s CSC et pr\u00eats pour le fret, avec une option anti-condensation disponible.<\/p>\n","protected":false},"featured_media":6359,"comment_status":"open","ping_status":"closed","template":"","meta":[],"product_brand":[],"product_cat":[94,97],"product_tag":[],"class_list":{"0":"post-6358","1":"product","2":"type-product","3":"status-publish","4":"has-post-thumbnail","6":"product_cat-conteneurs-maritimes-neufs","7":"product_cat-grand","9":"first","10":"instock","11":"shipping-taxable","12":"purchasable","13":"product-type-simple"},"_links":{"self":[{"href":"https:\/\/apts-consmetal.com\/fr\/wp-json\/wp\/v2\/product\/6358","targetHints":{"allow":["GET"]}}],"collection":[{"href":"https:\/\/apts-consmetal.com\/fr\/wp-json\/wp\/v2\/product"}],"about":[{"href":"https:\/\/apts-consmetal.com\/fr\/wp-json\/wp\/v2\/types\/product"}],"replies":[{"embeddable":true,"href":"https:\/\/apts-consmetal.com\/fr\/wp-json\/wp\/v2\/comments?post=6358"}],"version-history":[{"count":0,"href":"https:\/\/apts-consmetal.com\/fr\/wp-json\/wp\/v2\/product\/6358\/revisions"}],"wp:featuredmedia":[{"embeddable":true,"href":"https:\/\/apts-consmetal.com\/fr\/wp-json\/wp\/v2\/media\/6359"}],"wp:attachment":[{"href":"https:\/\/apts-consmetal.com\/fr\/wp-json\/wp\/v2\/media?parent=6358"}],"wp:term":[{"taxonomy":"product_brand","embeddable":true,"href":"https:\/\/apts-consmetal.com\/fr\/wp-json\/wp\/v2\/product_brand?post=6358"},{"taxonomy":"product_cat","embeddable":true,"href":"https:\/\/apts-consmetal.com\/fr\/wp-json\/wp\/v2\/product_cat?post=6358"},{"taxonomy":"product_tag","embeddable":true,"href":"https:\/\/apts-consmetal.com\/fr\/wp-json\/wp\/v2\/product_tag?post=6358"}],"curies":[{"name":"wp","href":"https:\/\/api.w.org\/{rel}","templated":true}]}}