{"id":6292,"date":"2024-10-09T02:48:29","date_gmt":"2024-10-09T00:48:29","guid":{"rendered":"https:\/\/trastracontainers.com\/?post_type=product&#038;p=6292"},"modified":"2025-05-15T18:19:30","modified_gmt":"2025-05-15T16:19:30","slug":"conteneur-maritime-neuf-open-side-de-20-pieds","status":"publish","type":"product","link":"https:\/\/apts-consmetal.com\/fr\/produit\/conteneur-maritime-neuf-open-side-de-20-pieds\/","title":{"rendered":"Conteneur maritime neuf Open side de 20 pieds"},"content":{"rendered":"<p>Si vous avez besoin d&rsquo;une zone de chargement beaucoup plus large, nos conteneurs d&rsquo;exp\u00e9dition <strong>open side<\/strong> de 20 pieds sont la solution id\u00e9ale. Disponibles en hauteur standard et en version High Cube, ils sont \u00e9quip\u00e9s de portes lat\u00e9rales sur toute la longueur de 20 pieds ainsi que d&rsquo;une porte \u00e0 l&rsquo;extr\u00e9mit\u00e9, vous offrant un acc\u00e8s lat\u00e9ral complet. Cela en fait une option parfaite pour certaines conversions sp\u00e9cifiques de conteneurs.<\/p>\n<p>Chaque porte est \u00e9quip\u00e9e d&rsquo;un coffre-fort, et les conteneurs sont \u00e9galement dot\u00e9s d&rsquo;a\u00e9rations pour une ventilation optimale ainsi que d&rsquo;un plancher en contreplaqu\u00e9 marin de haute qualit\u00e9.<\/p>\n<p>Ces conteneurs sont certifi\u00e9s CSC et pr\u00eats pour \u00eatre utilis\u00e9s pour le transport de fret. En option, un traitement anti-condensation Grafo-therm peut \u00eatre appliqu\u00e9 moyennant un co\u00fbt suppl\u00e9mentaire.<\/p>\n<table>\n<thead>\n<tr>\n<th><strong>Caract\u00e9ristiques<\/strong><\/th>\n<th><strong>Dimensions Imp\u00e9riales<\/strong><\/th>\n<th><strong>Dimensions M\u00e9triques<\/strong><\/th>\n<\/tr>\n<\/thead>\n<tbody>\n<tr>\n<td><strong>Dimensions ext\u00e9rieures<\/strong><\/td>\n<td>L 20&prime; x l 8&prime; x H 8,6&prime;<\/td>\n<td>L 6,1 m x l 2,4 m x H 2,6 m<\/td>\n<\/tr>\n<tr>\n<td><strong>Volume<\/strong><\/td>\n<td>1,169 pi\u00b3<\/td>\n<td>33,1 m\u00b3<\/td>\n<\/tr>\n<tr>\n<td><strong>Poids \u00e0 vide<\/strong><\/td>\n<td>5,181 livres<\/td>\n<td>2,350 kg<\/td>\n<\/tr>\n<tr>\n<td><strong>Charge utile maximale<\/strong><\/td>\n<td>47,620 livres<\/td>\n<td>21,620 kg<\/td>\n<\/tr>\n<tr>\n<td><strong>Charge maximale<\/strong><\/td>\n<td>52,801 livres<\/td>\n<td>23,970 kg<\/td>\n<\/tr>\n<\/tbody>\n<\/table>\n","protected":false},"excerpt":{"rendered":"<p>Nos conteneurs open side de 20 pieds, disponibles en hauteur standard ou High Cube, offrent un acc\u00e8s lat\u00e9ral complet avec des portes sur toute la longueur et une porte \u00e0 l&rsquo;extr\u00e9mit\u00e9. Dot\u00e9s de coffres-forts sur chaque porte, de ventilations optimales, et d&rsquo;un plancher en contreplaqu\u00e9 marin, ces conteneurs sont certifi\u00e9s CSC et pr\u00eats pour le fret, avec une option anti-condensation en suppl\u00e9ment.<\/p>\n","protected":false},"featured_media":6346,"comment_status":"open","ping_status":"closed","template":"","meta":[],"product_brand":[],"product_cat":[94,96],"product_tag":[],"class_list":{"0":"post-6292","1":"product","2":"type-product","3":"status-publish","4":"has-post-thumbnail","6":"product_cat-conteneurs-maritimes-neufs","7":"product_cat-moyen","9":"first","10":"instock","11":"shipping-taxable","12":"purchasable","13":"product-type-simple"},"_links":{"self":[{"href":"https:\/\/apts-consmetal.com\/fr\/wp-json\/wp\/v2\/product\/6292","targetHints":{"allow":["GET"]}}],"collection":[{"href":"https:\/\/apts-consmetal.com\/fr\/wp-json\/wp\/v2\/product"}],"about":[{"href":"https:\/\/apts-consmetal.com\/fr\/wp-json\/wp\/v2\/types\/product"}],"replies":[{"embeddable":true,"href":"https:\/\/apts-consmetal.com\/fr\/wp-json\/wp\/v2\/comments?post=6292"}],"version-history":[{"count":0,"href":"https:\/\/apts-consmetal.com\/fr\/wp-json\/wp\/v2\/product\/6292\/revisions"}],"wp:featuredmedia":[{"embeddable":true,"href":"https:\/\/apts-consmetal.com\/fr\/wp-json\/wp\/v2\/media\/6346"}],"wp:attachment":[{"href":"https:\/\/apts-consmetal.com\/fr\/wp-json\/wp\/v2\/media?parent=6292"}],"wp:term":[{"taxonomy":"product_brand","embeddable":true,"href":"https:\/\/apts-consmetal.com\/fr\/wp-json\/wp\/v2\/product_brand?post=6292"},{"taxonomy":"product_cat","embeddable":true,"href":"https:\/\/apts-consmetal.com\/fr\/wp-json\/wp\/v2\/product_cat?post=6292"},{"taxonomy":"product_tag","embeddable":true,"href":"https:\/\/apts-consmetal.com\/fr\/wp-json\/wp\/v2\/product_tag?post=6292"}],"curies":[{"name":"wp","href":"https:\/\/api.w.org\/{rel}","templated":true}]}}