{"id":6284,"date":"2024-10-08T17:07:30","date_gmt":"2024-10-08T15:07:30","guid":{"rendered":"https:\/\/trastracontainers.com\/?post_type=product&#038;p=6284"},"modified":"2025-05-15T18:19:30","modified_gmt":"2025-05-15T16:19:30","slug":"conteneur-maritime-neuf-a-double-porte-de-20-pieds","status":"publish","type":"product","link":"https:\/\/apts-consmetal.com\/fr\/produit\/conteneur-maritime-neuf-a-double-porte-de-20-pieds\/","title":{"rendered":"Conteneur maritime neuf \u00e0 double porte de 20 pieds dry"},"content":{"rendered":"<p>Nos conteneurs d&rsquo;exp\u00e9dition \u00e0 double porte de 20 pieds offrent les m\u00eames sp\u00e9cifications que les mod\u00e8les standards, mais avec des doubles portes \u00e0 chaque extr\u00e9mit\u00e9 pour une accessibilit\u00e9 accrue. Chaque porte est \u00e9quip\u00e9e de quatre barres de verrouillage et de poign\u00e9es \u00e0 hauteur de taille, facilitant leur utilisation. Ces conteneurs sont disponibles en hauteur standard ou en version High Cube pour des besoins de stockage suppl\u00e9mentaires en hauteur.<\/p>\n<p>En standard, ils incluent un coffre-fort sur chaque double porte, 10 \u00e9vents pour une ventilation optimale, et un plancher en contreplaqu\u00e9 marin de haute qualit\u00e9.<\/p>\n<p>Certifi\u00e9s CSC, ils sont pr\u00eats \u00e0 \u00eatre utilis\u00e9s comme conteneurs de fret. Un traitement anti-condensation Grafo-therm est disponible en option moyennant un co\u00fbt suppl\u00e9mentaire.<\/p>\n<table>\n<thead>\n<tr>\n<th><strong>Caract\u00e9ristiques<\/strong><\/th>\n<th><strong>Dimensions Imp\u00e9riales<\/strong><\/th>\n<th><strong>Dimensions M\u00e9triques<\/strong><\/th>\n<\/tr>\n<\/thead>\n<tbody>\n<tr>\n<td><strong>Dimensions ext\u00e9rieures<\/strong><\/td>\n<td>L 20&prime; x l 8&prime; x H 8,6&prime;<\/td>\n<td>L 6,1 m x l 2,4 m x H 2,6 m<\/td>\n<\/tr>\n<tr>\n<td><strong>Volume<\/strong><\/td>\n<td>1,169 pi\u00b3<\/td>\n<td>33,1 m\u00b3<\/td>\n<\/tr>\n<tr>\n<td><strong>Poids \u00e0 vide<\/strong><\/td>\n<td>5,071 livres<\/td>\n<td>2,300 kg<\/td>\n<\/tr>\n<tr>\n<td><strong>Charge utile maximale<\/strong><\/td>\n<td>47,899 livres<\/td>\n<td>21,770 kg<\/td>\n<\/tr>\n<tr>\n<td><strong>Charge maximale<\/strong><\/td>\n<td>52,971 livres<\/td>\n<td>24,000 kg<\/td>\n<\/tr>\n<\/tbody>\n<\/table>\n","protected":false},"excerpt":{"rendered":"<p>Nos conteneurs d&rsquo;exp\u00e9dition \u00e0 double porte de 20 pieds, disponibles en hauteur standard ou High Cube, sont \u00e9quip\u00e9s de doubles portes \u00e0 chaque extr\u00e9mit\u00e9 avec quatre barres de verrouillage pour une manipulation facile. Ils comprennent 10 \u00e9vents pour une ventilation optimale et un plancher en contreplaqu\u00e9 marin. Certifi\u00e9s CSC, ils sont pr\u00eats pour le transport de fret, avec une option anti-condensation disponible.<\/p>\n","protected":false},"featured_media":6285,"comment_status":"open","ping_status":"closed","template":"","meta":[],"product_brand":[],"product_cat":[94,96],"product_tag":[],"class_list":{"0":"post-6284","1":"product","2":"type-product","3":"status-publish","4":"has-post-thumbnail","6":"product_cat-conteneurs-maritimes-neufs","7":"product_cat-moyen","9":"first","10":"instock","11":"shipping-taxable","12":"purchasable","13":"product-type-simple"},"_links":{"self":[{"href":"https:\/\/apts-consmetal.com\/fr\/wp-json\/wp\/v2\/product\/6284","targetHints":{"allow":["GET"]}}],"collection":[{"href":"https:\/\/apts-consmetal.com\/fr\/wp-json\/wp\/v2\/product"}],"about":[{"href":"https:\/\/apts-consmetal.com\/fr\/wp-json\/wp\/v2\/types\/product"}],"replies":[{"embeddable":true,"href":"https:\/\/apts-consmetal.com\/fr\/wp-json\/wp\/v2\/comments?post=6284"}],"version-history":[{"count":0,"href":"https:\/\/apts-consmetal.com\/fr\/wp-json\/wp\/v2\/product\/6284\/revisions"}],"wp:featuredmedia":[{"embeddable":true,"href":"https:\/\/apts-consmetal.com\/fr\/wp-json\/wp\/v2\/media\/6285"}],"wp:attachment":[{"href":"https:\/\/apts-consmetal.com\/fr\/wp-json\/wp\/v2\/media?parent=6284"}],"wp:term":[{"taxonomy":"product_brand","embeddable":true,"href":"https:\/\/apts-consmetal.com\/fr\/wp-json\/wp\/v2\/product_brand?post=6284"},{"taxonomy":"product_cat","embeddable":true,"href":"https:\/\/apts-consmetal.com\/fr\/wp-json\/wp\/v2\/product_cat?post=6284"},{"taxonomy":"product_tag","embeddable":true,"href":"https:\/\/apts-consmetal.com\/fr\/wp-json\/wp\/v2\/product_tag?post=6284"}],"curies":[{"name":"wp","href":"https:\/\/api.w.org\/{rel}","templated":true}]}}