{"id":6266,"date":"2024-10-08T16:43:15","date_gmt":"2024-10-08T14:43:15","guid":{"rendered":"https:\/\/trastracontainers.com\/?post_type=product&#038;p=6266"},"modified":"2025-05-22T08:04:30","modified_gmt":"2025-05-22T06:04:30","slug":"conteneur-maritime-neuf-high-cube-de-40-pieds","status":"publish","type":"product","link":"https:\/\/apts-consmetal.com\/fr\/produit\/conteneur-maritime-neuf-high-cube-de-40-pieds\/","title":{"rendered":"Conteneur maritime neuf High Cube de 40 pieds"},"content":{"rendered":"<p>Avec une hauteur ext\u00e9rieure totale de 9\u2032 6\u2033, nos conteneurs High Cube de 40 pieds sont id\u00e9aux pour le stockage de marchandises n\u00e9cessitant plus de hauteur que celle des conteneurs standards. Ils offrent les m\u00eames caract\u00e9ristiques que les conteneurs maritimes classiques de 40 pieds, tout en vous donnant plus de capacit\u00e9 verticale.<\/p>\n<p>Ces conteneurs sont \u00e9quip\u00e9s de doubles portes \u00e0 une extr\u00e9mit\u00e9, disponibles en bleu ou vert, avec quatre barres de verrouillage et des poign\u00e9es \u00e0 hauteur de taille pour une utilisation ais\u00e9e. En standard, ils comprennent un coffre-fort, 10 \u00e9vents pour une ventilation optimale, et un plancher en contreplaqu\u00e9 marin de haute qualit\u00e9.<\/p>\n<p>Certifi\u00e9s CSC, ces conteneurs sont pr\u00eats \u00e0 \u00eatre utilis\u00e9s pour le transport de fret. Pour plus de protection, un rev\u00eatement interne anti-condensation Grafo-therm est disponible moyennant un co\u00fbt suppl\u00e9mentaire.<\/p>\n<table>\n<thead>\n<tr>\n<th><strong>Caract\u00e9ristiques<\/strong><\/th>\n<th><strong>Dimensions Imp\u00e9riales<\/strong><\/th>\n<th><strong>Dimensions M\u00e9triques<\/strong><\/th>\n<\/tr>\n<\/thead>\n<tbody>\n<tr>\n<td><strong>Dimensions ext\u00e9rieures<\/strong><\/td>\n<td>L 40&prime; x l 8&prime; x H 9,6&prime;<\/td>\n<td>L 12,2 m x l 2,4 m x H 2,9 m<\/td>\n<\/tr>\n<tr>\n<td><strong>Volume<\/strong><\/td>\n<td>2,694 pi\u00b3<\/td>\n<td>76,2 m\u00b3<\/td>\n<\/tr>\n<tr>\n<td><strong>Poids \u00e0 vide<\/strong><\/td>\n<td>8,775 livres<\/td>\n<td>3,980 kg<\/td>\n<\/tr>\n<tr>\n<td><strong>Charge utile maximale<\/strong><\/td>\n<td>63,499 livres<\/td>\n<td>28,860 kg<\/td>\n<\/tr>\n<tr>\n<td><strong>Charge maximale<\/strong><\/td>\n<td>72,300 livres<\/td>\n<td>32,500 kg<\/td>\n<\/tr>\n<\/tbody>\n<\/table>\n","protected":false},"excerpt":{"rendered":"<p>Nos conteneurs High Cube de 40 pieds, avec une hauteur ext\u00e9rieure de 9&rsquo;6&Prime;, sont parfaits pour stocker des marchandises plus hautes. Ils sont disponibles en bleu ou vert avec des doubles portes, quatre barres de verrouillage, 10 \u00e9vents pour une ventilation optimale, et un plancher en contreplaqu\u00e9 marin. Certifi\u00e9s CSC, ils sont pr\u00eats pour le transport, avec une option de traitement anti-condensation en suppl\u00e9ment.<\/p>\n","protected":false},"featured_media":28032,"comment_status":"open","ping_status":"closed","template":"","meta":[],"product_brand":[],"product_cat":[94,97],"product_tag":[],"class_list":{"0":"post-6266","1":"product","2":"type-product","3":"status-publish","4":"has-post-thumbnail","6":"product_cat-conteneurs-maritimes-neufs","7":"product_cat-grand","9":"first","10":"instock","11":"shipping-taxable","12":"purchasable","13":"product-type-variable"},"_links":{"self":[{"href":"https:\/\/apts-consmetal.com\/fr\/wp-json\/wp\/v2\/product\/6266","targetHints":{"allow":["GET"]}}],"collection":[{"href":"https:\/\/apts-consmetal.com\/fr\/wp-json\/wp\/v2\/product"}],"about":[{"href":"https:\/\/apts-consmetal.com\/fr\/wp-json\/wp\/v2\/types\/product"}],"replies":[{"embeddable":true,"href":"https:\/\/apts-consmetal.com\/fr\/wp-json\/wp\/v2\/comments?post=6266"}],"version-history":[{"count":0,"href":"https:\/\/apts-consmetal.com\/fr\/wp-json\/wp\/v2\/product\/6266\/revisions"}],"wp:featuredmedia":[{"embeddable":true,"href":"https:\/\/apts-consmetal.com\/fr\/wp-json\/wp\/v2\/media\/28032"}],"wp:attachment":[{"href":"https:\/\/apts-consmetal.com\/fr\/wp-json\/wp\/v2\/media?parent=6266"}],"wp:term":[{"taxonomy":"product_brand","embeddable":true,"href":"https:\/\/apts-consmetal.com\/fr\/wp-json\/wp\/v2\/product_brand?post=6266"},{"taxonomy":"product_cat","embeddable":true,"href":"https:\/\/apts-consmetal.com\/fr\/wp-json\/wp\/v2\/product_cat?post=6266"},{"taxonomy":"product_tag","embeddable":true,"href":"https:\/\/apts-consmetal.com\/fr\/wp-json\/wp\/v2\/product_tag?post=6266"}],"curies":[{"name":"wp","href":"https:\/\/api.w.org\/{rel}","templated":true}]}}