{"id":6018,"date":"2024-09-25T14:11:36","date_gmt":"2024-09-25T12:11:36","guid":{"rendered":"https:\/\/trastracontainers.com\/?post_type=product&#038;p=6018"},"modified":"2025-05-15T18:19:30","modified_gmt":"2025-05-15T16:19:30","slug":"conteneur-maritime-neuf-20-pieds-dry","status":"publish","type":"product","link":"https:\/\/apts-consmetal.com\/fr\/produit\/conteneur-maritime-neuf-20-pieds-dry\/","title":{"rendered":"Conteneur maritime neuf 20 pieds dry"},"content":{"rendered":"<p>Nos conteneurs d&rsquo;exp\u00e9dition de 20 pieds sont les plus demand\u00e9s, offrant un excellent rapport qualit\u00e9-prix. Ils sont \u00e9quip\u00e9s de doubles portes \u00e0 une extr\u00e9mit\u00e9 avec quatre barres de verrouillage et des poign\u00e9es plac\u00e9es \u00e0 hauteur de taille pour une utilisation pratique. Ces conteneurs, fabriqu\u00e9s en Chine selon des standards rigoureux, sont utilis\u00e9s une seule fois pour leur transport.<\/p>\n<p>Ils comprennent \u00e9galement un coffre-fort, 10 \u00e9vents pour une ventilation optimale, ainsi qu&rsquo;un plancher en contreplaqu\u00e9 marin de haute qualit\u00e9.<\/p>\n<p>Certifi\u00e9s CSC, ils sont pr\u00eats pour le transport de fret. Une option de traitement anti-condensation Grafo-therm est disponible moyennant un suppl\u00e9ment.<\/p>\n<div class=\"elementor-element elementor-element-40ca69d elementor-widget elementor-widget-wd_title\" data-id=\"40ca69d\" data-element_type=\"widget\" data-widget_type=\"wd_title.default\">\n<div class=\"elementor-widget-container\">\n<div class=\"title-wrapper set-mb-s reset-last-child wd-title-color-default wd-title-style-default wd-title-size-default text-left\">\n<div class=\"liner-continer\">\n<h4 class=\"woodmart-title-container title wd-fontsize-l\"><span>CARACT\u00c9RISTIQUES<\/span><\/h4>\n<\/div>\n<\/div>\n<\/div>\n<\/div>\n<div class=\"elementor-element elementor-element-fa6880f color-scheme-inherit text-left elementor-widget elementor-widget-text-editor\" data-id=\"fa6880f\" data-element_type=\"widget\" data-widget_type=\"text-editor.default\">\n<div class=\"elementor-widget-container\">\n<table id=\"tableSpecs\">\n<tbody>\n<tr>\n<td><strong><span>Dimensions ext\u00e9rieures<\/span><\/strong><\/td>\n<td><span>L 20&prime; x l 8&prime; x H 9,6&prime;<\/span><\/td>\n<td><span>L 6 m x l 2,4 m x H 2,9 m<\/span><\/td>\n<\/tr>\n<tr>\n<td><strong><span>Volume<\/span><\/strong><\/td>\n<td><span>1,207 pi3<\/span><\/td>\n<td><span>34,2 m\u00b3<\/span><\/td>\n<\/tr>\n<tr>\n<td><strong><span>Poids \u00e0 vide<\/span><\/strong><\/td>\n<td><span>7,390 livres<\/span><\/td>\n<td><span>2,015 kg<\/span><\/td>\n<\/tr>\n<tr>\n<td><strong><span>Charge utile maximale<\/span><\/strong><\/td>\n<td><span>62,760 livres<\/span><\/td>\n<td><span>28,250 kg<\/span><\/td>\n<\/tr>\n<tr>\n<td><strong><span>Charge maximale<\/span><\/strong><\/td>\n<td><span>67,200 livres<\/span><\/td>\n<td><span>30,480 kg<\/span><\/td>\n<\/tr>\n<\/tbody>\n<\/table>\n<\/div>\n<\/div>\n","protected":false},"excerpt":{"rendered":"<p>Nos conteneurs d&rsquo;exp\u00e9dition de 20 pieds sont les plus populaires pour leur excellent rapport qualit\u00e9-prix. Ils disposent de doubles portes, quatre barres de verrouillage, 10 \u00e9vents pour une bonne ventilation et un plancher en contreplaqu\u00e9 marin. Certifi\u00e9s CSC, ils sont pr\u00eats pour le transport de fret, avec une option de traitement anti-condensation Grafo-therm en suppl\u00e9ment.<\/p>\n","protected":false},"featured_media":6251,"comment_status":"open","ping_status":"closed","template":"","meta":[],"product_brand":[],"product_cat":[94,96],"product_tag":[],"class_list":{"0":"post-6018","1":"product","2":"type-product","3":"status-publish","4":"has-post-thumbnail","6":"product_cat-conteneurs-maritimes-neufs","7":"product_cat-moyen","9":"first","10":"instock","11":"shipping-taxable","12":"purchasable","13":"product-type-simple"},"_links":{"self":[{"href":"https:\/\/apts-consmetal.com\/fr\/wp-json\/wp\/v2\/product\/6018","targetHints":{"allow":["GET"]}}],"collection":[{"href":"https:\/\/apts-consmetal.com\/fr\/wp-json\/wp\/v2\/product"}],"about":[{"href":"https:\/\/apts-consmetal.com\/fr\/wp-json\/wp\/v2\/types\/product"}],"replies":[{"embeddable":true,"href":"https:\/\/apts-consmetal.com\/fr\/wp-json\/wp\/v2\/comments?post=6018"}],"version-history":[{"count":0,"href":"https:\/\/apts-consmetal.com\/fr\/wp-json\/wp\/v2\/product\/6018\/revisions"}],"wp:featuredmedia":[{"embeddable":true,"href":"https:\/\/apts-consmetal.com\/fr\/wp-json\/wp\/v2\/media\/6251"}],"wp:attachment":[{"href":"https:\/\/apts-consmetal.com\/fr\/wp-json\/wp\/v2\/media?parent=6018"}],"wp:term":[{"taxonomy":"product_brand","embeddable":true,"href":"https:\/\/apts-consmetal.com\/fr\/wp-json\/wp\/v2\/product_brand?post=6018"},{"taxonomy":"product_cat","embeddable":true,"href":"https:\/\/apts-consmetal.com\/fr\/wp-json\/wp\/v2\/product_cat?post=6018"},{"taxonomy":"product_tag","embeddable":true,"href":"https:\/\/apts-consmetal.com\/fr\/wp-json\/wp\/v2\/product_tag?post=6018"}],"curies":[{"name":"wp","href":"https:\/\/api.w.org\/{rel}","templated":true}]}}