{"id":5978,"date":"2024-09-24T01:22:24","date_gmt":"2024-09-23T23:22:24","guid":{"rendered":"https:\/\/trastracontainers.com\/?post_type=product&#038;p=5978"},"modified":"2025-05-22T08:04:34","modified_gmt":"2025-05-22T06:04:34","slug":"conteneur-maritime-neuf-10-pieds-dry","status":"publish","type":"product","link":"https:\/\/apts-consmetal.com\/fr\/produit\/conteneur-maritime-neuf-10-pieds-dry\/","title":{"rendered":"Conteneur maritime neuf 10 pieds dry"},"content":{"rendered":"<p>Nos conteneurs de 10 pieds sont id\u00e9aux pour les besoins de stockage de petite \u00e0 moyenne taille, notamment dans le secteur du self-stockage. Ils conviennent \u00e9galement parfaitement \u00e0 l&rsquo;exp\u00e9dition et au stockage d&rsquo;outils, d&rsquo;\u00e9quipements ou d&rsquo;articles m\u00e9nagers.<\/p>\n<p>Ces conteneurs offrent les m\u00eames caract\u00e9ristiques qu&rsquo;un mod\u00e8le standard de 20 pieds, avec des doubles portes \u00e0 une extr\u00e9mit\u00e9, disponibles en bleu ou vert, et \u00e9quip\u00e9s de quatre barres de verrouillage avec poign\u00e9es \u00e0 hauteur de taille.<\/p>\n<p>Ils sont livr\u00e9s avec un coffre-fort int\u00e9gr\u00e9, 10 \u00e9vents pour une ventilation optimale, ainsi qu&rsquo;un plancher en contreplaqu\u00e9 marin de haute qualit\u00e9.<\/p>\n<p>Plaqu\u00e9s CSC, ils sont pr\u00eats \u00e0 \u00eatre utilis\u00e9s pour le transport de fret. En option, ils peuvent recevoir un rev\u00eatement anti-condensation Grafo-therm moyennant un co\u00fbt suppl\u00e9mentaire.<\/p>\n<div class=\"elementor-element elementor-element-06ed321 elementor-widget elementor-widget-wd_title\" data-id=\"06ed321\" data-element_type=\"widget\" data-widget_type=\"wd_title.default\">\n<div class=\"elementor-widget-container\">\n<div class=\"title-wrapper set-mb-s reset-last-child wd-title-color-default wd-title-style-default wd-title-size-default text-left\">\n<div class=\"liner-continer\">\n<h4 class=\"woodmart-title-container title wd-fontsize-l\"><span>CARACT\u00c9RISTIQUES<\/span><\/h4>\n<\/div>\n<\/div>\n<\/div>\n<\/div>\n<div class=\"elementor-element elementor-element-7bcf580 color-scheme-inherit text-left elementor-widget elementor-widget-text-editor\" data-id=\"7bcf580\" data-element_type=\"widget\" data-widget_type=\"text-editor.default\">\n<div class=\"elementor-widget-container\">\n<table id=\"tableSpecs\">\n<tbody>\n<tr>\n<td><strong><span>Dimensions ext\u00e9rieures<\/span><\/strong><\/td>\n<td><span>L 10&prime; x l 8&prime; x H 8,6&prime;<\/span><\/td>\n<td><span>L 3 m x l 2,4 m x H 2,6 m<\/span><\/td>\n<\/tr>\n<tr>\n<td><strong><span>Volume<\/span><\/strong><\/td>\n<td><span>565 pi3<\/span><\/td>\n<td><span>16 m\u00b3<\/span><\/td>\n<\/tr>\n<tr>\n<td><strong><span>Poids \u00e0 vide<\/span><\/strong><\/td>\n<td><span>2,730 livres<\/span><\/td>\n<td><span>1,240 kg<\/span><\/td>\n<\/tr>\n<tr>\n<td><strong><span>Charge utile maximale<\/span><\/strong><\/td>\n<td><span>26,460 livres<\/span><\/td>\n<td><span>12 000 kg<\/span><\/td>\n<\/tr>\n<tr>\n<td><strong><span>Charge maximale<\/span><\/strong><\/td>\n<td><span>23,730 livres<\/span><\/td>\n<td><span>10,760 kg<\/span><\/td>\n<\/tr>\n<\/tbody>\n<\/table>\n<\/div>\n<\/div>\n","protected":false},"excerpt":{"rendered":"<p>Nos conteneurs de 10 pieds, disponibles en bleu ou vert, sont parfaits pour le self-stockage et l&rsquo;exp\u00e9dition de petits \u00e9quipements. Ils disposent de doubles portes, 10 \u00e9vents pour une ventilation optimale, et un plancher en contreplaqu\u00e9 marin de haute qualit\u00e9. Plaqu\u00e9s CSC, ils sont pr\u00eats pour le transport de fret, avec une option de rev\u00eatement anti-condensation disponible.<\/p>\n","protected":false},"featured_media":6249,"comment_status":"open","ping_status":"closed","template":"","meta":[],"product_brand":[],"product_cat":[94,95],"product_tag":[],"class_list":{"0":"post-5978","1":"product","2":"type-product","3":"status-publish","4":"has-post-thumbnail","6":"product_cat-conteneurs-maritimes-neufs","7":"product_cat-petit","9":"first","10":"instock","11":"shipping-taxable","12":"purchasable","13":"product-type-variable"},"_links":{"self":[{"href":"https:\/\/apts-consmetal.com\/fr\/wp-json\/wp\/v2\/product\/5978","targetHints":{"allow":["GET"]}}],"collection":[{"href":"https:\/\/apts-consmetal.com\/fr\/wp-json\/wp\/v2\/product"}],"about":[{"href":"https:\/\/apts-consmetal.com\/fr\/wp-json\/wp\/v2\/types\/product"}],"replies":[{"embeddable":true,"href":"https:\/\/apts-consmetal.com\/fr\/wp-json\/wp\/v2\/comments?post=5978"}],"version-history":[{"count":0,"href":"https:\/\/apts-consmetal.com\/fr\/wp-json\/wp\/v2\/product\/5978\/revisions"}],"wp:featuredmedia":[{"embeddable":true,"href":"https:\/\/apts-consmetal.com\/fr\/wp-json\/wp\/v2\/media\/6249"}],"wp:attachment":[{"href":"https:\/\/apts-consmetal.com\/fr\/wp-json\/wp\/v2\/media?parent=5978"}],"wp:term":[{"taxonomy":"product_brand","embeddable":true,"href":"https:\/\/apts-consmetal.com\/fr\/wp-json\/wp\/v2\/product_brand?post=5978"},{"taxonomy":"product_cat","embeddable":true,"href":"https:\/\/apts-consmetal.com\/fr\/wp-json\/wp\/v2\/product_cat?post=5978"},{"taxonomy":"product_tag","embeddable":true,"href":"https:\/\/apts-consmetal.com\/fr\/wp-json\/wp\/v2\/product_tag?post=5978"}],"curies":[{"name":"wp","href":"https:\/\/api.w.org\/{rel}","templated":true}]}}