{"id":28919,"date":"2025-05-22T05:58:32","date_gmt":"2025-05-22T03:58:32","guid":{"rendered":"http:\/\/localhost:8888\/Cont\/wordpress\/?post_type=product&#038;p=28919"},"modified":"2025-05-22T05:58:32","modified_gmt":"2025-05-22T03:58:32","slug":"bungalow-bureau-modele-stockholm-de-6x3-metres","status":"publish","type":"product","link":"https:\/\/apts-consmetal.com\/fr\/produit\/bungalow-bureau-modele-stockholm-de-6x3-metres\/","title":{"rendered":"BUNGALOW BUREAU MOD\u00c8LE STOCKHOLM DE 6\u00d73 M\u00c8TRES"},"content":{"rendered":"<h1>BUREAU MODULAIRE MOD\u00c8LE STOCKHOLM DE 6\u00d73 M\u00c8TRES<\/h1>\n<p>Le Bureau modulaire polyvalent Stockholm peut \u00eatre utilis\u00e9 pour diverses applications. Avec notre mod\u00e8le 6\u00d73 Bureau modulaire, vous avez la libert\u00e9 de cr\u00e9er un espace adapt\u00e9 \u00e0 vos besoins. Que ce soit pour travailler en faisant de cet espace un bureau ou un salon de coiffure, ou pour le convertir en un lieu de stockage en guise d\u2019abri, notre solution est id\u00e9ale. Ce bungalow s\u2019av\u00e8re \u00e9galement \u00eatre une excellente option pour les chantiers de construction, offrant la possibilit\u00e9 de l\u2019utiliser comme cabane ou salle de r\u00e9union. Si vous envisagez simplement d\u2019y r\u00e9sider, am\u00e9nagez-le avec votre mobilier pour cr\u00e9er un espace confortable et spacieux.<\/p>\n<h2>ISOLATION<\/h2>\n<p>Un atout majeur de notre Bureau modulaire r\u00e9side dans son isolation. Le sol, les murs, et le toit sont \u00e9quip\u00e9s d\u2019une isolation EPS de 100 mm, assurant une utilisation confortable tout au long de l\u2019ann\u00e9e. Cette isolation offre \u00e9galement une excellente r\u00e9duction du bruit, ce qui est id\u00e9al si le bureau est situ\u00e9 dans des zones bruyantes. Que ce soit pour des bureaux professionnels, des abris de jardin, des chantiers ou m\u00eame pour l\u2019habitation, notre gamme de bungalows \u00e0 installation rapide saura r\u00e9pondre \u00e0 vos exigences.<\/p>\n<h2>FEN\u00caTRES ET PORTES<\/h2>\n<p>Il \u00e9tait crucial pour nous de concevoir un espace lumineux, baign\u00e9 de lumi\u00e8re naturelle. Nous avons relev\u00e9 ce d\u00e9fi en installant un grand panneau de fen\u00eatre en verre de 800x1100mm, ainsi qu\u2019une fen\u00eatre inclinable et pivotante sur le c\u00f4t\u00e9, permettant l\u2019entr\u00e9e d\u2019air frais. De plus, notre Bureau modulaire est dot\u00e9 d\u2019une porte en acier munie d\u2019une grande fen\u00eatre vitr\u00e9e, augmentant ainsi l\u2019apport en lumi\u00e8re naturelle.<\/p>\n<h2>UN CONTENEUR DESIGN<\/h2>\n<p>Contrairement aux conteneurs maritimes traditionnels, notre bungalow Stockholm arbore un rev\u00eatement en acier RAL 7016, avec des panneaux mont\u00e9s en surface lui conf\u00e9rant un look moderne et luxueux. Les panneaux, au fini bois fonc\u00e9, permettent une int\u00e9gration harmonieuse avec votre maison ou d\u2019ajouter une touche d\u2019\u00e9l\u00e9gance \u00e0 votre entreprise.<\/p>\n<h2>LIVRAISON ET INSTALLATION<\/h2>\n<p>Nos conteneurs isol\u00e9s sont livr\u00e9s directement depuis notre stock. Conscients que tous les clients ne sont pas en mesure de transporter ou d\u2019installer eux-m\u00eames le conteneur, nous offrons un service de transport et de livraison adapt\u00e9. Le bungalow Stockholm est \u00e9quip\u00e9 d\u2019anneaux de levage sur son toit, facilitant son placement dans n\u2019importe quel environnement, que ce soit un jardin ou un espace professionnel. Pour toute demande sp\u00e9cifique, nos experts sont \u00e0 votre disposition pour trouver une solution adapt\u00e9e.<\/p>\n<h2>NOTRE FA\u00c7ON DE TRAVAILLER<\/h2>\n<h3>ANALYSE<\/h3>\n<p>Nous prenons le temps de discuter avec vous pour cerner pr\u00e9cis\u00e9ment vos besoins et vous proposer le mod\u00e8le le plus adapt\u00e9 \u00e0 vos attentes.<\/p>\n<h3>DEVIS<\/h3>\n<p>Un devis d\u00e9taill\u00e9 avec toutes les sp\u00e9cifications de votre Bureau modulaire est \u00e9tabli.<\/p>\n<h3>LIVRAISON<\/h3>\n<p>Les bungalows sont livr\u00e9s directement depuis notre stock. Nous proposons toujours une solution de livraison et d\u2019installation adapt\u00e9e et \u00e9conomique. Nos experts, forts de nombreuses ann\u00e9es d\u2019exp\u00e9rience dans la livraison de conteneurs, fixeront avec vous la date de livraison une fois le devis valid\u00e9.<\/p>\n","protected":false},"excerpt":{"rendered":"<ul>\n<li>Maintenant en stock!<\/li>\n<li>RAL 7016 Anthracite \u00e0 l\u2019ext\u00e9rieur<\/li>\n<li>RAL 9010 Blanc pur \u00e0 l\u2019int\u00e9rieur<\/li>\n<li>Dimensions ext\u00e9rieures : 600 x 300 x 250 cm<\/li>\n<li>Lumi\u00e8re naturelle \u00e0 travers les baies vitr\u00e9es<\/li>\n<li>Enti\u00e8rement isol\u00e9<\/li>\n<li>Electricit\u00e9 et \u00e9clairages LED<\/li>\n<li>Livraison simple et rapide<\/li>\n<\/ul>\n","protected":false},"featured_media":28923,"comment_status":"open","ping_status":"closed","template":"","meta":[],"product_brand":[],"product_cat":[111,100],"product_tag":[],"class_list":{"0":"post-28919","1":"product","2":"type-product","3":"status-publish","4":"has-post-thumbnail","6":"product_cat-bungalow","7":"product_cat-habitats-modulables","9":"first","10":"instock","11":"sale","12":"shipping-taxable","13":"purchasable","14":"product-type-simple"},"_links":{"self":[{"href":"https:\/\/apts-consmetal.com\/fr\/wp-json\/wp\/v2\/product\/28919","targetHints":{"allow":["GET"]}}],"collection":[{"href":"https:\/\/apts-consmetal.com\/fr\/wp-json\/wp\/v2\/product"}],"about":[{"href":"https:\/\/apts-consmetal.com\/fr\/wp-json\/wp\/v2\/types\/product"}],"replies":[{"embeddable":true,"href":"https:\/\/apts-consmetal.com\/fr\/wp-json\/wp\/v2\/comments?post=28919"}],"version-history":[{"count":0,"href":"https:\/\/apts-consmetal.com\/fr\/wp-json\/wp\/v2\/product\/28919\/revisions"}],"wp:featuredmedia":[{"embeddable":true,"href":"https:\/\/apts-consmetal.com\/fr\/wp-json\/wp\/v2\/media\/28923"}],"wp:attachment":[{"href":"https:\/\/apts-consmetal.com\/fr\/wp-json\/wp\/v2\/media?parent=28919"}],"wp:term":[{"taxonomy":"product_brand","embeddable":true,"href":"https:\/\/apts-consmetal.com\/fr\/wp-json\/wp\/v2\/product_brand?post=28919"},{"taxonomy":"product_cat","embeddable":true,"href":"https:\/\/apts-consmetal.com\/fr\/wp-json\/wp\/v2\/product_cat?post=28919"},{"taxonomy":"product_tag","embeddable":true,"href":"https:\/\/apts-consmetal.com\/fr\/wp-json\/wp\/v2\/product_tag?post=28919"}],"curies":[{"name":"wp","href":"https:\/\/api.w.org\/{rel}","templated":true}]}}