{"id":28885,"date":"2025-05-22T04:15:14","date_gmt":"2025-05-22T02:15:14","guid":{"rendered":"http:\/\/localhost:8888\/Cont\/wordpress\/?post_type=product&#038;p=28885"},"modified":"2025-05-22T04:23:13","modified_gmt":"2025-05-22T02:23:13","slug":"conteneur-despace-de-travail-de-8-pieds","status":"publish","type":"product","link":"https:\/\/apts-consmetal.com\/fr\/produit\/conteneur-despace-de-travail-de-8-pieds\/","title":{"rendered":"Conteneur d&rsquo;espace de travail de 8 pieds"},"content":{"rendered":"<div class=\"container-detail__description\">\n<p class=\"p1\"><span>Avec le conteneur Workplace de 8 pieds, vous disposez d&rsquo;un espace de travail mobile, o\u00f9 que vous soyez et \u00e0 tout moment. Il est \u00e9quip\u00e9 d&rsquo;un \u00e9tabli, d&rsquo;un rack, d&rsquo;une armoire de rangement et, \u00e9ventuellement, d&rsquo;une prise \u00e9lectrique. C&rsquo;est la solution id\u00e9ale pour un espace de travail suppl\u00e9mentaire, temporaire ou permanent. Enti\u00e8rement \u00e9quip\u00e9, ce conteneur atelier de 8 pieds est parfaitement adapt\u00e9 aux chantiers. Il est disponible \u00e0 la location et \u00e0 la vente.<\/span><\/p>\n<\/div>\n<div class=\"container-detail__specifications\">\n<h5><span>Caract\u00e9ristiques<\/span><\/h5>\n<div class=\"container-specifications__dl-group\"><span>Dimensions int\u00e9rieures (LxlxH)<\/span><span>2,287 x 2,112 x 2,062 mm<\/span><\/div>\n<div class=\"container-specifications__dl-group\"><span>Dimensions ext\u00e9rieures (LxlxH)<\/span><span>2,438 x 2,200 x 2,260 mm<\/span><\/div>\n<div class=\"container-specifications__dl-group\"><span>Ouverture de la porte (LxH)<\/span><span>2,106 x 1,949 mm<\/span><\/div>\n<div class=\"container-specifications__dl-group\"><span>Volume<\/span><span>9,95 m\u00b3<\/span><\/div>\n<div class=\"container-specifications__dl-group\"><span>Poids \u00e0 vide<\/span><span>900 kg<\/span><\/div>\n<div class=\"container-specifications__dl-group\"><span>Couleur standard<\/span><span>RAL7012<\/span><\/div>\n<div class=\"container-specifications__dl-group\"><span>Caract\u00e9ristiques<\/span><\/p>\n<p class=\"p1\"><span>A\u00e9rations standard<\/span><br \/>\n<span>Poign\u00e9es hautes et m\u00e9canisme de verrouillage<\/span><br \/>\n<span>Coffre-fort<\/span><br \/>\n<span>Plancher en bois<\/span><\/p>\n<\/div>\n<div class=\"container-specifications__dl-group\"><span>Informations compl\u00e9mentaires<\/span><\/p>\n<p class=\"p1\"><span>Non certifi\u00e9 CSC<\/span><br \/>\n<span>Fabriqu\u00e9 en acier corten<\/span><br \/>\n<span>Disponible dans toutes les couleurs RAL<\/span><br \/>\n<span>Empilable<\/span><br \/>\n<span>Enti\u00e8rement \u00e9quip\u00e9 comme atelier<\/span><\/p>\n<\/div>\n<div class=\"element-text \">\n<p><em><span>Les mesures indiqu\u00e9es sont indicatives et peuvent en r\u00e9alit\u00e9 l\u00e9g\u00e8rement varier.<\/span><\/em><\/p>\n<\/div>\n<\/div>\n","protected":false},"excerpt":{"rendered":"<div class=\"container-specifications__dl-group\">Dimensions int\u00e9rieures (LxlxH)2,287 x 2,112 x 2,062 mm<\/div>\n<div class=\"container-specifications__dl-group\">Dimensions ext\u00e9rieures (LxlxH)2,438 x 2,200 x 2,260 mm<\/div>\n<div class=\"container-specifications__dl-group\">Ouverture de la porte (LxH)2,106 x 1,949 mm<\/div>\n<div class=\"container-specifications__dl-group\">Volume9,95 m\u00b3<\/div>\n<div class=\"container-specifications__dl-group\">Poids \u00e0 vide900 kg<\/div>\n<div class=\"container-specifications__dl-group\">Couleur standardRAL7012<\/div>\n","protected":false},"featured_media":28890,"comment_status":"open","ping_status":"closed","template":"","meta":[],"product_brand":[],"product_cat":[111,110,100],"product_tag":[],"class_list":{"0":"post-28885","1":"product","2":"type-product","3":"status-publish","4":"has-post-thumbnail","6":"product_cat-bungalow","7":"product_cat-conteneur-amenage","8":"product_cat-habitats-modulables","10":"first","11":"instock","12":"sale","13":"shipping-taxable","14":"purchasable","15":"product-type-simple"},"_links":{"self":[{"href":"https:\/\/apts-consmetal.com\/fr\/wp-json\/wp\/v2\/product\/28885","targetHints":{"allow":["GET"]}}],"collection":[{"href":"https:\/\/apts-consmetal.com\/fr\/wp-json\/wp\/v2\/product"}],"about":[{"href":"https:\/\/apts-consmetal.com\/fr\/wp-json\/wp\/v2\/types\/product"}],"replies":[{"embeddable":true,"href":"https:\/\/apts-consmetal.com\/fr\/wp-json\/wp\/v2\/comments?post=28885"}],"version-history":[{"count":0,"href":"https:\/\/apts-consmetal.com\/fr\/wp-json\/wp\/v2\/product\/28885\/revisions"}],"wp:featuredmedia":[{"embeddable":true,"href":"https:\/\/apts-consmetal.com\/fr\/wp-json\/wp\/v2\/media\/28890"}],"wp:attachment":[{"href":"https:\/\/apts-consmetal.com\/fr\/wp-json\/wp\/v2\/media?parent=28885"}],"wp:term":[{"taxonomy":"product_brand","embeddable":true,"href":"https:\/\/apts-consmetal.com\/fr\/wp-json\/wp\/v2\/product_brand?post=28885"},{"taxonomy":"product_cat","embeddable":true,"href":"https:\/\/apts-consmetal.com\/fr\/wp-json\/wp\/v2\/product_cat?post=28885"},{"taxonomy":"product_tag","embeddable":true,"href":"https:\/\/apts-consmetal.com\/fr\/wp-json\/wp\/v2\/product_tag?post=28885"}],"curies":[{"name":"wp","href":"https:\/\/api.w.org\/{rel}","templated":true}]}}