{"id":28877,"date":"2025-05-22T04:10:47","date_gmt":"2025-05-22T02:10:47","guid":{"rendered":"http:\/\/localhost:8888\/Cont\/wordpress\/?post_type=product&#038;p=28877"},"modified":"2025-05-22T04:10:47","modified_gmt":"2025-05-22T02:10:47","slug":"conteneur-dobservation-high-cube-de-10-pieds","status":"publish","type":"product","link":"https:\/\/apts-consmetal.com\/fr\/produit\/conteneur-dobservation-high-cube-de-10-pieds\/","title":{"rendered":"Conteneur d&rsquo;observation High Cube de 10 pieds"},"content":{"rendered":"<div class=\"container-detail__description\">\n<p><span>Le conteneur d&rsquo;observation High Cube de 3 m\u00e8tres est l&rsquo;espace de travail mobile id\u00e9al. Il peut parfaitement servir de loge de concierge, de salle de contr\u00f4le ou simplement de bureau gr\u00e2ce \u00e0 ses fen\u00eatres tout autour. Ces fen\u00eatres sont en double vitrage de s\u00e9curit\u00e9 et peuvent \u00eatre ferm\u00e9es par des volets en PVC.<\/span><\/p>\n<p><span>Le conteneur d&rsquo;observation High Cube de 10 pieds est fr\u00e9quemment utilis\u00e9 dans le secteur maritime, mais il est \u00e9galement tr\u00e8s adapt\u00e9 au secteur de la construction, des infrastructures et de l&rsquo;\u00e9v\u00e9nementiel. Autre avantage\u00a0: conforme aux normes CSC, il peut \u00eatre transport\u00e9 par bateau.<\/span><\/p>\n<p><span>Le conteneur d&rsquo;observation de 10 pieds de haut est disponible \u00e0 l&rsquo;achat et \u00e0 la location.<\/span><\/p>\n<\/div>\n<div class=\"container-detail__specifications\">\n<h5><span>Caract\u00e9ristiques<\/span><\/h5>\n<div class=\"container-specifications__dl-group\"><span>Dimensions ext\u00e9rieures (LxlxH)<\/span><span>2,991 x 2,438 x 2,896 mm<\/span><\/div>\n<div class=\"container-specifications__dl-group\"><span>Couleur standard<\/span><span>RAL9016 PU<\/span><\/div>\n<div class=\"container-specifications__dl-group\"><span>Installation \u00e9lectrique<\/span><span>L&rsquo;installation \u00e9lectrique peut \u00eatre enti\u00e8rement r\u00e9alis\u00e9e selon les besoins du client.<\/span><br \/>\n<span>Il est \u00e9galement possible d&rsquo;\u00e9quiper le conteneur d&rsquo;observation de climatisation.<\/span><\/p>\n<\/div>\n<div class=\"container-specifications__dl-group\"><span>Caract\u00e9ristiques<\/span><span>Le conteneur est enti\u00e8rement isol\u00e9 avec des panneaux sandwich.<\/span><\/p>\n<\/div>\n<div class=\"container-specifications__dl-group\"><span>Informations compl\u00e9mentaires<\/span><span>Comprend des fen\u00eatres<\/span><\/p>\n<\/div>\n<div class=\"element-text \">\n<p><em><span>Les mesures indiqu\u00e9es sont indicatives et peuvent en r\u00e9alit\u00e9 l\u00e9g\u00e8rement varier.<\/span><\/em><\/p>\n<\/div>\n<\/div>\n","protected":false},"excerpt":{"rendered":"<div class=\"container-specifications__dl-group\">Dimensions ext\u00e9rieures (LxlxH)2,991 x 2,438 x 2,896 mm<\/div>\n<div class=\"container-specifications__dl-group\">Couleur standardRAL9016 PU<\/div>\n<div class=\"container-specifications__dl-group\">Installation \u00e9lectriqueL&rsquo;installation \u00e9lectrique peut \u00eatre enti\u00e8rement r\u00e9alis\u00e9e selon les besoins du client.<br \/>\nIl est \u00e9galement possible d&rsquo;\u00e9quiper le conteneur d&rsquo;observation de climatisation.<\/p>\n<\/div>\n","protected":false},"featured_media":28883,"comment_status":"open","ping_status":"closed","template":"","meta":[],"product_brand":[],"product_cat":[111,100],"product_tag":[],"class_list":{"0":"post-28877","1":"product","2":"type-product","3":"status-publish","4":"has-post-thumbnail","6":"product_cat-bungalow","7":"product_cat-habitats-modulables","9":"first","10":"instock","11":"sale","12":"shipping-taxable","13":"purchasable","14":"product-type-simple"},"_links":{"self":[{"href":"https:\/\/apts-consmetal.com\/fr\/wp-json\/wp\/v2\/product\/28877","targetHints":{"allow":["GET"]}}],"collection":[{"href":"https:\/\/apts-consmetal.com\/fr\/wp-json\/wp\/v2\/product"}],"about":[{"href":"https:\/\/apts-consmetal.com\/fr\/wp-json\/wp\/v2\/types\/product"}],"replies":[{"embeddable":true,"href":"https:\/\/apts-consmetal.com\/fr\/wp-json\/wp\/v2\/comments?post=28877"}],"version-history":[{"count":0,"href":"https:\/\/apts-consmetal.com\/fr\/wp-json\/wp\/v2\/product\/28877\/revisions"}],"wp:featuredmedia":[{"embeddable":true,"href":"https:\/\/apts-consmetal.com\/fr\/wp-json\/wp\/v2\/media\/28883"}],"wp:attachment":[{"href":"https:\/\/apts-consmetal.com\/fr\/wp-json\/wp\/v2\/media?parent=28877"}],"wp:term":[{"taxonomy":"product_brand","embeddable":true,"href":"https:\/\/apts-consmetal.com\/fr\/wp-json\/wp\/v2\/product_brand?post=28877"},{"taxonomy":"product_cat","embeddable":true,"href":"https:\/\/apts-consmetal.com\/fr\/wp-json\/wp\/v2\/product_cat?post=28877"},{"taxonomy":"product_tag","embeddable":true,"href":"https:\/\/apts-consmetal.com\/fr\/wp-json\/wp\/v2\/product_tag?post=28877"}],"curies":[{"name":"wp","href":"https:\/\/api.w.org\/{rel}","templated":true}]}}