{"id":28840,"date":"2025-05-22T03:40:23","date_gmt":"2025-05-22T01:40:23","guid":{"rendered":"http:\/\/localhost:8888\/Cont\/wordpress\/?post_type=product&#038;p=28840"},"modified":"2025-05-22T04:24:46","modified_gmt":"2025-05-22T02:24:46","slug":"conteneur-frigorifique-domestique-de-10-pieds","status":"publish","type":"product","link":"https:\/\/apts-consmetal.com\/fr\/produit\/conteneur-frigorifique-domestique-de-10-pieds\/","title":{"rendered":"Conteneur frigorifique domestique de 10 pieds"},"content":{"rendered":"<div class=\"container-detail__description\">\n<p><span>Le conteneur frigorifique de 10 pieds \u00e9quip\u00e9 du syst\u00e8me Thermo King Magnum Plus est le plus petit conteneur r\u00e9frig\u00e9r\u00e9 de notre flotte. Les conteneurs frigorifiques sont la solution id\u00e9ale en cas de manque d&rsquo;espace de stockage r\u00e9frig\u00e9r\u00e9 ou congel\u00e9. Ce conteneur permet de refroidir et de congeler jusqu&rsquo;\u00e0 -40 \u00b0C. Il est \u00e9galement possible de transporter et de stocker des marchandises \u00e0 +30 \u00b0C. Nos conteneurs frigorifiques sont disponibles \u00e0 la vente et \u00e0 la location.<\/span><\/p>\n<\/div>\n<div class=\"container-detail__specifications\">\n<h5><span>Caract\u00e9ristiques<\/span><\/h5>\n<div class=\"container-specifications__dl-group\">\n<div class=\"container-specifications__dl-group\">Dimensions int\u00e9rieures (LxlxH)2,383 x 2,292 x 2,275 mm<\/div>\n<div class=\"container-specifications__dl-group\">Dimensions ext\u00e9rieures (LxlxH)2,991 x 2,438 x 2,591 mm<\/div>\n<div class=\"container-specifications__dl-group\">Ouverture de la porte (LxH)2,288 x 2,251 mm<\/div>\n<div class=\"container-specifications__dl-group\">Volume12,50 m\u00b3<\/div>\n<div class=\"container-specifications__dl-group\">Poids \u00e0 vide2,010 kg<\/div>\n<div class=\"container-specifications__dl-group\">Charge utile maximale8,150 kg<\/div>\n<div class=\"container-specifications__dl-group\">Poids maximal de la cargaison10,160 kg<\/div>\n<div class=\"container-specifications__dl-group\">Couleur standardRAL9010<\/div>\n<div class=\"container-specifications__dl-group\">Fourni avec<\/p>\n<div class=\"container-specs__item\">\n<p>Rev\u00eatement en acier inoxydable<br \/>\nPlancher plat<br \/>\nExcellente valeur d&rsquo;isolation<br \/>\nConvient au transport \u00e0 temp\u00e9rature contr\u00f4l\u00e9e<\/p>\n<\/div>\n<\/div>\n<\/div>\n<div class=\"container-specifications__dl-group\"><span>Installation \u00e9lectrique<\/span><\/p>\n<div class=\"container-specs__item\">\n<p><span>\u00c9lectrique 380 volts, 50\/60 Hz<\/span><br \/>\n<span>Type Thermoking Magnum Plus<\/span><br \/>\n<span>R\u00e9glage de la temp\u00e9rature de -40 \u00b0C \u00e0 +30 \u00b0C<\/span><\/p>\n<\/div>\n<\/div>\n<div class=\"container-specifications__dl-group\"><span>Caract\u00e9ristiques<\/span><span>Poign\u00e9e de porte \u00e0 ouverture facile avec poign\u00e9e en caoutchouc<\/span><br \/>\n<span>Deux passages pour chariot \u00e9l\u00e9vateur<\/span><br \/>\n<span>Test\u00e9 P.TI, y compris rapport de test<\/span><\/p>\n<\/div>\n<div class=\"container-specifications__dl-group\"><span>Informations compl\u00e9mentaires<\/span><span>Certifi\u00e9 CSC<\/span><br \/>\n<span>En acier corten<\/span><br \/>\n<span>Disponible dans toutes les couleurs RAL<\/span><br \/>\n<span>Empilable<\/span><br \/>\n<span>Convient pour le stockage et le transport<\/span><\/p>\n<\/div>\n<div class=\"element-text \">\n<p><em><span>Les mesures indiqu\u00e9es sont indicatives et peuvent en r\u00e9alit\u00e9 l\u00e9g\u00e8rement varier.<\/span><\/em><\/p>\n<\/div>\n<\/div>\n","protected":false},"excerpt":{"rendered":"<div class=\"container-specifications__dl-group\">Dimensions int\u00e9rieures (LxlxH)2,383 x 2,292 x 2,275 mm<\/div>\n<div class=\"container-specifications__dl-group\">Dimensions ext\u00e9rieures (LxlxH)2,991 x 2,438 x 2,591 mm<\/div>\n<div class=\"container-specifications__dl-group\">Ouverture de la porte (LxH)2,288 x 2,251 mm<\/div>\n<div class=\"container-specifications__dl-group\">Volume12,50 m\u00b3<\/div>\n<div class=\"container-specifications__dl-group\">Poids \u00e0 vide2,010 kg<\/div>\n<div class=\"container-specifications__dl-group\">Charge utile maximale8,150 kg<\/div>\n<div class=\"container-specifications__dl-group\">Poids maximal de la cargaison10,160 kg<\/div>\n<div class=\"container-specifications__dl-group\">Couleur standardRAL9010<\/div>\n<div class=\"container-specifications__dl-group\">Fourni avec<\/p>\n<div class=\"container-specs__item\">\n<p>Rev\u00eatement en acier inoxydable<br \/>\nPlancher plat<br \/>\nExcellente valeur d&rsquo;isolation<br \/>\nConvient au transport \u00e0 temp\u00e9rature contr\u00f4l\u00e9e<\/p>\n<\/div>\n<\/div>\n","protected":false},"featured_media":28845,"comment_status":"open","ping_status":"closed","template":"","meta":[],"product_brand":[],"product_cat":[98],"product_tag":[],"class_list":{"0":"post-28840","1":"product","2":"type-product","3":"status-publish","4":"has-post-thumbnail","6":"product_cat-conteneurs-frigorifiques","8":"first","9":"instock","10":"sale","11":"shipping-taxable","12":"purchasable","13":"product-type-simple"},"_links":{"self":[{"href":"https:\/\/apts-consmetal.com\/fr\/wp-json\/wp\/v2\/product\/28840","targetHints":{"allow":["GET"]}}],"collection":[{"href":"https:\/\/apts-consmetal.com\/fr\/wp-json\/wp\/v2\/product"}],"about":[{"href":"https:\/\/apts-consmetal.com\/fr\/wp-json\/wp\/v2\/types\/product"}],"replies":[{"embeddable":true,"href":"https:\/\/apts-consmetal.com\/fr\/wp-json\/wp\/v2\/comments?post=28840"}],"version-history":[{"count":0,"href":"https:\/\/apts-consmetal.com\/fr\/wp-json\/wp\/v2\/product\/28840\/revisions"}],"wp:featuredmedia":[{"embeddable":true,"href":"https:\/\/apts-consmetal.com\/fr\/wp-json\/wp\/v2\/media\/28845"}],"wp:attachment":[{"href":"https:\/\/apts-consmetal.com\/fr\/wp-json\/wp\/v2\/media?parent=28840"}],"wp:term":[{"taxonomy":"product_brand","embeddable":true,"href":"https:\/\/apts-consmetal.com\/fr\/wp-json\/wp\/v2\/product_brand?post=28840"},{"taxonomy":"product_cat","embeddable":true,"href":"https:\/\/apts-consmetal.com\/fr\/wp-json\/wp\/v2\/product_cat?post=28840"},{"taxonomy":"product_tag","embeddable":true,"href":"https:\/\/apts-consmetal.com\/fr\/wp-json\/wp\/v2\/product_tag?post=28840"}],"curies":[{"name":"wp","href":"https:\/\/api.w.org\/{rel}","templated":true}]}}