{"id":28804,"date":"2025-05-22T03:21:43","date_gmt":"2025-05-22T01:21:43","guid":{"rendered":"http:\/\/localhost:8888\/Cont\/wordpress\/?post_type=product&#038;p=28804"},"modified":"2025-05-22T03:21:43","modified_gmt":"2025-05-22T01:21:43","slug":"conteneur-de-stockage-de-4-pieds","status":"publish","type":"product","link":"https:\/\/apts-consmetal.com\/fr\/produit\/conteneur-de-stockage-de-4-pieds\/","title":{"rendered":"Conteneur de stockage de 4 pieds"},"content":{"rendered":"<div class=\"container-detail__description\">\n<p><span>Le conteneur de stockage Mini 4 pieds est le plus petit de notre s\u00e9lection. Ce type de conteneur est id\u00e9al pour le stockage \u00e0 sec de vos marchandises. Ce conteneur n&rsquo;est pas homologu\u00e9 CSC et ne convient donc pas au transport intermodal. Fabriqu\u00e9 en acier Corten, il est \u00e9quip\u00e9 d&rsquo;un plancher en contreplaqu\u00e9.<\/span><\/p>\n<\/div>\n<div class=\"container-detail__specifications\">\n<h5><span>Caract\u00e9ristiques<\/span><\/h5>\n<div class=\"container-specifications__dl-group\"><span>Dimensions int\u00e9rieures (LxlxH)<\/span><span>1,049 x 2,112 x 2,062 mm<\/span><\/div>\n<div class=\"container-specifications__dl-group\"><span>Dimensions ext\u00e9rieures (LxlxH)<\/span><span>1.200 x 2.200 x 2.260 mm<\/span><\/div>\n<div class=\"container-specifications__dl-group\"><span>Ouverture de la porte (LxH)<\/span><span>2,070 x 1,945 mm<\/span><\/div>\n<div class=\"container-specifications__dl-group\"><span>Volume<\/span><span>4,60 m\u00b3<\/span><\/div>\n<div class=\"container-specifications__dl-group\"><span>Poids \u00e0 vide<\/span><span>670 kg<\/span><\/div>\n<div class=\"container-specifications__dl-group\"><span>Charge utile maximale<\/span><span>2,330 kg<\/span><\/div>\n<div class=\"container-specifications__dl-group\"><span>Poids maximal de la cargaison<\/span><span>3 000 kg<\/span><\/div>\n<div class=\"container-specifications__dl-group\"><span>Couleur standard<\/span><span>RAL5013<\/span><\/div>\n<div class=\"container-specifications__dl-group\"><span>Caract\u00e9ristiques<\/span><span>A\u00e9rations standard,<\/span><br \/>\n<span>poign\u00e9e haute et m\u00e9canisme de verrouillage,\u00a0<\/span><br \/>\n<span>coffre-fort,<\/span><br \/>\n<span>poches pour chariot \u00e9l\u00e9vateur<\/span><br \/>\n<span>, plancher en contreplaqu\u00e9<\/span><\/p>\n<\/div>\n<div class=\"container-specifications__dl-group\"><span>Informations compl\u00e9mentaires<\/span><span>Non certifi\u00e9 CSC<\/span><br \/>\n<span>En acier corten<\/span><br \/>\n<span>Disponible dans toutes les couleurs RAL<\/span><br \/>\n<span>Empilable<\/span><br \/>\n<span>Convient au stockage<\/span><\/p>\n<\/div>\n<div class=\"element-text \">\n<p><em><span>Les mesures indiqu\u00e9es sont indicatives et peuvent en r\u00e9alit\u00e9 l\u00e9g\u00e8rement varier.<\/span><\/em><\/p>\n<\/div>\n<\/div>\n","protected":false},"excerpt":{"rendered":"<div class=\"container-specifications__dl-group\">Dimensions int\u00e9rieures (LxlxH)1,049 x 2,112 x 2,062 mm<\/div>\n<div class=\"container-specifications__dl-group\">Dimensions ext\u00e9rieures (LxlxH)1.200 x 2.200 x 2.260 mm<\/div>\n<div class=\"container-specifications__dl-group\">Ouverture de la porte (LxH)2,070 x 1,945 mm<\/div>\n<div class=\"container-specifications__dl-group\">Volume4,60 m\u00b3<\/div>\n<div class=\"container-specifications__dl-group\">Poids \u00e0 vide670 kg<\/div>\n<div class=\"container-specifications__dl-group\">Charge utile maximale2,330 kg<\/div>\n<div class=\"container-specifications__dl-group\">Poids maximal de la cargaison3 000 kg<\/div>\n<div class=\"container-specifications__dl-group\">Couleur standardRAL5013<\/div>\n<div class=\"container-specifications__dl-group\">Caract\u00e9ristiques<\/div>\n","protected":false},"featured_media":28805,"comment_status":"open","ping_status":"closed","template":"","meta":[],"product_brand":[],"product_cat":[94,95],"product_tag":[],"class_list":{"0":"post-28804","1":"product","2":"type-product","3":"status-publish","4":"has-post-thumbnail","6":"product_cat-conteneurs-maritimes-neufs","7":"product_cat-petit","9":"first","10":"instock","11":"shipping-taxable","12":"purchasable","13":"product-type-simple"},"_links":{"self":[{"href":"https:\/\/apts-consmetal.com\/fr\/wp-json\/wp\/v2\/product\/28804","targetHints":{"allow":["GET"]}}],"collection":[{"href":"https:\/\/apts-consmetal.com\/fr\/wp-json\/wp\/v2\/product"}],"about":[{"href":"https:\/\/apts-consmetal.com\/fr\/wp-json\/wp\/v2\/types\/product"}],"replies":[{"embeddable":true,"href":"https:\/\/apts-consmetal.com\/fr\/wp-json\/wp\/v2\/comments?post=28804"}],"version-history":[{"count":0,"href":"https:\/\/apts-consmetal.com\/fr\/wp-json\/wp\/v2\/product\/28804\/revisions"}],"wp:featuredmedia":[{"embeddable":true,"href":"https:\/\/apts-consmetal.com\/fr\/wp-json\/wp\/v2\/media\/28805"}],"wp:attachment":[{"href":"https:\/\/apts-consmetal.com\/fr\/wp-json\/wp\/v2\/media?parent=28804"}],"wp:term":[{"taxonomy":"product_brand","embeddable":true,"href":"https:\/\/apts-consmetal.com\/fr\/wp-json\/wp\/v2\/product_brand?post=28804"},{"taxonomy":"product_cat","embeddable":true,"href":"https:\/\/apts-consmetal.com\/fr\/wp-json\/wp\/v2\/product_cat?post=28804"},{"taxonomy":"product_tag","embeddable":true,"href":"https:\/\/apts-consmetal.com\/fr\/wp-json\/wp\/v2\/product_tag?post=28804"}],"curies":[{"name":"wp","href":"https:\/\/api.w.org\/{rel}","templated":true}]}}