{"id":28659,"date":"2025-05-21T22:37:11","date_gmt":"2025-05-21T20:37:11","guid":{"rendered":"http:\/\/localhost:8888\/Cont\/wordpress\/?post_type=product&#038;p=28659"},"modified":"2025-05-22T08:04:13","modified_gmt":"2025-05-22T06:04:13","slug":"conteneur-bar-demontable-6x2-metres-xl-noir-ral-9005","status":"publish","type":"product","link":"https:\/\/apts-consmetal.com\/fr\/produit\/conteneur-bar-demontable-6x2-metres-xl-noir-ral-9005\/","title":{"rendered":"Conteneur Bar D\u00e9montable 6\u00d72 m\u00e8tres XL Noir RAL"},"content":{"rendered":"<h2>Recevez vos invit\u00e9s avec style!<\/h2>\n<p>Cette version de notre conteneur bar est id\u00e9ale pour \u00eatre utilis\u00e9e comme bar ext\u00e9rieur sur une terrasse. En effet, le bar d\u2019ext\u00e9rieur se compose en r\u00e9alit\u00e9 de deux conteneurs diff\u00e9rents reli\u00e9s entre eux. Cela cr\u00e9e de l\u2019espace pour stocker des articles pour le bar, par exemple, et il y a de la place pour servir les clients sur la terrasse, par exemple. Ce conteneur bar ext\u00e9rieur est disponible en trois versions diff\u00e9rentes : un bar ext\u00e9rieur avec 1 auvent, un bar ext\u00e9rieur avec 2 auvents et un bar ext\u00e9rieur avec 3 auvents. Ces auvents peuvent \u00eatre appliqu\u00e9s comme on le souhaite, par exemple deux auvents l\u2019un \u00e0 c\u00f4t\u00e9 de l\u2019autre sur le grand c\u00f4t\u00e9 ou trois auvents sur un c\u00f4t\u00e9 du conteneur (comme indiqu\u00e9 sur l\u2019image et la vid\u00e9o). Ce dernier est id\u00e9al pour une terrasse tr\u00e8s fr\u00e9quent\u00e9e, afin que les gens puissent \u00eatre servis au bar d\u2019un c\u00f4t\u00e9 et qu\u2019il y ait de l\u2019espace de l\u2019autre c\u00f4t\u00e9 du conteneur pour les fut de biere par exemple.<\/p>\n<p>Ce conteneur bar ext\u00e9rieur peut \u00eatre utilis\u00e9 \u00e0 de nombreuses fins. Le conteneur bar ext\u00e9rieur peut bien s\u00fbr \u00eatre utilis\u00e9 dans l\u2019industrie h\u00f4teli\u00e8re, dans un restaurant ou un caf\u00e9, mais il peut \u00e9galement \u00eatre utilis\u00e9 lors d\u2019un festival ou d\u2019un \u00e9v\u00e9nement. Bien entendu, le conteneur ne doit pas toujours \u00eatre utilis\u00e9 \u00e0 des fins professionnelles, il peut \u00e9galement \u00eatre plac\u00e9 dans le jardin pour accueillir les amis et\/ou la famille qui viennent prendre un verre.<\/p>\n<section class=\"elementor-section elementor-top-section elementor-element elementor-element-6cfe97b elementor-section-boxed elementor-section-height-default elementor-section-height-default\" data-id=\"6cfe97b\" data-element_type=\"section\">\n<div class=\"elementor-container elementor-column-gap-default\">\n<div class=\"elementor-column elementor-col-100 elementor-top-column elementor-element elementor-element-50d9227\" data-id=\"50d9227\" data-element_type=\"column\">\n<div class=\"elementor-widget-wrap elementor-element-populated\">\n<div class=\"elementor-element elementor-element-d3b361e elementor-widget elementor-widget-text-editor\" data-id=\"d3b361e\" data-element_type=\"widget\" data-widget_type=\"text-editor.default\">\n<div class=\"elementor-widget-container\">\n<h3>Pourquoi acheter un conteneur pliable pour un bar ou une entreprise?<\/h3>\n<div>Nous donnons la priorit\u00e9 \u00e0 deux objectifs qui constituent le fondement de notre entreprise:<\/div>\n<div><\/div>\n<\/div>\n<\/div>\n<\/div>\n<\/div>\n<\/div>\n<\/section>\n<section class=\"elementor-section elementor-top-section elementor-element elementor-element-45d7e6d elementor-section-boxed elementor-section-height-default elementor-section-height-default\" data-id=\"45d7e6d\" data-element_type=\"section\">\n<div class=\"elementor-container elementor-column-gap-default\">\n<div class=\"elementor-column elementor-col-50 elementor-top-column elementor-element elementor-element-7c433fd\" data-id=\"7c433fd\" data-element_type=\"column\">\n<div class=\"elementor-widget-wrap elementor-element-populated\">\n<div class=\"elementor-element elementor-element-7a19ae0 elementor-widget elementor-widget-text-editor\" data-id=\"7a19ae0\" data-element_type=\"widget\" data-widget_type=\"text-editor.default\">\n<div class=\"elementor-widget-container\">\n<h4>Satisfaction des clients<\/h4>\n<p>Nous nous effor\u00e7ons toujours de fournir le meilleur service possible \u00e0 nos clients, et nous faisons tout ce qui est en notre pouvoir pour y parvenir. Nous sommes toujours disponibles pour r\u00e9pondre \u00e0 vos questions, \u00e0 vos commentaires et pour vous offrir des conseils professionnels.<\/p>\n<\/div>\n<\/div>\n<\/div>\n<\/div>\n<div class=\"elementor-column elementor-col-50 elementor-top-column elementor-element elementor-element-aa5a4f2\" data-id=\"aa5a4f2\" data-element_type=\"column\">\n<div class=\"elementor-widget-wrap elementor-element-populated\">\n<div class=\"elementor-element elementor-element-2740681 elementor-widget elementor-widget-text-editor\" data-id=\"2740681\" data-element_type=\"widget\" data-widget_type=\"text-editor.default\">\n<div class=\"elementor-widget-container\">\n<h4>Qualit\u00e9 de premier ordre<\/h4>\n<p>Nous offrons des normes de qualit\u00e9 \u00e9lev\u00e9es, avec une garantie minimale d\u2019un an. En appliquant ces normes \u00e9lev\u00e9es \u00e0 nos conteneurs bar pliables, nous les rendons faciles \u00e0 assembler et en m\u00eame temps super solides et robustes gr\u00e2ce \u00e0 leurs panneaux en acier.<\/p>\n<\/div>\n<\/div>\n<\/div>\n<\/div>\n<\/div>\n<\/section>\n<section class=\"elementor-section elementor-top-section elementor-element elementor-element-4422d44 elementor-section-boxed elementor-section-height-default elementor-section-height-default\" data-id=\"4422d44\" data-element_type=\"section\">\n<div class=\"elementor-container elementor-column-gap-default\">\n<div class=\"elementor-column elementor-col-100 elementor-top-column elementor-element elementor-element-a464038\" data-id=\"a464038\" data-element_type=\"column\">\n<div class=\"elementor-widget-wrap elementor-element-populated\">\n<div class=\"elementor-element elementor-element-ffb43c2 elementor-widget elementor-widget-text-editor\" data-id=\"ffb43c2\" data-element_type=\"widget\" data-widget_type=\"text-editor.default\">\n<div class=\"elementor-widget-container\">\n<p>Le conteneur bar ext\u00e9rieur pr\u00e9sente un certain nombre d\u2019avantages. Tout d\u2019abord, le conteneur est d\u00e9montable et peut \u00eatre facilement mont\u00e9 et d\u00e9mont\u00e9 sans l\u2019utilisation d\u2019outils lourds. Le conteneur \u00e9tant d\u00e9montable, vous avez \u00e9galement la possibilit\u00e9 de placer les panneaux comme vous le souhaitez, ce qui vous laisse libre de placer les auvents o\u00f9 vous le souhaitez. En outre, les auvents sont verrouillables, de sorte qu\u2019aucune personne non autoris\u00e9e ne peut entrer dans le conteneur par l\u2019auvent le soir. Un autre grand avantage est que le conteneur de bar ext\u00e9rieur est disponible dans toutes les couleurs RAL classiques et ceci est \u00e9galement inclus dans le prix, nous, chez Conteneurmontagerapide, avons la garantie du prix le plus bas aux France. Cela signifie que vous ne payez jamais trop cher pour ce conteneur de bar ext\u00e9rieur.<\/p>\n<p>\u00cates-vous int\u00e9ress\u00e9 ou avez-vous encore des doutes ? Alors contactez-nous et nous serons heureux de vous aider!<\/p>\n<\/div>\n<\/div>\n<\/div>\n<\/div>\n<\/div>\n<\/section>\n","protected":false},"excerpt":{"rendered":"<p>Cette version de notre conteneur bar est id\u00e9ale pour \u00eatre utilis\u00e9e comme bar ext\u00e9rieur sur une terrasse.<\/p>\n<ul>\n<li>Conteneur bar d\u00e9montable et auto-construit<\/li>\n<li>Dimensions ext\u00e9rieures (LxlxH) : 5903,2 x 2289,7 x 2238,5 mm<\/li>\n<li>Dimensions int\u00e9rieures (LxlxH) : 5741 x 2130 x 2230 mm<\/li>\n<li>Dimensions des portes : (LxH) : 1750 x 1850 mm<\/li>\n<li>Enti\u00e8rement d\u00e9montable<\/li>\n<li>Disponible dans toutes les couleurs RAL<\/li>\n<li>Les ouvertures du conteneur sont s\u00e9curis\u00e9es<\/li>\n<li>Construction enti\u00e8rement autoportante, y compris le plancher<\/li>\n<\/ul>\n","protected":false},"featured_media":28660,"comment_status":"open","ping_status":"closed","template":"","meta":[],"product_brand":[],"product_cat":[110,100],"product_tag":[],"class_list":{"0":"post-28659","1":"product","2":"type-product","3":"status-publish","4":"has-post-thumbnail","6":"product_cat-conteneur-amenage","7":"product_cat-habitats-modulables","9":"first","10":"instock","11":"sale","12":"shipping-taxable","13":"purchasable","14":"product-type-variable"},"_links":{"self":[{"href":"https:\/\/apts-consmetal.com\/fr\/wp-json\/wp\/v2\/product\/28659","targetHints":{"allow":["GET"]}}],"collection":[{"href":"https:\/\/apts-consmetal.com\/fr\/wp-json\/wp\/v2\/product"}],"about":[{"href":"https:\/\/apts-consmetal.com\/fr\/wp-json\/wp\/v2\/types\/product"}],"replies":[{"embeddable":true,"href":"https:\/\/apts-consmetal.com\/fr\/wp-json\/wp\/v2\/comments?post=28659"}],"version-history":[{"count":0,"href":"https:\/\/apts-consmetal.com\/fr\/wp-json\/wp\/v2\/product\/28659\/revisions"}],"wp:featuredmedia":[{"embeddable":true,"href":"https:\/\/apts-consmetal.com\/fr\/wp-json\/wp\/v2\/media\/28660"}],"wp:attachment":[{"href":"https:\/\/apts-consmetal.com\/fr\/wp-json\/wp\/v2\/media?parent=28659"}],"wp:term":[{"taxonomy":"product_brand","embeddable":true,"href":"https:\/\/apts-consmetal.com\/fr\/wp-json\/wp\/v2\/product_brand?post=28659"},{"taxonomy":"product_cat","embeddable":true,"href":"https:\/\/apts-consmetal.com\/fr\/wp-json\/wp\/v2\/product_cat?post=28659"},{"taxonomy":"product_tag","embeddable":true,"href":"https:\/\/apts-consmetal.com\/fr\/wp-json\/wp\/v2\/product_tag?post=28659"}],"curies":[{"name":"wp","href":"https:\/\/api.w.org\/{rel}","templated":true}]}}