{"id":28655,"date":"2025-05-21T22:33:51","date_gmt":"2025-05-21T20:33:51","guid":{"rendered":"http:\/\/localhost:8888\/Cont\/wordpress\/?post_type=product&#038;p=28655"},"modified":"2025-05-21T23:15:03","modified_gmt":"2025-05-21T21:15:03","slug":"conteneur-bar-demontable-4x2-metres-xl-noir-ral-9005","status":"publish","type":"product","link":"https:\/\/apts-consmetal.com\/fr\/produit\/conteneur-bar-demontable-4x2-metres-xl-noir-ral-9005\/","title":{"rendered":"Conteneur Bar D\u00e9montable 4\u00d72 m\u00e8tres XL Noir RAL"},"content":{"rendered":"<section class=\"elementor-section elementor-top-section elementor-element elementor-element-5d655291 elementor-section-boxed elementor-section-height-default elementor-section-height-default\" data-id=\"5d655291\" data-element_type=\"section\">\n<div class=\"elementor-container elementor-column-gap-default\">\n<div class=\"elementor-column elementor-col-100 elementor-top-column elementor-element elementor-element-6dfcf8d3\" data-id=\"6dfcf8d3\" data-element_type=\"column\">\n<div class=\"elementor-widget-wrap elementor-element-populated\">\n<div class=\"elementor-element elementor-element-2443f386 elementor-widget elementor-widget-text-editor\" data-id=\"2443f386\" data-element_type=\"widget\" data-widget_type=\"text-editor.default\">\n<div class=\"elementor-widget-container\">\n<h2>Bar \u00e0 vendre con\u00e7u pour de plus grandes ambitions<\/h2>\n<p>Nous avons des conteneurs de toutes sortes \u00e0 vendre, y compris des conteneurs extra larges ! Ce conteneur XL poss\u00e8de toutes les caract\u00e9ristiques de son fr\u00e8re (conteneur bar pliable de 4\u00d72 m\u00e8tres), mais dispose d\u2019un espace suppl\u00e9mentaire dans le sens de la longueur et de la largeur pour la commodit\u00e9 du client.<\/p>\n<blockquote><p>\u00ab\u00a0Quelle meilleure fa\u00e7on de passer une bonne soir\u00e9e que dans son propre bar.\u00a0\u00bb<\/p><\/blockquote>\n<h3>Caract\u00e9ristiques du Conteneur Pliable de 4\u00d72 M\u00e8tres XL<\/h3>\n<p>Le bar-container de 2,3 m\u00e8tres de haut est \u00e9quip\u00e9 d\u2019un auvent pliant et de doubles portes \u2013 disponibles sur le c\u00f4t\u00e9 long et le c\u00f4t\u00e9 court. Les dimensions sont similaires \u00e0 celles d\u2019un conteneur d\u00e9montable de 16 pieds, mais la largeur et la longueur sont sup\u00e9rieures d\u2019un demi-m\u00e8tre.<\/p>\n<p>La canop\u00e9e de ce conteneur est super solide et contient un syst\u00e8me hydraulique. Ce syst\u00e8me permet de relever et de fermer la b\u00e2che en toute s\u00e9curit\u00e9. De plus, la double porte du conteneur vous permet de placer des articles de grande taille tels que des f\u00fbts de bi\u00e8re, des cong\u00e9lateurs, des tables, etc. C\u2019est donc le moyen id\u00e9al pour offrir une boisson ou un en-cas \u00e0 des clients ou des amis.<\/p>\n<h3>Avantages d\u2019un Container Bar D\u00e9montable<\/h3>\n<p>Le bar vous apportera des avantages tels qu\u2019un endroit id\u00e9al pour passer du bon temps ou un lieu o\u00f9 vous pourrez d\u00e9velopper une activit\u00e9 commerciale. Si vos proches viennent chez vous, avec le conteneur XL, vous pouvez captiver leur attention et d\u00e9velopper un environnement plus confortable et innovant. Les autres avantages de ce produit sont les suivants:<\/p>\n<\/div>\n<\/div>\n<\/div>\n<\/div>\n<\/div>\n<\/section>\n<section class=\"elementor-section elementor-top-section elementor-element elementor-element-88ee49a elementor-section-boxed elementor-section-height-default elementor-section-height-default\" data-id=\"88ee49a\" data-element_type=\"section\">\n<div class=\"elementor-container elementor-column-gap-default\">\n<div class=\"elementor-column elementor-col-50 elementor-top-column elementor-element elementor-element-dbae0da\" data-id=\"dbae0da\" data-element_type=\"column\">\n<div class=\"elementor-widget-wrap elementor-element-populated\">\n<div class=\"elementor-element elementor-element-c304ac9 elementor-widget elementor-widget-text-editor\" data-id=\"c304ac9\" data-element_type=\"widget\" data-widget_type=\"text-editor.default\">\n<div class=\"elementor-widget-container\">\n<h4>Sa durabilit\u00e9<\/h4>\n<p>Nous avons des conteneurs \u00e0 vendre aux meilleurs prix du march\u00e9 sans en diminuer la qualit\u00e9. De cette fa\u00e7on, votre conteneur est id\u00e9al pour toutes sortes d\u2019utilisations. Nos modules sont fabriqu\u00e9s avec le meilleur acier, ce qui les rend tr\u00e8s r\u00e9sistants.<\/p>\n<\/div>\n<\/div>\n<\/div>\n<\/div>\n<div class=\"elementor-column elementor-col-50 elementor-top-column elementor-element elementor-element-7b9bd85\" data-id=\"7b9bd85\" data-element_type=\"column\">\n<div class=\"elementor-widget-wrap elementor-element-populated\">\n<div class=\"elementor-element elementor-element-b743a25 elementor-widget elementor-widget-text-editor\" data-id=\"b743a25\" data-element_type=\"widget\" data-widget_type=\"text-editor.default\">\n<div class=\"elementor-widget-container\">\n<h4>Son adaptabilit\u00e9<\/h4>\n<p>Notre\u00a0conteneur XL est con\u00e7u pour \u00eatre facilement d\u00e9mont\u00e9 pour un transport plus rapide.\u00a0 Si vous ne souhaitez pas le d\u00e9monter, vous pouvez le d\u00e9placer facilement \u00e0 l\u2019aide d\u2019un chariot \u00e9l\u00e9vateur gr\u00e2ce aux fentes situ\u00e9es dans sa base. Aucune grue n\u2019est n\u00e9cessaire, ce qui rend le conteneur polyvalent et efficace.<\/p>\n<\/div>\n<\/div>\n<\/div>\n<\/div>\n<\/div>\n<\/section>\n<section class=\"elementor-section elementor-top-section elementor-element elementor-element-117b974 elementor-section-boxed elementor-section-height-default elementor-section-height-default\" data-id=\"117b974\" data-element_type=\"section\">\n<div class=\"elementor-container elementor-column-gap-default\">\n<div class=\"elementor-column elementor-col-100 elementor-top-column elementor-element elementor-element-7e9d564\" data-id=\"7e9d564\" data-element_type=\"column\">\n<div class=\"elementor-widget-wrap elementor-element-populated\">\n<div class=\"elementor-element elementor-element-bd4e978 elementor-widget elementor-widget-text-editor\" data-id=\"bd4e978\" data-element_type=\"widget\" data-widget_type=\"text-editor.default\">\n<div class=\"elementor-widget-container\">\n<h3>Le conteneur XL est \u00e9galement modulable!<\/h3>\n<p>Lorsque vous avez des grands conteneurs \u00e0 vendre, vous devez \u00e9galement leur donner toute la flexibilit\u00e9 et la polyvalence dont disposent les autres conteneurs. Les kits de rayonnage, les kits de connexion et la protection contre le vol sont enti\u00e8rement compatibles avec ce produit.<\/p>\n<\/div>\n<\/div>\n<\/div>\n<\/div>\n<\/div>\n<\/section>\n","protected":false},"excerpt":{"rendered":"<p>Le conteneur bar est un moyen s\u00fbr de vous lancer dans l\u2019aventure gr\u00e2ce \u00e0 sa conception \u00e0 montage rapide.<\/p>\n<ul>\n<li>Conteneur bar d\u00e9tachable \u00e0 monter soi-m\u00eame<\/li>\n<li>Dimensions ext\u00e9rieures (LxlxH) : 3882 x 2290 x 2240 mm<\/li>\n<li>Dimensions int\u00e9rieures (LxlxH) : 3802 x 2210 x 2100 mm<\/li>\n<li>Dimensions de la porte : (LxH) : 1750 x 2050 mm<\/li>\n<li>Disponible dans toutes les couleurs RAL<\/li>\n<li>Le couvercle du conteneur est s\u00e9curis\u00e9 par deux serrures \u00e0 cylindre des deux c\u00f4t\u00e9s.<\/li>\n<li>Construction enti\u00e8rement autoportante, y comprenant le plancher.<\/li>\n<\/ul>\n","protected":false},"featured_media":28656,"comment_status":"open","ping_status":"closed","template":"","meta":[],"product_brand":[],"product_cat":[110,100],"product_tag":[],"class_list":{"0":"post-28655","1":"product","2":"type-product","3":"status-publish","4":"has-post-thumbnail","6":"product_cat-conteneur-amenage","7":"product_cat-habitats-modulables","9":"first","10":"instock","11":"sale","12":"shipping-taxable","13":"purchasable","14":"product-type-simple"},"_links":{"self":[{"href":"https:\/\/apts-consmetal.com\/fr\/wp-json\/wp\/v2\/product\/28655","targetHints":{"allow":["GET"]}}],"collection":[{"href":"https:\/\/apts-consmetal.com\/fr\/wp-json\/wp\/v2\/product"}],"about":[{"href":"https:\/\/apts-consmetal.com\/fr\/wp-json\/wp\/v2\/types\/product"}],"replies":[{"embeddable":true,"href":"https:\/\/apts-consmetal.com\/fr\/wp-json\/wp\/v2\/comments?post=28655"}],"version-history":[{"count":0,"href":"https:\/\/apts-consmetal.com\/fr\/wp-json\/wp\/v2\/product\/28655\/revisions"}],"wp:featuredmedia":[{"embeddable":true,"href":"https:\/\/apts-consmetal.com\/fr\/wp-json\/wp\/v2\/media\/28656"}],"wp:attachment":[{"href":"https:\/\/apts-consmetal.com\/fr\/wp-json\/wp\/v2\/media?parent=28655"}],"wp:term":[{"taxonomy":"product_brand","embeddable":true,"href":"https:\/\/apts-consmetal.com\/fr\/wp-json\/wp\/v2\/product_brand?post=28655"},{"taxonomy":"product_cat","embeddable":true,"href":"https:\/\/apts-consmetal.com\/fr\/wp-json\/wp\/v2\/product_cat?post=28655"},{"taxonomy":"product_tag","embeddable":true,"href":"https:\/\/apts-consmetal.com\/fr\/wp-json\/wp\/v2\/product_tag?post=28655"}],"curies":[{"name":"wp","href":"https:\/\/api.w.org\/{rel}","templated":true}]}}