{"id":7349,"date":"2024-11-04T09:42:43","date_gmt":"2024-11-04T08:42:43","guid":{"rendered":"https:\/\/trastracontainers.com\/?post_type=product&#038;p=7349"},"modified":"2025-05-15T18:19:31","modified_gmt":"2025-05-15T16:19:31","slug":"conteneur-frigorifique-high-cube-neuf-de-45-pieds","status":"publish","type":"product","link":"https:\/\/apts-consmetal.com\/en\/product\/conteneur-frigorifique-high-cube-neuf-de-45-pieds\/","title":{"rendered":"New 45-foot high cube refrigerated container"},"content":{"rendered":"<p><span>Il est possible de modifier les temp\u00e9ratures internes de ces unit\u00e9s pour cr\u00e9er et maintenir les conditions optimales pour les marchandises stock\u00e9es \u00e0 l&rsquo;int\u00e9rieur. Avec des temp\u00e9ratures potentielles comprises entre -30 \u00b0C et +30 \u00b0C* et une vaste capacit\u00e9 cubique interne de 83,5 m\u00b3 (2 949 pi\u00b3), la hauteur et la longueur suppl\u00e9mentaires des conteneurs r\u00e9frig\u00e9r\u00e9s HC PW de 45 pieds offrent une capacit\u00e9 d&#8217;empilage substantielle.<\/span><\/p>\n<p><span>Les machines Reefer fonctionnent dans une plage de tension de 400 \u00e0 500 V, 3 ph \u00e0 60 Hz et de 360 \u200b\u200b\u00e0 460 V, 3 ph \u00e0 50 Hz, et sont charg\u00e9es de r\u00e9frig\u00e9rants approuv\u00e9s par le fabricant.<\/span><\/p>\n<p><span>Nos navires frigorifiques HC PW de 45 pieds sont tr\u00e8s efficaces et fonctionneront de mani\u00e8re constante pendant de nombreuses ann\u00e9es s&rsquo;ils sont correctement entretenus. Lorsqu&rsquo;elles sont utilis\u00e9es pour transporter des marchandises par des m\u00e9thodes intermodales, notamment par chemin de fer, ces grandes unit\u00e9s peuvent contribuer \u00e0 r\u00e9duire les co\u00fbts et les \u00e9missions de CO2.<\/span><\/p>\n<table>\n<thead>\n<tr>\n<th><strong>Category<\/strong><\/th>\n<th><strong>Characteristic<\/strong><\/th>\n<th><strong>Metric<\/strong><\/th>\n<th><strong>Imperial<\/strong><\/th>\n<\/tr>\n<\/thead>\n<tbody>\n<tr>\n<td><strong>External dimensions<\/strong><\/td>\n<td>Length<\/td>\n<td>13 813 mm<\/td>\n<td>45&prime; 0&Prime;<\/td>\n<\/tr>\n<tr>\n<td><\/td>\n<td>Width<\/td>\n<td>2 550 mm<\/td>\n<td>8&prime; 3.6&Prime;<\/td>\n<\/tr>\n<tr>\n<td><\/td>\n<td>Height<\/td>\n<td>2 900 mm<\/td>\n<td>9&prime; 5.1&Prime;<\/td>\n<\/tr>\n<tr>\n<td><strong>Interior dimensions<\/strong><\/td>\n<td>Length<\/td>\n<td>13 261 mm<\/td>\n<td>43&prime; 0&Prime;<\/td>\n<\/tr>\n<tr>\n<td><\/td>\n<td>Width<\/td>\n<td>2 440 mm<\/td>\n<td>8\u2032 0.0\u2033<\/td>\n<\/tr>\n<tr>\n<td><\/td>\n<td>Height<\/td>\n<td>2 570 mm<\/td>\n<td>8\u2032 4.3\u2033<\/td>\n<\/tr>\n<tr>\n<td><strong>Opening the door<\/strong><\/td>\n<td>Width<\/td>\n<td>2 440 mm<\/td>\n<td>8\u2032 0.0\u2033<\/td>\n<\/tr>\n<tr>\n<td><\/td>\n<td>Height<\/td>\n<td>2 570 mm<\/td>\n<td>8\u2032 4.3\u2033<\/td>\n<\/tr>\n<tr>\n<td><strong>Capacity and weight<\/strong><\/td>\n<td>Interior cubic capacity<\/td>\n<td>83,5 m\u00b3<\/td>\n<td>2 949 pi\u00b3<\/td>\n<\/tr>\n<tr>\n<td><\/td>\n<td>Max Gross<\/td>\n<td>35 000 kg<\/td>\n<td>77 160 lb<\/td>\n<\/tr>\n<tr>\n<td><\/td>\n<td>Payload<\/td>\n<td>28 920 kg<\/td>\n<td>63 760 lb<\/td>\n<\/tr>\n<tr>\n<td><\/td>\n<td>Repel<\/td>\n<td>6 080 kg<\/td>\n<td>13 400 lb<\/td>\n<\/tr>\n<\/tbody>\n<\/table>","protected":false},"excerpt":{"rendered":"<p><span>The new 45-foot High Cube Pallet Wide refrigerated containers offer a low-energy, easy-to-repair, and temperature-controlled storage solution. They are designed to store and transport perishable goods such as meat, vegetables, fruit, beverages, seafood, dairy, pharmaceuticals, and sensitive equipment.<\/span><\/p>","protected":false},"featured_media":28143,"comment_status":"open","ping_status":"closed","template":"","meta":[],"product_brand":[],"product_cat":[98],"product_tag":[],"class_list":{"0":"post-7349","1":"product","2":"type-product","3":"status-publish","4":"has-post-thumbnail","6":"product_cat-conteneurs-frigorifiques","8":"first","9":"instock","10":"shipping-taxable","11":"purchasable","12":"product-type-simple"},"_links":{"self":[{"href":"https:\/\/apts-consmetal.com\/en\/wp-json\/wp\/v2\/product\/7349","targetHints":{"allow":["GET"]}}],"collection":[{"href":"https:\/\/apts-consmetal.com\/en\/wp-json\/wp\/v2\/product"}],"about":[{"href":"https:\/\/apts-consmetal.com\/en\/wp-json\/wp\/v2\/types\/product"}],"replies":[{"embeddable":true,"href":"https:\/\/apts-consmetal.com\/en\/wp-json\/wp\/v2\/comments?post=7349"}],"version-history":[{"count":0,"href":"https:\/\/apts-consmetal.com\/en\/wp-json\/wp\/v2\/product\/7349\/revisions"}],"wp:featuredmedia":[{"embeddable":true,"href":"https:\/\/apts-consmetal.com\/en\/wp-json\/wp\/v2\/media\/28143"}],"wp:attachment":[{"href":"https:\/\/apts-consmetal.com\/en\/wp-json\/wp\/v2\/media?parent=7349"}],"wp:term":[{"taxonomy":"product_brand","embeddable":true,"href":"https:\/\/apts-consmetal.com\/en\/wp-json\/wp\/v2\/product_brand?post=7349"},{"taxonomy":"product_cat","embeddable":true,"href":"https:\/\/apts-consmetal.com\/en\/wp-json\/wp\/v2\/product_cat?post=7349"},{"taxonomy":"product_tag","embeddable":true,"href":"https:\/\/apts-consmetal.com\/en\/wp-json\/wp\/v2\/product_tag?post=7349"}],"curies":[{"name":"wp","href":"https:\/\/api.w.org\/{rel}","templated":true}]}}