{"id":6576,"date":"2024-10-16T18:33:54","date_gmt":"2024-10-16T16:33:54","guid":{"rendered":"https:\/\/trastracontainers.com\/?post_type=product&#038;p=6576"},"modified":"2025-05-15T18:19:31","modified_gmt":"2025-05-15T16:19:31","slug":"conteneur-frigorifique-neuf-de-20-pieds","status":"publish","type":"product","link":"https:\/\/apts-consmetal.com\/en\/product\/conteneur-frigorifique-neuf-de-20-pieds\/","title":{"rendered":"New 20-foot refrigerated container"},"content":{"rendered":"<p><span>Capables de contr\u00f4ler la temp\u00e9rature moyenne potentielle entre -30 \u00b0C et +30 \u00b0C*, les nouveaux conteneurs r\u00e9frig\u00e9r\u00e9s Triton de 20 pieds, \u00e9galement appel\u00e9s \u00ab\u00a0Reefers\u00a0\u00bb, sont con\u00e7us pour fonctionner de mani\u00e8re constante dans tous les environnements, de l&rsquo;int\u00e9rieur aux conditions ext\u00e9rieures extr\u00eames.<\/span><\/p>\n<p><span>Con\u00e7us pour stocker et transporter des marchandises sensibles \u00e0 la temp\u00e9rature sur de longues distances, les conteneurs r\u00e9frig\u00e9r\u00e9s Triton 20 pieds sont disponibles dans le monde entier. Ils sont fournis avec une gamme de fonctionnalit\u00e9s standard, notamment une vanne \u00e0 vide, un plancher en T, une doublure int\u00e9rieure en aluminium, des prises USDA, un contr\u00f4le de l&rsquo;humidit\u00e9 et des dispositions de suivi et de tra\u00e7abilit\u00e9.<\/span><\/p>\n<p><span>Il est possible de commander de nouvelles unit\u00e9s avec des machines Carrier, Starcool, Daikin ou Thermo King \u00e0 faible consommation d&rsquo;\u00e9nergie, avec une plage de tension de fonctionnement de 400 \u00e0 500 V, 3 ph \u00e0 60 Hz et de 360 \u200b\u200b\u00e0 460 V, 3 ph \u00e0 50 Hz. Nos crit\u00e8res de test et d&rsquo;inspection \u00e0 la pointe de l&rsquo;industrie nous permettent de fournir en permanence des conteneurs de la plus haute qualit\u00e9.<\/span><\/p>\n<p><span>R\u00e9sistants aux dommages et durables, nos conteneurs r\u00e9frig\u00e9r\u00e9s de 20 pieds ont une capacit\u00e9 cubique interne de 1003 pi3 et peuvent g\u00e9n\u00e9ralement contenir jusqu&rsquo;\u00e0 9 palettes m\u00e9triques ou 10 palettes euro par couche. Souvent plus rentables que la construction d&rsquo;installations de stockage \u00e0 froid traditionnelles en briques et mortier, nos unit\u00e9s portables sont r\u00e9sistantes aux bact\u00e9ries et conviennent au stockage de viande, de boissons, de produits laitiers, de fruits de mer, de l\u00e9gumes, de fournitures m\u00e9dicales et de divers autres articles sensibles \u00e0 la temp\u00e9rature \u00e0 court ou \u00e0 long terme.<\/span><\/p>\n<p><span>Notre branche commerciale \u00ab TCS \u00bb est le plus grand revendeur mondial de produits intermodaux, stockant des conteneurs r\u00e9frig\u00e9r\u00e9s de 20 pieds d&rsquo;occasion et de nouveaux conteneurs r\u00e9frig\u00e9r\u00e9s de 20 pieds dans le monde entier.<\/span><\/p>\n<p><span>*Important\u00a0: les param\u00e8tres de consigne de temp\u00e9rature des machines (\u00ab\u00a0ou\u00a0r\u00e9glages\u00a0\u00bb) ne signifient pas toujours que la temp\u00e9rature requise est respect\u00e9e \u00e0 l&rsquo;int\u00e9rieur du conteneur r\u00e9frig\u00e9r\u00e9. Les plages de temp\u00e9rature peuvent varier en fonction du type de machine, des temp\u00e9ratures et de l&rsquo;humidit\u00e9 ambiantes, du type de marchandise et de l&rsquo;\u00e9tat de la marchandise pendant le chargement. Veuillez contacter votre repr\u00e9sentant Triton local pour plus d&rsquo;informations.<\/span><\/p>\n<table>\n<thead>\n<tr>\n<th><strong>Features<\/strong><\/th>\n<th><strong>Dimensions (m\u00e9triques)<\/strong><\/th>\n<th><strong>Dimensions (imp\u00e9riales)<\/strong><\/th>\n<\/tr>\n<\/thead>\n<tbody>\n<tr>\n<td><strong>External dimensions<\/strong><\/td>\n<td><\/td>\n<td><\/td>\n<\/tr>\n<tr>\n<td>Length<\/td>\n<td>6 058 mm<\/td>\n<td>19&prime; 10.5\u201d<\/td>\n<\/tr>\n<tr>\n<td>Width<\/td>\n<td>2 438 mm<\/td>\n<td>8&prime; 0.0\u201d<\/td>\n<\/tr>\n<tr>\n<td>Height<\/td>\n<td>2 591 mm<\/td>\n<td>8&prime; 6.0\u201d<\/td>\n<\/tr>\n<tr>\n<td><strong>Interior dimensions<\/strong><\/td>\n<td><\/td>\n<td><\/td>\n<\/tr>\n<tr>\n<td>Length<\/td>\n<td>5 454 mm<\/td>\n<td>17&prime; 10.7\u201d<\/td>\n<\/tr>\n<tr>\n<td>Width<\/td>\n<td>2 290 mm<\/td>\n<td>7&prime; 6.2\u201d<\/td>\n<\/tr>\n<tr>\n<td>Height<\/td>\n<td>2 276 mm<\/td>\n<td>7&prime; 5.6\u201d<\/td>\n<\/tr>\n<tr>\n<td><strong>Opening the door<\/strong><\/td>\n<td><\/td>\n<td><\/td>\n<\/tr>\n<tr>\n<td>Width<\/td>\n<td>2 294 mm<\/td>\n<td>7&prime; 6.3\u201d<\/td>\n<\/tr>\n<tr>\n<td>Height<\/td>\n<td>2 264 mm<\/td>\n<td>7&prime; 5.1\u201d<\/td>\n<\/tr>\n<tr>\n<td><strong>Capacity and weight<\/strong><\/td>\n<td><\/td>\n<td><\/td>\n<\/tr>\n<tr>\n<td>Interior cubic capacity<\/td>\n<td>28,4 m\u00b3<\/td>\n<td>1 003 pi\u00b3<\/td>\n<\/tr>\n<tr>\n<td>Max Gross<\/td>\n<td>30 480 kg<\/td>\n<td>67 200 livres<\/td>\n<\/tr>\n<tr>\n<td>Payload<\/td>\n<td>27 650 kg<\/td>\n<td>60 960 livres<\/td>\n<\/tr>\n<tr>\n<td>Repel<\/td>\n<td>2 830 kg<\/td>\n<td>6 240 livres<\/td>\n<\/tr>\n<\/tbody>\n<\/table>\n<p>&nbsp;<\/p>","protected":false},"excerpt":{"rendered":"<p>Designed for the secure transport of perishable foods and temperature-sensitive goods, this refrigerated container offers on-site temperature-controlled storage. Its robust, insulated structure minimizes heat loss and resists bacteria. Equipped with advanced technologies, it uses low-GWP refrigerants, resulting in low energy consumption. Designed for traceability, it meets Triton&#039;s quality standards and can be ordered with Carrier or Thermo King units, supported by a global network.<\/p>","protected":false},"featured_media":6578,"comment_status":"open","ping_status":"closed","template":"","meta":[],"product_brand":[],"product_cat":[98],"product_tag":[],"class_list":{"0":"post-6576","1":"product","2":"type-product","3":"status-publish","4":"has-post-thumbnail","6":"product_cat-conteneurs-frigorifiques","8":"first","9":"instock","10":"shipping-taxable","11":"purchasable","12":"product-type-simple"},"_links":{"self":[{"href":"https:\/\/apts-consmetal.com\/en\/wp-json\/wp\/v2\/product\/6576","targetHints":{"allow":["GET"]}}],"collection":[{"href":"https:\/\/apts-consmetal.com\/en\/wp-json\/wp\/v2\/product"}],"about":[{"href":"https:\/\/apts-consmetal.com\/en\/wp-json\/wp\/v2\/types\/product"}],"replies":[{"embeddable":true,"href":"https:\/\/apts-consmetal.com\/en\/wp-json\/wp\/v2\/comments?post=6576"}],"version-history":[{"count":0,"href":"https:\/\/apts-consmetal.com\/en\/wp-json\/wp\/v2\/product\/6576\/revisions"}],"wp:featuredmedia":[{"embeddable":true,"href":"https:\/\/apts-consmetal.com\/en\/wp-json\/wp\/v2\/media\/6578"}],"wp:attachment":[{"href":"https:\/\/apts-consmetal.com\/en\/wp-json\/wp\/v2\/media?parent=6576"}],"wp:term":[{"taxonomy":"product_brand","embeddable":true,"href":"https:\/\/apts-consmetal.com\/en\/wp-json\/wp\/v2\/product_brand?post=6576"},{"taxonomy":"product_cat","embeddable":true,"href":"https:\/\/apts-consmetal.com\/en\/wp-json\/wp\/v2\/product_cat?post=6576"},{"taxonomy":"product_tag","embeddable":true,"href":"https:\/\/apts-consmetal.com\/en\/wp-json\/wp\/v2\/product_tag?post=6576"}],"curies":[{"name":"wp","href":"https:\/\/api.w.org\/{rel}","templated":true}]}}