{"id":6390,"date":"2024-10-11T00:38:25","date_gmt":"2024-10-10T22:38:25","guid":{"rendered":"https:\/\/trastracontainers.com\/?post_type=product&#038;p=6390"},"modified":"2025-05-22T08:04:23","modified_gmt":"2025-05-22T06:04:23","slug":"conteneur-maritime-open-side-de-20-pieds-deux-cotes","status":"publish","type":"product","link":"https:\/\/apts-consmetal.com\/en\/product\/conteneur-maritime-open-side-de-20-pieds-deux-cotes\/","title":{"rendered":"New 20-foot Open-side shipping container (two sides)"},"content":{"rendered":"<p>Le <strong>conteneur maritime Open Side de 20 pieds \u00e0 deux c\u00f4t\u00e9s<\/strong> offre une flexibilit\u00e9 maximale pour le chargement et le d\u00e9chargement, avec des portes sur toute la longueur de <strong>chaque c\u00f4t\u00e9<\/strong>. Id\u00e9al pour des besoins logistiques complexes ou des conversions sp\u00e9ciales, ce mod\u00e8le permet un acc\u00e8s lat\u00e9ral total, offrant une ouverture compl\u00e8te des deux c\u00f4t\u00e9s pour un chargement sans contrainte.<\/p>\n<p>Disponible en hauteur standard et en version High Cube, chaque conteneur est \u00e9quip\u00e9 de coffres-forts sur les portes, de plusieurs \u00e9vents pour assurer une ventilation optimale, ainsi que d\u2019un plancher en contreplaqu\u00e9 marin de haute qualit\u00e9.<\/p>\n<p>Certifi\u00e9s CSC, ces conteneurs sont pr\u00eats pour le transport de fret. Un traitement interne anti-condensation Grafo-therm peut \u00eatre ajout\u00e9 en option pour une protection suppl\u00e9mentaire.<\/p>\n<table>\n<thead>\n<tr>\n<th><strong>Features<\/strong><\/th>\n<th><strong>Imperial Dimensions<\/strong><\/th>\n<th><strong>Metric Dimensions<\/strong><\/th>\n<\/tr>\n<\/thead>\n<tbody>\n<tr>\n<td><strong>External dimensions<\/strong><\/td>\n<td>L 20\u2032 x l 8\u2032 x H 8,6\u2032<\/td>\n<td>L 6,1 m x l 2,4 m x H 2,6 m<\/td>\n<\/tr>\n<tr>\n<td><strong>Volume<\/strong><\/td>\n<td>1,169 pi\u00b3<\/td>\n<td>33,1 m\u00b3<\/td>\n<\/tr>\n<tr>\n<td><strong>Empty weight<\/strong><\/td>\n<td>5,490 livres<\/td>\n<td>2,490 kg<\/td>\n<\/tr>\n<tr>\n<td><strong>Maximum payload<\/strong><\/td>\n<td>47,620 pounds<\/td>\n<td>21,620 kg<\/td>\n<\/tr>\n<tr>\n<td><strong>Charge maximum<\/strong><\/td>\n<td>52,910 livres<\/td>\n<td>23,970 kg<\/td>\n<\/tr>\n<\/tbody>\n<\/table>","protected":false},"excerpt":{"rendered":"<p>The 20-foot Open Side double-sided shipping container allows full lateral access thanks to its full-length doors on each side. Ideal for complex loading operations, it is available in standard or High Cube height, equipped with lockers, vents for optimal ventilation, and a marine plywood floor. CSC certified, these containers are ready for freight transport, with an anti-condensation option as an additional option.<\/p>","protected":false},"featured_media":6346,"comment_status":"open","ping_status":"closed","template":"","meta":[],"product_brand":[],"product_cat":[94,96],"product_tag":[],"class_list":{"0":"post-6390","1":"product","2":"type-product","3":"status-publish","4":"has-post-thumbnail","6":"product_cat-conteneurs-maritimes-neufs","7":"product_cat-moyen","9":"first","10":"instock","11":"shipping-taxable","12":"purchasable","13":"product-type-variable"},"_links":{"self":[{"href":"https:\/\/apts-consmetal.com\/en\/wp-json\/wp\/v2\/product\/6390","targetHints":{"allow":["GET"]}}],"collection":[{"href":"https:\/\/apts-consmetal.com\/en\/wp-json\/wp\/v2\/product"}],"about":[{"href":"https:\/\/apts-consmetal.com\/en\/wp-json\/wp\/v2\/types\/product"}],"replies":[{"embeddable":true,"href":"https:\/\/apts-consmetal.com\/en\/wp-json\/wp\/v2\/comments?post=6390"}],"version-history":[{"count":0,"href":"https:\/\/apts-consmetal.com\/en\/wp-json\/wp\/v2\/product\/6390\/revisions"}],"wp:featuredmedia":[{"embeddable":true,"href":"https:\/\/apts-consmetal.com\/en\/wp-json\/wp\/v2\/media\/6346"}],"wp:attachment":[{"href":"https:\/\/apts-consmetal.com\/en\/wp-json\/wp\/v2\/media?parent=6390"}],"wp:term":[{"taxonomy":"product_brand","embeddable":true,"href":"https:\/\/apts-consmetal.com\/en\/wp-json\/wp\/v2\/product_brand?post=6390"},{"taxonomy":"product_cat","embeddable":true,"href":"https:\/\/apts-consmetal.com\/en\/wp-json\/wp\/v2\/product_cat?post=6390"},{"taxonomy":"product_tag","embeddable":true,"href":"https:\/\/apts-consmetal.com\/en\/wp-json\/wp\/v2\/product_tag?post=6390"}],"curies":[{"name":"wp","href":"https:\/\/api.w.org\/{rel}","templated":true}]}}