{"id":6365,"date":"2024-10-09T03:40:24","date_gmt":"2024-10-09T01:40:24","guid":{"rendered":"https:\/\/trastracontainers.com\/?post_type=product&#038;p=6365"},"modified":"2025-05-15T18:19:31","modified_gmt":"2025-05-15T16:19:31","slug":"conteneur-maritime-neuf-high-cube-a-double-porte-de-20-pieds","status":"publish","type":"product","link":"https:\/\/apts-consmetal.com\/en\/product\/conteneur-maritime-neuf-high-cube-a-double-porte-de-20-pieds\/","title":{"rendered":"New 20ft High Cube Double Door Shipping Container"},"content":{"rendered":"<p>Our shipping containers <strong>20ft Double Door High Cube<\/strong> are designed to provide optimal access with double doors at each end, making loading and unloading easier. These containers are ideal if you require more storage space than a standard container. With an external height of 9&#039;6\u2033, they are perfect for goods requiring more vertical volume.<\/p>\n<p>Each double door is fitted with lockers as standard, and these containers feature 10 vents for optimum ventilation, as well as a high-quality marine plywood floor.<\/p>\n<p>These containers are CSC certified and ready for freight transport. For added protection, Grafo-therm anti-condensation treatment can be added at an additional cost.<\/p>\n<table>\n<thead>\n<tr>\n<th><strong>Features<\/strong><\/th>\n<th><strong>Imperial Dimensions<\/strong><\/th>\n<th><strong>Metric Dimensions<\/strong><\/th>\n<\/tr>\n<\/thead>\n<tbody>\n<tr>\n<td><strong>External dimensions<\/strong><\/td>\n<td>L 20\u2032 x l 8\u2032 x H 9,6\u2032<\/td>\n<td>L 6,1 m x l 2,4 m x H 2,9 m<\/td>\n<\/tr>\n<tr>\n<td><strong>Volume<\/strong><\/td>\n<td>1,289 pi\u00b3<\/td>\n<td>36,5 m\u00b3<\/td>\n<\/tr>\n<tr>\n<td><strong>Empty weight<\/strong><\/td>\n<td>5,290 pounds<\/td>\n<td>2,400 kg<\/td>\n<\/tr>\n<tr>\n<td><strong>Maximum payload<\/strong><\/td>\n<td>47,398 pounds<\/td>\n<td>21,500 kg<\/td>\n<\/tr>\n<tr>\n<td><strong>Charge maximum<\/strong><\/td>\n<td>52,690 pounds<\/td>\n<td>23,900 kg<\/td>\n<\/tr>\n<\/tbody>\n<\/table>","protected":false},"excerpt":{"rendered":"<p>Nos conteneurs maritimes High Cube \u00e0 double porte de 20 pieds sont con\u00e7us pour offrir un acc\u00e8s optimal avec des<\/p>","protected":false},"featured_media":28051,"comment_status":"open","ping_status":"closed","template":"","meta":[],"product_brand":[],"product_cat":[94,96],"product_tag":[],"class_list":{"0":"post-6365","1":"product","2":"type-product","3":"status-publish","4":"has-post-thumbnail","6":"product_cat-conteneurs-maritimes-neufs","7":"product_cat-moyen","9":"first","10":"instock","11":"shipping-taxable","12":"purchasable","13":"product-type-simple"},"_links":{"self":[{"href":"https:\/\/apts-consmetal.com\/en\/wp-json\/wp\/v2\/product\/6365","targetHints":{"allow":["GET"]}}],"collection":[{"href":"https:\/\/apts-consmetal.com\/en\/wp-json\/wp\/v2\/product"}],"about":[{"href":"https:\/\/apts-consmetal.com\/en\/wp-json\/wp\/v2\/types\/product"}],"replies":[{"embeddable":true,"href":"https:\/\/apts-consmetal.com\/en\/wp-json\/wp\/v2\/comments?post=6365"}],"version-history":[{"count":0,"href":"https:\/\/apts-consmetal.com\/en\/wp-json\/wp\/v2\/product\/6365\/revisions"}],"wp:featuredmedia":[{"embeddable":true,"href":"https:\/\/apts-consmetal.com\/en\/wp-json\/wp\/v2\/media\/28051"}],"wp:attachment":[{"href":"https:\/\/apts-consmetal.com\/en\/wp-json\/wp\/v2\/media?parent=6365"}],"wp:term":[{"taxonomy":"product_brand","embeddable":true,"href":"https:\/\/apts-consmetal.com\/en\/wp-json\/wp\/v2\/product_brand?post=6365"},{"taxonomy":"product_cat","embeddable":true,"href":"https:\/\/apts-consmetal.com\/en\/wp-json\/wp\/v2\/product_cat?post=6365"},{"taxonomy":"product_tag","embeddable":true,"href":"https:\/\/apts-consmetal.com\/en\/wp-json\/wp\/v2\/product_tag?post=6365"}],"curies":[{"name":"wp","href":"https:\/\/api.w.org\/{rel}","templated":true}]}}