{"id":6252,"date":"2024-10-08T16:30:45","date_gmt":"2024-10-08T14:30:45","guid":{"rendered":"https:\/\/trastracontainers.com\/?post_type=product&#038;p=6252"},"modified":"2025-05-22T08:04:31","modified_gmt":"2025-05-22T06:04:31","slug":"conteneur-maritime-neuf-40-pieds-dry","status":"publish","type":"product","link":"https:\/\/apts-consmetal.com\/en\/product\/conteneur-maritime-neuf-40-pieds-dry\/","title":{"rendered":"New 40-foot dry shipping container"},"content":{"rendered":"<p>Nos conteneurs d&rsquo;exp\u00e9dition de 40 pieds sont les plus grands que nous proposons \u00e0 la vente, offrant une capacit\u00e9 de stockage deux fois sup\u00e9rieure \u00e0 celle des mod\u00e8les de 20 pieds, tout en r\u00e9pondant aux m\u00eames besoins. Disponibles en bleu ou vert, ils sont \u00e9quip\u00e9s de doubles portes \u00e0 une extr\u00e9mit\u00e9 et de quatre barres de verrouillage avec des poign\u00e9es \u00e0 hauteur de taille pour une utilisation facile. Ces conteneurs sont fabriqu\u00e9s selon les normes les plus strictes et sont utilis\u00e9s une seule fois avant leur mise en vente.<\/p>\n<p>Ils incluent de s\u00e9rie un coffre-fort, 10 \u00e9vents pour une ventilation optimale, ainsi qu&rsquo;un plancher en contreplaqu\u00e9 marin de haute qualit\u00e9.<\/p>\n<p>Certifi\u00e9s CSC, ces conteneurs sont pr\u00eats pour le transport de fret. Un traitement anti-condensation Grafo-therm est disponible en option moyennant un co\u00fbt suppl\u00e9mentaire.<\/p>\n<table>\n<thead>\n<tr>\n<th><strong>Features<\/strong><\/th>\n<th><strong>Imperial Dimensions<\/strong><\/th>\n<th><strong>Metric Dimensions<\/strong><\/th>\n<\/tr>\n<\/thead>\n<tbody>\n<tr>\n<td><strong>External dimensions<\/strong><\/td>\n<td>L 40\u2032 x l 8\u2032 x H 8,6\u2032<\/td>\n<td>L 12,2 m x l 2,4 m x H 2,6 m<\/td>\n<\/tr>\n<tr>\n<td><strong>Volume<\/strong><\/td>\n<td>2,390 pi\u00b3<\/td>\n<td>67,7 m\u00b3<\/td>\n<\/tr>\n<tr>\n<td><strong>Empty weight<\/strong><\/td>\n<td>8,160 livres<\/td>\n<td>3,700 kg<\/td>\n<\/tr>\n<tr>\n<td><strong>Maximum payload<\/strong><\/td>\n<td>63,271 livres<\/td>\n<td>28,620 kg<\/td>\n<\/tr>\n<tr>\n<td><strong>Charge maximum<\/strong><\/td>\n<td>71,650 livres<\/td>\n<td>32,500 kg<\/td>\n<\/tr>\n<\/tbody>\n<\/table>","protected":false},"excerpt":{"rendered":"<p>Our 40-foot shipping containers, available in blue or green, offer double the capacity of our 20-foot models. They feature double doors, four locking bars, 10 vents for optimal ventilation, and a marine plywood floor. CSC-certified, they are ready for freight transport, with an anti-condensation treatment option available.<\/p>","protected":false},"featured_media":6255,"comment_status":"open","ping_status":"closed","template":"","meta":[],"product_brand":[],"product_cat":[94,97],"product_tag":[],"class_list":{"0":"post-6252","1":"product","2":"type-product","3":"status-publish","4":"has-post-thumbnail","6":"product_cat-conteneurs-maritimes-neufs","7":"product_cat-grand","9":"first","10":"instock","11":"shipping-taxable","12":"purchasable","13":"product-type-variable"},"_links":{"self":[{"href":"https:\/\/apts-consmetal.com\/en\/wp-json\/wp\/v2\/product\/6252","targetHints":{"allow":["GET"]}}],"collection":[{"href":"https:\/\/apts-consmetal.com\/en\/wp-json\/wp\/v2\/product"}],"about":[{"href":"https:\/\/apts-consmetal.com\/en\/wp-json\/wp\/v2\/types\/product"}],"replies":[{"embeddable":true,"href":"https:\/\/apts-consmetal.com\/en\/wp-json\/wp\/v2\/comments?post=6252"}],"version-history":[{"count":0,"href":"https:\/\/apts-consmetal.com\/en\/wp-json\/wp\/v2\/product\/6252\/revisions"}],"wp:featuredmedia":[{"embeddable":true,"href":"https:\/\/apts-consmetal.com\/en\/wp-json\/wp\/v2\/media\/6255"}],"wp:attachment":[{"href":"https:\/\/apts-consmetal.com\/en\/wp-json\/wp\/v2\/media?parent=6252"}],"wp:term":[{"taxonomy":"product_brand","embeddable":true,"href":"https:\/\/apts-consmetal.com\/en\/wp-json\/wp\/v2\/product_brand?post=6252"},{"taxonomy":"product_cat","embeddable":true,"href":"https:\/\/apts-consmetal.com\/en\/wp-json\/wp\/v2\/product_cat?post=6252"},{"taxonomy":"product_tag","embeddable":true,"href":"https:\/\/apts-consmetal.com\/en\/wp-json\/wp\/v2\/product_tag?post=6252"}],"curies":[{"name":"wp","href":"https:\/\/api.w.org\/{rel}","templated":true}]}}