{"id":5956,"date":"2024-09-24T00:57:43","date_gmt":"2024-09-23T22:57:43","guid":{"rendered":"https:\/\/trastracontainers.com\/?post_type=product&#038;p=5956"},"modified":"2025-05-22T08:04:35","modified_gmt":"2025-05-22T06:04:35","slug":"conteneur-maritime-neuf-8-pieds-dry","status":"publish","type":"product","link":"https:\/\/apts-consmetal.com\/en\/product\/conteneur-maritime-neuf-8-pieds-dry\/","title":{"rendered":"New 8-foot dry shipping container"},"content":{"rendered":"<p>Nos conteneurs d&rsquo;exp\u00e9dition de 8 pieds sont les plus petits formats standards que nous proposons. Leur hauteur l\u00e9g\u00e8rement inf\u00e9rieure les rend parfaits pour le stockage si vous avez besoin d&rsquo;un conteneur propre et non marqu\u00e9. Disponibles en vert ou en bleu, ils sont \u00e9quip\u00e9s de deux barres de verrouillage avec des poign\u00e9es de porte \u00e0 hauteur de taille.<\/p>\n<p>Ces conteneurs sont dot\u00e9s en standard d&rsquo;un coffre-fort, de 4 \u00e9vents pour une ventilation optimale, et d&rsquo;un plancher en contreplaqu\u00e9 marin de haute qualit\u00e9.<\/p>\n<p>Plaqu\u00e9s CSC, ils sont pr\u00eats \u00e0 \u00eatre utilis\u00e9s comme conteneurs de fret.<\/p>\n<p>Un traitement int\u00e9rieur anti-condensation Grafo-therm peut \u00e9galement \u00eatre ajout\u00e9, moyennant un co\u00fbt suppl\u00e9mentaire.<\/p>\n<div class=\"elementor-element elementor-element-3f57a60 elementor-widget elementor-widget-wd_title\" data-id=\"3f57a60\" data-element_type=\"widget\" data-widget_type=\"wd_title.default\">\n<div class=\"elementor-widget-container\">\n<div class=\"title-wrapper set-mb-s reset-last-child wd-title-color-default wd-title-style-default wd-title-size-default text-left\">\n<div class=\"liner-continer\">\n<h4 class=\"woodmart-title-container title wd-fontsize-l\"><span>FEATURES<\/span><\/h4>\n<\/div>\n<\/div>\n<\/div>\n<\/div>\n<div class=\"elementor-element elementor-element-0de1f35 color-scheme-inherit text-left elementor-widget elementor-widget-text-editor\" data-id=\"0de1f35\" data-element_type=\"widget\" data-widget_type=\"text-editor.default\">\n<div class=\"elementor-widget-container\">\n<table id=\"tableSpecs\">\n<tbody>\n<tr>\n<td><strong><span>External dimensions<\/span><\/strong><\/td>\n<td><span>L 7&rsquo;4\u2033 x l 8&prime; x H 8&rsquo;2\u2033<\/span><\/td>\n<td><span>L 2,25 m x l 2,43 m x H 2,5 m<\/span><\/td>\n<\/tr>\n<tr>\n<td><strong><span>Volume<\/span><\/strong><\/td>\n<td><span>349 pi3<\/span><\/td>\n<td><span>9,9 m\u00b3<\/span><\/td>\n<\/tr>\n<tr>\n<td><strong><span>Empty weight<\/span><\/strong><\/td>\n<td><span>2,094 livres<\/span><\/td>\n<td><span>950 kg<\/span><\/td>\n<\/tr>\n<tr>\n<td><strong><span>Maximum payload<\/span><\/strong><\/td>\n<td><span>11,133 livres<\/span><\/td>\n<td><span>5,050 kg<\/span><\/td>\n<\/tr>\n<tr>\n<td><strong><span>Charge maximum<\/span><\/strong><\/td>\n<td><span>13,227 livres<\/span><\/td>\n<td><span>6 000 kg<\/span><\/td>\n<\/tr>\n<\/tbody>\n<\/table>\n<\/div>\n<\/div>","protected":false},"excerpt":{"rendered":"<p>Our 8-foot containers, available in green or blue, are compact and ideal for storage. They offer optimal ventilation with four vents, a high-quality marine plywood floor, and two secure locking bars. CSC-coated, they are ready for transport and can be fitted with an optional anti-condensation coating.<\/p>","protected":false},"featured_media":5959,"comment_status":"open","ping_status":"closed","template":"","meta":[],"product_brand":[],"product_cat":[94,95],"product_tag":[],"class_list":{"0":"post-5956","1":"product","2":"type-product","3":"status-publish","4":"has-post-thumbnail","6":"product_cat-conteneurs-maritimes-neufs","7":"product_cat-petit","9":"first","10":"instock","11":"sale","12":"shipping-taxable","13":"purchasable","14":"product-type-variable"},"_links":{"self":[{"href":"https:\/\/apts-consmetal.com\/en\/wp-json\/wp\/v2\/product\/5956","targetHints":{"allow":["GET"]}}],"collection":[{"href":"https:\/\/apts-consmetal.com\/en\/wp-json\/wp\/v2\/product"}],"about":[{"href":"https:\/\/apts-consmetal.com\/en\/wp-json\/wp\/v2\/types\/product"}],"replies":[{"embeddable":true,"href":"https:\/\/apts-consmetal.com\/en\/wp-json\/wp\/v2\/comments?post=5956"}],"version-history":[{"count":0,"href":"https:\/\/apts-consmetal.com\/en\/wp-json\/wp\/v2\/product\/5956\/revisions"}],"wp:featuredmedia":[{"embeddable":true,"href":"https:\/\/apts-consmetal.com\/en\/wp-json\/wp\/v2\/media\/5959"}],"wp:attachment":[{"href":"https:\/\/apts-consmetal.com\/en\/wp-json\/wp\/v2\/media?parent=5956"}],"wp:term":[{"taxonomy":"product_brand","embeddable":true,"href":"https:\/\/apts-consmetal.com\/en\/wp-json\/wp\/v2\/product_brand?post=5956"},{"taxonomy":"product_cat","embeddable":true,"href":"https:\/\/apts-consmetal.com\/en\/wp-json\/wp\/v2\/product_cat?post=5956"},{"taxonomy":"product_tag","embeddable":true,"href":"https:\/\/apts-consmetal.com\/en\/wp-json\/wp\/v2\/product_tag?post=5956"}],"curies":[{"name":"wp","href":"https:\/\/api.w.org\/{rel}","templated":true}]}}