{"id":28895,"date":"2025-05-22T04:19:19","date_gmt":"2025-05-22T02:19:19","guid":{"rendered":"http:\/\/localhost:8888\/Cont\/wordpress\/?post_type=product&#038;p=28895"},"modified":"2025-05-22T04:23:06","modified_gmt":"2025-05-22T02:23:06","slug":"conteneur-datelier-de-10-pieds","status":"publish","type":"product","link":"https:\/\/apts-consmetal.com\/en\/product\/conteneur-datelier-de-10-pieds\/","title":{"rendered":"10 foot workshop container"},"content":{"rendered":"<div class=\"container-detail__description\">\n<p class=\"p1\"><span>Besoin d&rsquo;espace de travail suppl\u00e9mentaire\u00a0? Le conteneur Workplace de 10 pieds est id\u00e9al pour un espace de travail suppl\u00e9mentaire, temporaire ou permanent. Il offre \u00e9galement un espace de stockage suppl\u00e9mentaire. Le conteneur Atelier de 10 pieds est tr\u00e8s pratique, car il est facilement transportable gr\u00e2ce \u00e0 ses dimensions et \u00e0 ses passages pour chariot \u00e9l\u00e9vateur. Autre avantage\u00a0: il est adapt\u00e9 au fret maritime, ce qui permet de l&rsquo;utiliser et de le transporter dans le monde entier.<\/span><\/p>\n<\/div>\n<div class=\"container-detail__specifications\">\n<h5><span>Features<\/span><\/h5>\n<div class=\"container-specifications__dl-group\"><span>External dimensions (LxWxH)<\/span><span>2,991 x 2,438 x 2,591 mm<\/span><\/div>\n<div class=\"container-specifications__dl-group\"><span>Maximum cargo weight<\/span><span>10,160 kg<\/span><\/div>\n<div class=\"container-specifications__dl-group\"><span>Standard color<\/span><span>RAL5013<\/span><\/div>\n<div class=\"container-specifications__dl-group\"><span>Supplied with<\/span><\/p>\n<p class=\"p1\">\n<span>Safe Vents<\/span><br \/>\n<span>High door handles<\/span><br \/>\n<span>Wooden flooring<\/span><br \/>\n<span>Forklift passages<\/span><\/p>\n<\/div>\n<div class=\"container-specifications__dl-group\"><span>Features<\/span><\/p>\n<p class=\"p1\"><span>\u00c9tag\u00e8res soud\u00e9es avec<\/span><br \/>\n<span>armoire de rangement en acier<\/span><br \/>\n<span>\u00c9tabli avec plateau en bois<\/span><br \/>\n<span>Tiroirs en acier sous l&rsquo;\u00e9tabli<\/span><br \/>\n<span>Plusieurs crochets de rangement pour c\u00e2bles, cha\u00eenes et tuyaux<\/span><\/p>\n<\/div>\n<div class=\"element-text\">\n<p><em><span>The measurements given are indicative and may actually vary slightly.<\/span><\/em><\/p>\n<\/div>\n<\/div>","protected":false},"excerpt":{"rendered":"<div class=\"container-specifications__dl-group\">External dimensions (LxWxH)2,991 x 2,438 x 2,591 mm<\/div>\n<div class=\"container-specifications__dl-group\">Maximum cargo weight 10,160 kg<\/div>\n<div class=\"container-specifications__dl-group\">Standard color RAL5013<\/div>\n<div class=\"container-specifications__dl-group\">Supplied with<\/p>\n<p class=\"p1\">\nSafe Vents<br \/>\nHigh door handles<br \/>\nWooden flooring<br \/>\nForklift passages<\/p>\n<\/div>","protected":false},"featured_media":28901,"comment_status":"open","ping_status":"closed","template":"","meta":[],"product_brand":[],"product_cat":[111,110,100],"product_tag":[],"class_list":{"0":"post-28895","1":"product","2":"type-product","3":"status-publish","4":"has-post-thumbnail","6":"product_cat-bungalow","7":"product_cat-conteneur-amenage","8":"product_cat-habitats-modulables","10":"first","11":"instock","12":"sale","13":"shipping-taxable","14":"purchasable","15":"product-type-simple"},"_links":{"self":[{"href":"https:\/\/apts-consmetal.com\/en\/wp-json\/wp\/v2\/product\/28895","targetHints":{"allow":["GET"]}}],"collection":[{"href":"https:\/\/apts-consmetal.com\/en\/wp-json\/wp\/v2\/product"}],"about":[{"href":"https:\/\/apts-consmetal.com\/en\/wp-json\/wp\/v2\/types\/product"}],"replies":[{"embeddable":true,"href":"https:\/\/apts-consmetal.com\/en\/wp-json\/wp\/v2\/comments?post=28895"}],"version-history":[{"count":0,"href":"https:\/\/apts-consmetal.com\/en\/wp-json\/wp\/v2\/product\/28895\/revisions"}],"wp:featuredmedia":[{"embeddable":true,"href":"https:\/\/apts-consmetal.com\/en\/wp-json\/wp\/v2\/media\/28901"}],"wp:attachment":[{"href":"https:\/\/apts-consmetal.com\/en\/wp-json\/wp\/v2\/media?parent=28895"}],"wp:term":[{"taxonomy":"product_brand","embeddable":true,"href":"https:\/\/apts-consmetal.com\/en\/wp-json\/wp\/v2\/product_brand?post=28895"},{"taxonomy":"product_cat","embeddable":true,"href":"https:\/\/apts-consmetal.com\/en\/wp-json\/wp\/v2\/product_cat?post=28895"},{"taxonomy":"product_tag","embeddable":true,"href":"https:\/\/apts-consmetal.com\/en\/wp-json\/wp\/v2\/product_tag?post=28895"}],"curies":[{"name":"wp","href":"https:\/\/api.w.org\/{rel}","templated":true}]}}