{"id":28859,"date":"2025-05-22T04:01:14","date_gmt":"2025-05-22T02:01:14","guid":{"rendered":"http:\/\/localhost:8888\/Cont\/wordpress\/?post_type=product&#038;p=28859"},"modified":"2025-05-22T04:23:43","modified_gmt":"2025-05-22T02:23:43","slug":"conteneur-dobservation-csc-high-cube-de-20-pieds","status":"publish","type":"product","link":"https:\/\/apts-consmetal.com\/en\/product\/conteneur-dobservation-csc-high-cube-de-20-pieds\/","title":{"rendered":"20-foot CSC High Cube Observation Container"},"content":{"rendered":"<div class=\"container-detail__description\">\n<p>Le conteneur d&rsquo;observation High Cube de 6 m\u00e8tres \u00e0 vitrage fixe est la solution id\u00e9ale en cas de manque d&rsquo;espace temporaire ou permanent. Ce conteneur isotherme est enti\u00e8rement vitr\u00e9, chauff\u00e9, \u00e9quip\u00e9 d&rsquo;installations \u00e9lectriques et d&rsquo;\u00e9clairage. Il peut servir de bureau ou de loge pour les concierges. Il est homologu\u00e9 CSC et peut \u00eatre utilis\u00e9 pour le transport international. Ce conteneur est disponible \u00e0 la vente et \u00e0 la location.<\/p>\n<\/div>\n<div class=\"container-detail__specifications\">\n<h5>Features<\/h5>\n<div class=\"container-specifications__dl-group\">Dimensions ext\u00e9rieures (LxlxH)6,058 x 2,438 x 2,896 mm<\/div>\n<div class=\"container-specifications__dl-group\">Poids \u00e0 vide3,240 kg<\/div>\n<div class=\"container-specifications__dl-group\">Charge utile maximale4,760 kg<\/div>\n<div class=\"container-specifications__dl-group\">Couleur standardRAL9016PU<\/div>\n<div class=\"container-specifications__dl-group\">Fourni avecLes fen\u00eatres sont \u00e9quip\u00e9es de double vitrage de s\u00e9curit\u00e9 5+9A+5mm<br \/>\nChaque fen\u00eatre est \u00e9quip\u00e9e de volets<br \/>\n3x L1.787 x H1.055 mm fix\u00e9s sur chaque c\u00f4t\u00e9 long<br \/>\n1x L1.894 x H1.055 mm fen\u00eatre fixe \u00e0 l&rsquo;avant<br \/>\n1x L885 x H1.000 mm fen\u00eatre basculante \u00e0 l&rsquo;arri\u00e8reUn portillon<br \/>\nAirco cove avec plaque perfor\u00e9e<br \/>\nElectric cove<\/p>\n<\/div>\n<div class=\"container-specifications__dl-group\">Installation \u00e9lectriqueConnexion externe 400 V 32 A 5 broches + boucle traversante<br \/>\nBo\u00eete \u00e0 fusibles avec interrupteur principal 400 V, 3 disjoncteurs diff\u00e9rentiels 230 V<br \/>\n2 \u00e9clairages fluorescents<br \/>\n5 prises murales doubles tout autour int\u00e9gr\u00e9es dans un chemin de c\u00e2bles<br \/>\n1 interrupteur d&rsquo;\u00e9clairage<br \/>\nClimatisation \u00e0 deux niveaux 2,5 kW<br \/>\nUnit\u00e9 de climatisation ext\u00e9rieure avec rev\u00eatement de protection offshore, y compris interrupteur de maintenance<\/div>\n<div class=\"container-specifications__dl-group\">IsolementLe conteneur est isol\u00e9 avec de la laine de roche de 60 mm.<br \/>\nL&rsquo;int\u00e9rieur est garni de panneaux de particules de 9 mm.<br \/>\nLes c\u00f4t\u00e9s des panneaux sont finis avec de l&rsquo;acier galvanis\u00e9 de 0,5 mm.<\/div>\n<div class=\"container-specifications__dl-group\">\n<p>Features<\/p>\n<div class=\"container-specs__item\">\n<p>Available in all RAL colors<br \/>\nStackable<br \/>\nCertifi\u00e9 CSC<\/p>\n<\/div>\n<\/div>\n<div class=\"element-text\">\n<p><em>The measurements given are indicative and may actually vary slightly.<\/em><\/p>\n<\/div>\n<\/div>","protected":false},"excerpt":{"rendered":"<div class=\"container-specifications__dl-group\">Dimensions ext\u00e9rieures (LxlxH)6,058 x 2,438 x 2,896 mm<\/div>\n<div class=\"container-specifications__dl-group\">Poids \u00e0 vide3,240 kg<\/div>\n<div class=\"container-specifications__dl-group\">Charge utile maximale4,760 kg<\/div>\n<div class=\"container-specifications__dl-group\">Couleur standardRAL9016PU<\/div>\n<div class=\"container-specifications__dl-group\">Fourni avecLes fen\u00eatres sont \u00e9quip\u00e9es de double vitrage de s\u00e9curit\u00e9 5+9A+5mm<br \/>\nChaque fen\u00eatre est \u00e9quip\u00e9e de volets<br \/>\n3x L1.787 x H1.055 mm fix\u00e9s sur chaque c\u00f4t\u00e9 long<br \/>\n1x L1.894 x H1.055 mm fen\u00eatre fixe \u00e0 l&rsquo;avant<br \/>\n1x L885 x H1.000 mm fen\u00eatre basculante \u00e0 l&rsquo;arri\u00e8re&nbsp;<\/p>\n<\/div>","protected":false},"featured_media":28861,"comment_status":"open","ping_status":"closed","template":"","meta":[],"product_brand":[],"product_cat":[111,100],"product_tag":[],"class_list":{"0":"post-28859","1":"product","2":"type-product","3":"status-publish","4":"has-post-thumbnail","6":"product_cat-bungalow","7":"product_cat-habitats-modulables","9":"first","10":"instock","11":"sale","12":"shipping-taxable","13":"purchasable","14":"product-type-simple"},"_links":{"self":[{"href":"https:\/\/apts-consmetal.com\/en\/wp-json\/wp\/v2\/product\/28859","targetHints":{"allow":["GET"]}}],"collection":[{"href":"https:\/\/apts-consmetal.com\/en\/wp-json\/wp\/v2\/product"}],"about":[{"href":"https:\/\/apts-consmetal.com\/en\/wp-json\/wp\/v2\/types\/product"}],"replies":[{"embeddable":true,"href":"https:\/\/apts-consmetal.com\/en\/wp-json\/wp\/v2\/comments?post=28859"}],"version-history":[{"count":0,"href":"https:\/\/apts-consmetal.com\/en\/wp-json\/wp\/v2\/product\/28859\/revisions"}],"wp:featuredmedia":[{"embeddable":true,"href":"https:\/\/apts-consmetal.com\/en\/wp-json\/wp\/v2\/media\/28861"}],"wp:attachment":[{"href":"https:\/\/apts-consmetal.com\/en\/wp-json\/wp\/v2\/media?parent=28859"}],"wp:term":[{"taxonomy":"product_brand","embeddable":true,"href":"https:\/\/apts-consmetal.com\/en\/wp-json\/wp\/v2\/product_brand?post=28859"},{"taxonomy":"product_cat","embeddable":true,"href":"https:\/\/apts-consmetal.com\/en\/wp-json\/wp\/v2\/product_cat?post=28859"},{"taxonomy":"product_tag","embeddable":true,"href":"https:\/\/apts-consmetal.com\/en\/wp-json\/wp\/v2\/product_tag?post=28859"}],"curies":[{"name":"wp","href":"https:\/\/api.w.org\/{rel}","templated":true}]}}